{"id":16850,"date":"2024-07-10T22:59:33","date_gmt":"2024-07-10T22:59:33","guid":{"rendered":"https:\/\/para-pharmacity.tn\/?product=edp-femme-lady-gold"},"modified":"2024-07-25T15:38:19","modified_gmt":"2024-07-25T15:38:19","slug":"edp-femme-lady-gold","status":"publish","type":"product","link":"https:\/\/para-pharmacity.tn\/?product=edp-femme-lady-gold","title":{"rendered":"EDP FEMME LADY GOLD"},"content":{"rendered":"<p>Conseils d&rsquo;Application:<\/p>\n<p>1. Appliquez votre parfum sur une peau s\u00e8che et nettoy\u00e9e.<\/p>\n<div id=\"tab-panel-31153521-4e4b-4cb1-94be-83919660e860-0\" role=\"tabpanel\" aria-labelledby=\"tab-31153521-4e4b-4cb1-94be-83919660e860-0\">\n<div class=\"prose\">\n<p>2. Pour prolonger la dur\u00e9e de vie de votre parfum, vous pouvez appliquer une lotion corporelle non parfum\u00e9e sur votre peau, notamment sur les points de pulsation.<\/p>\n<p>3. Appliquez votre parfum sur chaque point de pulsation, sur le poignet, l&rsquo;int\u00e9rieur du coude et le cou, en tenant le flacon \u00e0 faible distance de la peau. Les parfums Geparlys sont sp\u00e9cifiquement cr\u00e9\u00e9s pour tenir sur une journ\u00e9e enti\u00e8re. Un \u00e0 deux spray par point de pulsation suffisent pour profiter pleinement de votre parfum pour la journ\u00e9e.<\/p>\n<p>4. Vous pouvez \u00e9galement vaporiser votre parfum sur vos v\u00eatements pour laisser un sillage parfum\u00e9 partout o\u00f9 vous allez.<\/p>\n<p>5. Profitez de Lady Gold\u00a0!<\/p>\n<\/div>\n<\/div>\n","protected":false},"excerpt":{"rendered":"<p>Conseils d&rsquo;Application: 1. Appliquez votre parfum sur une peau s\u00e8che et nettoy\u00e9e. 2. Pour prolonger la dur\u00e9e de vie de<\/p>\n","protected":false},"featured_media":23013,"comment_status":"open","ping_status":"closed","template":"","meta":[],"product_cat":[20],"product_tag":[],"class_list":{"0":"post-16850","1":"product","2":"type-product","3":"status-publish","4":"has-post-thumbnail","6":"product_cat-accessories","8":"first","9":"instock","10":"shipping-taxable","11":"product-type-simple"},"jetpack_sharing_enabled":true,"_links":{"self":[{"href":"https:\/\/para-pharmacity.tn\/index.php?rest_route=\/wp\/v2\/product\/16850","targetHints":{"allow":["GET"]}}],"collection":[{"href":"https:\/\/para-pharmacity.tn\/index.php?rest_route=\/wp\/v2\/product"}],"about":[{"href":"https:\/\/para-pharmacity.tn\/index.php?rest_route=\/wp\/v2\/types\/product"}],"replies":[{"embeddable":true,"href":"https:\/\/para-pharmacity.tn\/index.php?rest_route=%2Fwp%2Fv2%2Fcomments&post=16850"}],"version-history":[{"count":2,"href":"https:\/\/para-pharmacity.tn\/index.php?rest_route=\/wp\/v2\/product\/16850\/revisions"}],"predecessor-version":[{"id":23015,"href":"https:\/\/para-pharmacity.tn\/index.php?rest_route=\/wp\/v2\/product\/16850\/revisions\/23015"}],"wp:featuredmedia":[{"embeddable":true,"href":"https:\/\/para-pharmacity.tn\/index.php?rest_route=\/wp\/v2\/media\/23013"}],"wp:attachment":[{"href":"https:\/\/para-pharmacity.tn\/index.php?rest_route=%2Fwp%2Fv2%2Fmedia&parent=16850"}],"wp:term":[{"taxonomy":"product_cat","embeddable":true,"href":"https:\/\/para-pharmacity.tn\/index.php?rest_route=%2Fwp%2Fv2%2Fproduct_cat&post=16850"},{"taxonomy":"product_tag","embeddable":true,"href":"https:\/\/para-pharmacity.tn\/index.php?rest_route=%2Fwp%2Fv2%2Fproduct_tag&post=16850"}],"curies":[{"name":"wp","href":"https:\/\/api.w.org\/{rel}","templated":true}]}}