{"id":16849,"date":"2024-07-10T22:59:33","date_gmt":"2024-07-10T22:59:33","guid":{"rendered":"https:\/\/para-pharmacity.tn\/?product=edp-femme-jolie-reve-coffret"},"modified":"2024-07-25T15:34:39","modified_gmt":"2024-07-25T15:34:39","slug":"edp-femme-jolie-reve-coffret","status":"publish","type":"product","link":"https:\/\/para-pharmacity.tn\/?product=edp-femme-jolie-reve-coffret","title":{"rendered":"EDP FEMME JOLIE REVE COFFRET"},"content":{"rendered":"<p>&#8211;\u00a0Coffret joli r\u00eave : Eau de parfum femme 60 ml et d\u00e9odorant 150ml<\/p>\n<p>&#8211;\u00a0Ce parfum enchanteur s&rsquo;ouvre sur une envol\u00e9e de notes florales fruit\u00e9es jouant sur la fra\u00eecheur hesp\u00e9rid\u00e9 de la bergamote, du citron et de la mandarine, lov\u00e9e dans la chaleur suave des fleurs de gard\u00e9nia.<\/p>\n<p>&#8211;\u00a0Un parfum baroque au charme absolu pour une Princesse des temps modernes au c\u0153ur tendre.<\/p>\n","protected":false},"excerpt":{"rendered":"<p>&#8211;\u00a0Coffret joli r\u00eave : Eau de parfum femme 60 ml et d\u00e9odorant 150ml &#8211;\u00a0Ce parfum enchanteur s&rsquo;ouvre sur une envol\u00e9e<\/p>\n","protected":false},"featured_media":23008,"comment_status":"open","ping_status":"closed","template":"","meta":[],"product_cat":[20],"product_tag":[],"class_list":{"0":"post-16849","1":"product","2":"type-product","3":"status-publish","4":"has-post-thumbnail","6":"product_cat-accessories","8":"first","9":"instock","10":"shipping-taxable","11":"product-type-simple"},"jetpack_sharing_enabled":true,"_links":{"self":[{"href":"https:\/\/para-pharmacity.tn\/index.php?rest_route=\/wp\/v2\/product\/16849","targetHints":{"allow":["GET"]}}],"collection":[{"href":"https:\/\/para-pharmacity.tn\/index.php?rest_route=\/wp\/v2\/product"}],"about":[{"href":"https:\/\/para-pharmacity.tn\/index.php?rest_route=\/wp\/v2\/types\/product"}],"replies":[{"embeddable":true,"href":"https:\/\/para-pharmacity.tn\/index.php?rest_route=%2Fwp%2Fv2%2Fcomments&post=16849"}],"version-history":[{"count":2,"href":"https:\/\/para-pharmacity.tn\/index.php?rest_route=\/wp\/v2\/product\/16849\/revisions"}],"predecessor-version":[{"id":23011,"href":"https:\/\/para-pharmacity.tn\/index.php?rest_route=\/wp\/v2\/product\/16849\/revisions\/23011"}],"wp:featuredmedia":[{"embeddable":true,"href":"https:\/\/para-pharmacity.tn\/index.php?rest_route=\/wp\/v2\/media\/23008"}],"wp:attachment":[{"href":"https:\/\/para-pharmacity.tn\/index.php?rest_route=%2Fwp%2Fv2%2Fmedia&parent=16849"}],"wp:term":[{"taxonomy":"product_cat","embeddable":true,"href":"https:\/\/para-pharmacity.tn\/index.php?rest_route=%2Fwp%2Fv2%2Fproduct_cat&post=16849"},{"taxonomy":"product_tag","embeddable":true,"href":"https:\/\/para-pharmacity.tn\/index.php?rest_route=%2Fwp%2Fv2%2Fproduct_tag&post=16849"}],"curies":[{"name":"wp","href":"https:\/\/api.w.org\/{rel}","templated":true}]}}