{"id":16847,"date":"2024-07-10T22:59:32","date_gmt":"2024-07-10T22:59:32","guid":{"rendered":"https:\/\/para-pharmacity.tn\/?product=edp-femme-joli-reve-100-ml"},"modified":"2024-07-25T15:28:20","modified_gmt":"2024-07-25T15:28:20","slug":"edp-femme-joli-reve-100-ml","status":"publish","type":"product","link":"https:\/\/para-pharmacity.tn\/?product=edp-femme-joli-reve-100-ml","title":{"rendered":"EDP FEMME JOLI REVE 100 ML"},"content":{"rendered":"<p>4Florale &#8211; Floral Fruit\u00e9 .Eau de Parfum pour femme\u00a0 , 100ml .Ce parfum enchanteur s\u2019ouvre sur une envol\u00e9e de notes florales fruit\u00e9es jouant sur la fraicheur h\u00e9sp\u00e9rid\u00e9e de la Bergamote, du Citron et de la Mandarine, lov\u00e9e dans la chaleur suave des fleurs de Gard\u00e9nia.Il nous entraine en son coeur dans l\u2019univers merveilleux d\u2019un \u00e9clatant bouquet floral mariant l\u2019opulence des Fleurs de Jasmin et de Ch\u00e8vrefeuille au tendre Pivoine, rafraichies par les accents transparents et d\u00e9licieusement velout\u00e9s de la Poire et du Melon.Le fond se fait charmeur autour d\u2019un sillage enivrant, poudr\u00e9 de Muscs et de Violette vibrant sous la chaleur de l\u2019Ambre et des Bois Pr\u00e9cieux. Un parfum baroque au charme absolu pour une Princesse des temps modernes au coeur tendre.<\/p>\n","protected":false},"excerpt":{"rendered":"<p>4Florale &#8211; Floral Fruit\u00e9 .Eau de Parfum pour femme\u00a0 , 100ml .Ce parfum enchanteur s\u2019ouvre sur une envol\u00e9e de notes<\/p>\n","protected":false},"featured_media":22999,"comment_status":"open","ping_status":"closed","template":"","meta":[],"product_cat":[20],"product_tag":[],"class_list":{"0":"post-16847","1":"product","2":"type-product","3":"status-publish","4":"has-post-thumbnail","6":"product_cat-accessories","8":"first","9":"instock","10":"shipping-taxable","11":"product-type-simple"},"jetpack_sharing_enabled":true,"_links":{"self":[{"href":"https:\/\/para-pharmacity.tn\/index.php?rest_route=\/wp\/v2\/product\/16847","targetHints":{"allow":["GET"]}}],"collection":[{"href":"https:\/\/para-pharmacity.tn\/index.php?rest_route=\/wp\/v2\/product"}],"about":[{"href":"https:\/\/para-pharmacity.tn\/index.php?rest_route=\/wp\/v2\/types\/product"}],"replies":[{"embeddable":true,"href":"https:\/\/para-pharmacity.tn\/index.php?rest_route=%2Fwp%2Fv2%2Fcomments&post=16847"}],"version-history":[{"count":2,"href":"https:\/\/para-pharmacity.tn\/index.php?rest_route=\/wp\/v2\/product\/16847\/revisions"}],"predecessor-version":[{"id":23001,"href":"https:\/\/para-pharmacity.tn\/index.php?rest_route=\/wp\/v2\/product\/16847\/revisions\/23001"}],"wp:featuredmedia":[{"embeddable":true,"href":"https:\/\/para-pharmacity.tn\/index.php?rest_route=\/wp\/v2\/media\/22999"}],"wp:attachment":[{"href":"https:\/\/para-pharmacity.tn\/index.php?rest_route=%2Fwp%2Fv2%2Fmedia&parent=16847"}],"wp:term":[{"taxonomy":"product_cat","embeddable":true,"href":"https:\/\/para-pharmacity.tn\/index.php?rest_route=%2Fwp%2Fv2%2Fproduct_cat&post=16847"},{"taxonomy":"product_tag","embeddable":true,"href":"https:\/\/para-pharmacity.tn\/index.php?rest_route=%2Fwp%2Fv2%2Fproduct_tag&post=16847"}],"curies":[{"name":"wp","href":"https:\/\/api.w.org\/{rel}","templated":true}]}}