{"id":16846,"date":"2024-07-10T22:59:32","date_gmt":"2024-07-10T22:59:32","guid":{"rendered":"https:\/\/para-pharmacity.tn\/?product=edp-femme-incidence-blossom-100"},"modified":"2024-07-25T15:26:23","modified_gmt":"2024-07-25T15:26:23","slug":"edp-femme-incidence-blossom-100","status":"publish","type":"product","link":"https:\/\/para-pharmacity.tn\/?product=edp-femme-incidence-blossom-100","title":{"rendered":"EDP FEMME INCIDENCE BLOSSOM 100"},"content":{"rendered":"<p>FAMILLE FLORALE &#8211; Floral Fruit\u00e9<\/p>\n<p>Un parfum de s\u00e9duction plein de charme et de tendresse<\/p>\n<p>Ce d\u00e9licieux bouquet floral aux senteurs toniques et raffin\u00e9es s\u00e9duit par son d\u00e9part fruit\u00e9 et p\u00e9tillant o\u00f9 se marient la Mandarine, la Bergamote et la Poire.<\/p>\n<p>Il s\u2019\u00e9panouit ensuite sur un accord subtil de Rose, de Jasmin et d\u2019Iris ponctu\u00e9 de d\u00e9licates notes \u00e9pic\u00e9es r\u00e9v\u00e9lant dans son sillage un fond riche et chaleureux o\u00f9 s\u2019entrem\u00ealent le C\u00e8dre, l\u2019Ambre et les Muscs.<\/p>\n<p>Cette fragrance est la signature d\u2019une femme moderne, sensuelle et audacieuse.<\/p>\n","protected":false},"excerpt":{"rendered":"<p>FAMILLE FLORALE &#8211; Floral Fruit\u00e9 Un parfum de s\u00e9duction plein de charme et de tendresse Ce d\u00e9licieux bouquet floral aux<\/p>\n","protected":false},"featured_media":22994,"comment_status":"open","ping_status":"closed","template":"","meta":[],"product_cat":[20],"product_tag":[],"class_list":{"0":"post-16846","1":"product","2":"type-product","3":"status-publish","4":"has-post-thumbnail","6":"product_cat-accessories","8":"first","9":"instock","10":"shipping-taxable","11":"product-type-simple"},"jetpack_sharing_enabled":true,"_links":{"self":[{"href":"https:\/\/para-pharmacity.tn\/index.php?rest_route=\/wp\/v2\/product\/16846","targetHints":{"allow":["GET"]}}],"collection":[{"href":"https:\/\/para-pharmacity.tn\/index.php?rest_route=\/wp\/v2\/product"}],"about":[{"href":"https:\/\/para-pharmacity.tn\/index.php?rest_route=\/wp\/v2\/types\/product"}],"replies":[{"embeddable":true,"href":"https:\/\/para-pharmacity.tn\/index.php?rest_route=%2Fwp%2Fv2%2Fcomments&post=16846"}],"version-history":[{"count":1,"href":"https:\/\/para-pharmacity.tn\/index.php?rest_route=\/wp\/v2\/product\/16846\/revisions"}],"predecessor-version":[{"id":22995,"href":"https:\/\/para-pharmacity.tn\/index.php?rest_route=\/wp\/v2\/product\/16846\/revisions\/22995"}],"wp:featuredmedia":[{"embeddable":true,"href":"https:\/\/para-pharmacity.tn\/index.php?rest_route=\/wp\/v2\/media\/22994"}],"wp:attachment":[{"href":"https:\/\/para-pharmacity.tn\/index.php?rest_route=%2Fwp%2Fv2%2Fmedia&parent=16846"}],"wp:term":[{"taxonomy":"product_cat","embeddable":true,"href":"https:\/\/para-pharmacity.tn\/index.php?rest_route=%2Fwp%2Fv2%2Fproduct_cat&post=16846"},{"taxonomy":"product_tag","embeddable":true,"href":"https:\/\/para-pharmacity.tn\/index.php?rest_route=%2Fwp%2Fv2%2Fproduct_tag&post=16846"}],"curies":[{"name":"wp","href":"https:\/\/api.w.org\/{rel}","templated":true}]}}