{"id":16845,"date":"2024-07-10T22:59:32","date_gmt":"2024-07-10T22:59:32","guid":{"rendered":"https:\/\/para-pharmacity.tn\/?product=edp-femme-incidence-100-ml"},"modified":"2024-07-25T15:21:56","modified_gmt":"2024-07-25T15:21:56","slug":"edp-femme-incidence-100-ml","status":"publish","type":"product","link":"https:\/\/para-pharmacity.tn\/?product=edp-femme-incidence-100-ml","title":{"rendered":"EDP FEMME INCIDENCE 100 ML"},"content":{"rendered":"<p><b>Incidence<\/b>\u00a0de\u00a0<b>Yves de Sistelle<\/b>\u00a0est un parfum Floral fruit\u00e9 pour femme. Les notes de t\u00eate sont Poire, Bergamote et Mandarine; les notes de coeur sont Rose, Jasmin et Iris; les notes de fond sont C\u00e8dre, Musc et Ambre.<\/p>\n","protected":false},"excerpt":{"rendered":"<p>Incidence\u00a0de\u00a0Yves de Sistelle\u00a0est un parfum Floral fruit\u00e9 pour femme. Les notes de t\u00eate sont Poire, Bergamote et Mandarine; les notes<\/p>\n","protected":false},"featured_media":22991,"comment_status":"open","ping_status":"closed","template":"","meta":[],"product_cat":[20],"product_tag":[],"class_list":{"0":"post-16845","1":"product","2":"type-product","3":"status-publish","4":"has-post-thumbnail","6":"product_cat-accessories","8":"first","9":"instock","10":"shipping-taxable","11":"product-type-simple"},"jetpack_sharing_enabled":true,"_links":{"self":[{"href":"https:\/\/para-pharmacity.tn\/index.php?rest_route=\/wp\/v2\/product\/16845","targetHints":{"allow":["GET"]}}],"collection":[{"href":"https:\/\/para-pharmacity.tn\/index.php?rest_route=\/wp\/v2\/product"}],"about":[{"href":"https:\/\/para-pharmacity.tn\/index.php?rest_route=\/wp\/v2\/types\/product"}],"replies":[{"embeddable":true,"href":"https:\/\/para-pharmacity.tn\/index.php?rest_route=%2Fwp%2Fv2%2Fcomments&post=16845"}],"version-history":[{"count":2,"href":"https:\/\/para-pharmacity.tn\/index.php?rest_route=\/wp\/v2\/product\/16845\/revisions"}],"predecessor-version":[{"id":22993,"href":"https:\/\/para-pharmacity.tn\/index.php?rest_route=\/wp\/v2\/product\/16845\/revisions\/22993"}],"wp:featuredmedia":[{"embeddable":true,"href":"https:\/\/para-pharmacity.tn\/index.php?rest_route=\/wp\/v2\/media\/22991"}],"wp:attachment":[{"href":"https:\/\/para-pharmacity.tn\/index.php?rest_route=%2Fwp%2Fv2%2Fmedia&parent=16845"}],"wp:term":[{"taxonomy":"product_cat","embeddable":true,"href":"https:\/\/para-pharmacity.tn\/index.php?rest_route=%2Fwp%2Fv2%2Fproduct_cat&post=16845"},{"taxonomy":"product_tag","embeddable":true,"href":"https:\/\/para-pharmacity.tn\/index.php?rest_route=%2Fwp%2Fv2%2Fproduct_tag&post=16845"}],"curies":[{"name":"wp","href":"https:\/\/api.w.org\/{rel}","templated":true}]}}