{"id":16844,"date":"2024-07-10T22:59:32","date_gmt":"2024-07-10T22:59:32","guid":{"rendered":"https:\/\/para-pharmacity.tn\/?product=edp-femme-galice-gold-100ml"},"modified":"2024-07-25T15:19:15","modified_gmt":"2024-07-25T15:19:15","slug":"edp-femme-galice-gold-100ml","status":"publish","type":"product","link":"https:\/\/para-pharmacity.tn\/?product=edp-femme-galice-gold-100ml","title":{"rendered":"EDP FEMME GALICE GOLD 100ML"},"content":{"rendered":"<p>Galice Gold de Yves de Sistelle est un parfum Floral fruit\u00e9 pour femme. Les notes de t\u00eate sont Bergamote, Cassis et Framboise les notes de coeur sont Jasmin, Fleur d\u2019oranger et Muguet les notes de fond sont Vanille, Patchouli et Musc.Parfum irr\u00e9sistible au sillage d\u00e9licat et envo\u00fbtant .La fragrance s\u00e9duit par son d\u00e9part lumineux o\u00f9 les notes p\u00e9tillantes de Bergamote se m\u00ealent d\u00e9licatement \u00e0 la fra\u00eecheur juteuse et fruit\u00e9e du Cassis et de la Framboise.Le c\u0153ur sensuel et f\u00e9minin r\u00e9v\u00e8le un bouquet floral de Fleur d\u2019Oranger et de Muguet enrichi par le Jasmin pr\u00e9cieux.Cette senteur riche et d\u00e9licate m\u00eale avec \u00e9l\u00e9gance le Patchouli et les Muscs \u00e0 la facette gourmande et enivrante de la Vanille.Pyramide olfactive \u2013 Notes de t\u00eate : Bergamote, Cassis, Framboise- Notes de c\u0153ur : Fleur d\u2019Oranger, Muguet, Jasmin \u2013 Notes de fond : Patchouli, Muscs, Vanille<\/p>\n","protected":false},"excerpt":{"rendered":"<p>Galice Gold de Yves de Sistelle est un parfum Floral fruit\u00e9 pour femme. Les notes de t\u00eate sont Bergamote, Cassis<\/p>\n","protected":false},"featured_media":22989,"comment_status":"open","ping_status":"closed","template":"","meta":[],"product_cat":[20],"product_tag":[],"class_list":{"0":"post-16844","1":"product","2":"type-product","3":"status-publish","4":"has-post-thumbnail","6":"product_cat-accessories","8":"first","9":"instock","10":"shipping-taxable","11":"product-type-simple"},"jetpack_sharing_enabled":true,"_links":{"self":[{"href":"https:\/\/para-pharmacity.tn\/index.php?rest_route=\/wp\/v2\/product\/16844","targetHints":{"allow":["GET"]}}],"collection":[{"href":"https:\/\/para-pharmacity.tn\/index.php?rest_route=\/wp\/v2\/product"}],"about":[{"href":"https:\/\/para-pharmacity.tn\/index.php?rest_route=\/wp\/v2\/types\/product"}],"replies":[{"embeddable":true,"href":"https:\/\/para-pharmacity.tn\/index.php?rest_route=%2Fwp%2Fv2%2Fcomments&post=16844"}],"version-history":[{"count":2,"href":"https:\/\/para-pharmacity.tn\/index.php?rest_route=\/wp\/v2\/product\/16844\/revisions"}],"predecessor-version":[{"id":22990,"href":"https:\/\/para-pharmacity.tn\/index.php?rest_route=\/wp\/v2\/product\/16844\/revisions\/22990"}],"wp:featuredmedia":[{"embeddable":true,"href":"https:\/\/para-pharmacity.tn\/index.php?rest_route=\/wp\/v2\/media\/22989"}],"wp:attachment":[{"href":"https:\/\/para-pharmacity.tn\/index.php?rest_route=%2Fwp%2Fv2%2Fmedia&parent=16844"}],"wp:term":[{"taxonomy":"product_cat","embeddable":true,"href":"https:\/\/para-pharmacity.tn\/index.php?rest_route=%2Fwp%2Fv2%2Fproduct_cat&post=16844"},{"taxonomy":"product_tag","embeddable":true,"href":"https:\/\/para-pharmacity.tn\/index.php?rest_route=%2Fwp%2Fv2%2Fproduct_tag&post=16844"}],"curies":[{"name":"wp","href":"https:\/\/api.w.org\/{rel}","templated":true}]}}