{"id":16842,"date":"2024-07-10T22:59:31","date_gmt":"2024-07-10T22:59:31","guid":{"rendered":"https:\/\/para-pharmacity.tn\/?product=edp-femme-flower-blosson"},"modified":"2024-07-25T15:14:57","modified_gmt":"2024-07-25T15:14:57","slug":"edp-femme-flower-blosson","status":"publish","type":"product","link":"https:\/\/para-pharmacity.tn\/?product=edp-femme-flower-blosson","title":{"rendered":"EDP FEMME FLOWER BLOSSON"},"content":{"rendered":"<p>CARACT\u00c8RE OLFACTIF:<\/p>\n<p>Floral, vert, ambre<\/p>\n<p>NOTES DE T\u00caTE<br \/>\nCaf\u00e9, amande, fruits exotiques<\/p>\n<p>NOTES DE COEUR<br \/>\nTuberose, Sambac Jasmin, Fleur d\u2019oranger<\/p>\n<p>NOTES DE FOND<br \/>\nTonka, cacao, vanille, bois de santal<\/p>\n<p>Conseils d&rsquo;utilisation:<\/p>\n<p>. Assurez-vous d\u2019appliquer votre parfum sur une peau s\u00e8che et propre.<\/p>\n<p>2. Pour prolonger la dur\u00e9e de vie de votre parfum, vous pouvez appliquer une lotion corporelle non parfum\u00e9e sur votre peau, en particulier aux points d\u2019impulsion.<\/p>\n<p>3. Appliquer sur chaque point de pulsation, le poignet, l\u2019int\u00e9rieur du coude et le cou, en tenant la bouteille \u00e0 une courte distance de la peau.<br \/>\nLes parfums de Geparlys sont sp\u00e9cialement cr\u00e9\u00e9s pour durer au moins une journ\u00e9e enti\u00e8re. Un \u00e0 deux spritz par point d\u2019impulsion est suffisant pour profiter pleinement de votre parfum pour la journ\u00e9e.<\/p>\n<p>4. Vous pouvez \u00e9galement vaporiser votre parfum sur vos v\u00eatements pour laisser une trace parfum\u00e9e partout o\u00f9 vous allez.<\/p>\n<p>5. Profitez de la fleur en fleurs!<\/p>\n","protected":false},"excerpt":{"rendered":"<p>CARACT\u00c8RE OLFACTIF: Floral, vert, ambre NOTES DE T\u00caTE Caf\u00e9, amande, fruits exotiques NOTES DE COEUR Tuberose, Sambac Jasmin, Fleur d\u2019oranger<\/p>\n","protected":false},"featured_media":22983,"comment_status":"open","ping_status":"closed","template":"","meta":[],"product_cat":[20],"product_tag":[],"class_list":{"0":"post-16842","1":"product","2":"type-product","3":"status-publish","4":"has-post-thumbnail","6":"product_cat-accessories","8":"first","9":"instock","10":"shipping-taxable","11":"product-type-simple"},"jetpack_sharing_enabled":true,"_links":{"self":[{"href":"https:\/\/para-pharmacity.tn\/index.php?rest_route=\/wp\/v2\/product\/16842","targetHints":{"allow":["GET"]}}],"collection":[{"href":"https:\/\/para-pharmacity.tn\/index.php?rest_route=\/wp\/v2\/product"}],"about":[{"href":"https:\/\/para-pharmacity.tn\/index.php?rest_route=\/wp\/v2\/types\/product"}],"replies":[{"embeddable":true,"href":"https:\/\/para-pharmacity.tn\/index.php?rest_route=%2Fwp%2Fv2%2Fcomments&post=16842"}],"version-history":[{"count":2,"href":"https:\/\/para-pharmacity.tn\/index.php?rest_route=\/wp\/v2\/product\/16842\/revisions"}],"predecessor-version":[{"id":22986,"href":"https:\/\/para-pharmacity.tn\/index.php?rest_route=\/wp\/v2\/product\/16842\/revisions\/22986"}],"wp:featuredmedia":[{"embeddable":true,"href":"https:\/\/para-pharmacity.tn\/index.php?rest_route=\/wp\/v2\/media\/22983"}],"wp:attachment":[{"href":"https:\/\/para-pharmacity.tn\/index.php?rest_route=%2Fwp%2Fv2%2Fmedia&parent=16842"}],"wp:term":[{"taxonomy":"product_cat","embeddable":true,"href":"https:\/\/para-pharmacity.tn\/index.php?rest_route=%2Fwp%2Fv2%2Fproduct_cat&post=16842"},{"taxonomy":"product_tag","embeddable":true,"href":"https:\/\/para-pharmacity.tn\/index.php?rest_route=%2Fwp%2Fv2%2Fproduct_tag&post=16842"}],"curies":[{"name":"wp","href":"https:\/\/api.w.org\/{rel}","templated":true}]}}