{"id":16833,"date":"2024-07-10T22:59:29","date_gmt":"2024-07-10T22:59:29","guid":{"rendered":"https:\/\/para-pharmacity.tn\/?product=durex-play-heat"},"modified":"2024-07-25T14:33:21","modified_gmt":"2024-07-25T14:33:21","slug":"durex-play-heat","status":"publish","type":"product","link":"https:\/\/para-pharmacity.tn\/?product=durex-play-heat","title":{"rendered":"DUREX PLAY HEAT"},"content":{"rendered":"<p>Durex Gel lubrifiant Play HEAT 50ML<\/p>\n<p>Durex Gel lubrifiant Play HEAT est un lubrifiant \u00e0 base d\u2019eau qui cr\u00e9e un effet chaud excitant.<\/p>\n<p>Gel durex play\u00a0 rendra vos rapports sexuels encore plus torrides, tout en aidant \u00e0 pallier les probl\u00e8mes de s\u00e9cheresse vaginale et d\u2019inconfort, pour une exp\u00e9rience sexuelle douce et confortable.<\/p>\n<ul>\n<li>Lubrifiant \u00e0 base d\u2019eau<\/li>\n<li>Compatible avec les pr\u00e9servatif<\/li>\n<li>Lubrifiant chauffant pour une exp\u00e9rience torride<\/li>\n<li>Peut pallier les probl\u00e8mes de s\u00e9cheresse vaginale<\/li>\n<li>S\u2019\u00e9limine facilement quand vous avez termin\u00e9<\/li>\n<\/ul>\n<p><b><u>Composition :<\/u><\/b><\/p>\n<p>Ingr\u00e9dients : Glycerin, Aqua, Propylene Glycol, Hydroxyethylcellulose, Benzoic Acid, Sodium Saccharin, Sodium Hydroxide<\/p>\n<div><\/div>\n","protected":false},"excerpt":{"rendered":"<p>Durex Gel lubrifiant Play HEAT 50ML Durex Gel lubrifiant Play HEAT est un lubrifiant \u00e0 base d\u2019eau qui cr\u00e9e un<\/p>\n","protected":false},"featured_media":22968,"comment_status":"open","ping_status":"closed","template":"","meta":[],"product_cat":[20],"product_tag":[],"class_list":{"0":"post-16833","1":"product","2":"type-product","3":"status-publish","4":"has-post-thumbnail","6":"product_cat-accessories","8":"first","9":"instock","10":"shipping-taxable","11":"product-type-simple"},"jetpack_sharing_enabled":true,"_links":{"self":[{"href":"https:\/\/para-pharmacity.tn\/index.php?rest_route=\/wp\/v2\/product\/16833","targetHints":{"allow":["GET"]}}],"collection":[{"href":"https:\/\/para-pharmacity.tn\/index.php?rest_route=\/wp\/v2\/product"}],"about":[{"href":"https:\/\/para-pharmacity.tn\/index.php?rest_route=\/wp\/v2\/types\/product"}],"replies":[{"embeddable":true,"href":"https:\/\/para-pharmacity.tn\/index.php?rest_route=%2Fwp%2Fv2%2Fcomments&post=16833"}],"version-history":[{"count":2,"href":"https:\/\/para-pharmacity.tn\/index.php?rest_route=\/wp\/v2\/product\/16833\/revisions"}],"predecessor-version":[{"id":22969,"href":"https:\/\/para-pharmacity.tn\/index.php?rest_route=\/wp\/v2\/product\/16833\/revisions\/22969"}],"wp:featuredmedia":[{"embeddable":true,"href":"https:\/\/para-pharmacity.tn\/index.php?rest_route=\/wp\/v2\/media\/22968"}],"wp:attachment":[{"href":"https:\/\/para-pharmacity.tn\/index.php?rest_route=%2Fwp%2Fv2%2Fmedia&parent=16833"}],"wp:term":[{"taxonomy":"product_cat","embeddable":true,"href":"https:\/\/para-pharmacity.tn\/index.php?rest_route=%2Fwp%2Fv2%2Fproduct_cat&post=16833"},{"taxonomy":"product_tag","embeddable":true,"href":"https:\/\/para-pharmacity.tn\/index.php?rest_route=%2Fwp%2Fv2%2Fproduct_tag&post=16833"}],"curies":[{"name":"wp","href":"https:\/\/api.w.org\/{rel}","templated":true}]}}