{"id":16832,"date":"2024-07-10T22:59:28","date_gmt":"2024-07-10T22:59:28","guid":{"rendered":"https:\/\/para-pharmacity.tn\/?product=durex-play-feel"},"modified":"2024-07-25T12:59:47","modified_gmt":"2024-07-25T12:59:47","slug":"durex-play-feel","status":"publish","type":"product","link":"https:\/\/para-pharmacity.tn\/?product=durex-play-feel","title":{"rendered":"DUREX PLAY FEEL"},"content":{"rendered":"<p style=\"font-weight: 400\">Gel lisse et agr\u00e9able \u2013 Le lubrifiant Durex Feel est un lubrifiant l\u00e9ger et soyeux qui aide \u00e0 revigorer vos exp\u00e9riences sexuelles pendant les rapports sexuels ou les pr\u00e9liminaires et aide \u00e0 soulager l&rsquo;inconfort intime<\/p>\n<p style=\"font-weight: 400\">Non gras et taches \u2013 Lubrifiant soluble dans l&rsquo;eau pour un nettoyage facile<\/p>\n<p style=\"font-weight: 400\">Qualit\u00e9 Durex : synonyme de durabilit\u00e9, de fiabilit\u00e9 et d&rsquo;excellence, Durex d\u00e9passe les normes de qualit\u00e9 mondiale, vous donnant la confiance n\u00e9cessaire pour profiter d&rsquo;une exp\u00e9rience intens\u00e9ment sensuelle ; RB-M-01318<\/p>\n<p style=\"font-weight: 400\">Formule \u00e0 base d&rsquo;eau : ce qui la rend incroyablement lisse. Compatible avec la plupart des pr\u00e9servatifs Durex et convient pour les rapports vaginaux, anaux et oraux<\/p>\n","protected":false},"excerpt":{"rendered":"<p>Gel lisse et agr\u00e9able \u2013 Le lubrifiant Durex Feel est un lubrifiant l\u00e9ger et soyeux qui aide \u00e0 revigorer vos exp\u00e9riences sexuelles pendant les rapports sexuels ou les pr\u00e9liminaires et aide \u00e0 soulager l&rsquo;inconfort intime.<\/p>\n","protected":false},"featured_media":22961,"comment_status":"open","ping_status":"closed","template":"","meta":[],"product_cat":[20],"product_tag":[],"class_list":{"0":"post-16832","1":"product","2":"type-product","3":"status-publish","4":"has-post-thumbnail","6":"product_cat-accessories","8":"first","9":"instock","10":"shipping-taxable","11":"product-type-simple"},"jetpack_sharing_enabled":true,"_links":{"self":[{"href":"https:\/\/para-pharmacity.tn\/index.php?rest_route=\/wp\/v2\/product\/16832","targetHints":{"allow":["GET"]}}],"collection":[{"href":"https:\/\/para-pharmacity.tn\/index.php?rest_route=\/wp\/v2\/product"}],"about":[{"href":"https:\/\/para-pharmacity.tn\/index.php?rest_route=\/wp\/v2\/types\/product"}],"replies":[{"embeddable":true,"href":"https:\/\/para-pharmacity.tn\/index.php?rest_route=%2Fwp%2Fv2%2Fcomments&post=16832"}],"version-history":[{"count":1,"href":"https:\/\/para-pharmacity.tn\/index.php?rest_route=\/wp\/v2\/product\/16832\/revisions"}],"predecessor-version":[{"id":22962,"href":"https:\/\/para-pharmacity.tn\/index.php?rest_route=\/wp\/v2\/product\/16832\/revisions\/22962"}],"wp:featuredmedia":[{"embeddable":true,"href":"https:\/\/para-pharmacity.tn\/index.php?rest_route=\/wp\/v2\/media\/22961"}],"wp:attachment":[{"href":"https:\/\/para-pharmacity.tn\/index.php?rest_route=%2Fwp%2Fv2%2Fmedia&parent=16832"}],"wp:term":[{"taxonomy":"product_cat","embeddable":true,"href":"https:\/\/para-pharmacity.tn\/index.php?rest_route=%2Fwp%2Fv2%2Fproduct_cat&post=16832"},{"taxonomy":"product_tag","embeddable":true,"href":"https:\/\/para-pharmacity.tn\/index.php?rest_route=%2Fwp%2Fv2%2Fproduct_tag&post=16832"}],"curies":[{"name":"wp","href":"https:\/\/api.w.org\/{rel}","templated":true}]}}