{"id":16827,"date":"2024-07-10T22:59:25","date_gmt":"2024-07-10T22:59:25","guid":{"rendered":"https:\/\/para-pharmacity.tn\/?product=doremi-coffret-bebe-soins"},"modified":"2024-07-25T12:53:36","modified_gmt":"2024-07-25T12:53:36","slug":"doremi-coffret-bebe-soins","status":"publish","type":"product","link":"https:\/\/para-pharmacity.tn\/?product=doremi-coffret-bebe-soins","title":{"rendered":"DOREMI COFFRET BEBE SOINS"},"content":{"rendered":"<p>Ce pack contient : &#8211; Un gel lavant 500 ml:\u00a0 le gel nettoyant 2 en 1 est con\u00e7u pour nettoyer e douceur et en un seul geste le corps et les cheveux des nourissants , b\u00e9b\u00e9s et jeunes enfants gr\u00e2ce \u00e0 sa formule sans savon ni alcool .<\/p>\n","protected":false},"excerpt":{"rendered":"<p>Ce pack contient : &#8211; Un gel lavant 500 ml:\u00a0 le gel nettoyant 2 en 1 est con\u00e7u pour nettoyer<\/p>\n","protected":false},"featured_media":22955,"comment_status":"open","ping_status":"closed","template":"","meta":[],"product_cat":[20],"product_tag":[],"class_list":{"0":"post-16827","1":"product","2":"type-product","3":"status-publish","4":"has-post-thumbnail","6":"product_cat-accessories","8":"first","9":"instock","10":"shipping-taxable","11":"product-type-simple"},"jetpack_sharing_enabled":true,"_links":{"self":[{"href":"https:\/\/para-pharmacity.tn\/index.php?rest_route=\/wp\/v2\/product\/16827","targetHints":{"allow":["GET"]}}],"collection":[{"href":"https:\/\/para-pharmacity.tn\/index.php?rest_route=\/wp\/v2\/product"}],"about":[{"href":"https:\/\/para-pharmacity.tn\/index.php?rest_route=\/wp\/v2\/types\/product"}],"replies":[{"embeddable":true,"href":"https:\/\/para-pharmacity.tn\/index.php?rest_route=%2Fwp%2Fv2%2Fcomments&post=16827"}],"version-history":[{"count":1,"href":"https:\/\/para-pharmacity.tn\/index.php?rest_route=\/wp\/v2\/product\/16827\/revisions"}],"predecessor-version":[{"id":22956,"href":"https:\/\/para-pharmacity.tn\/index.php?rest_route=\/wp\/v2\/product\/16827\/revisions\/22956"}],"wp:featuredmedia":[{"embeddable":true,"href":"https:\/\/para-pharmacity.tn\/index.php?rest_route=\/wp\/v2\/media\/22955"}],"wp:attachment":[{"href":"https:\/\/para-pharmacity.tn\/index.php?rest_route=%2Fwp%2Fv2%2Fmedia&parent=16827"}],"wp:term":[{"taxonomy":"product_cat","embeddable":true,"href":"https:\/\/para-pharmacity.tn\/index.php?rest_route=%2Fwp%2Fv2%2Fproduct_cat&post=16827"},{"taxonomy":"product_tag","embeddable":true,"href":"https:\/\/para-pharmacity.tn\/index.php?rest_route=%2Fwp%2Fv2%2Fproduct_tag&post=16827"}],"curies":[{"name":"wp","href":"https:\/\/api.w.org\/{rel}","templated":true}]}}