{"id":16825,"date":"2024-07-10T22:59:25","date_gmt":"2024-07-10T22:59:25","guid":{"rendered":"https:\/\/para-pharmacity.tn\/?product=doigtier-a-2-doigts"},"modified":"2024-07-25T12:46:40","modified_gmt":"2024-07-25T12:46:40","slug":"doigtier-a-2-doigts","status":"publish","type":"product","link":"https:\/\/para-pharmacity.tn\/?product=doigtier-a-2-doigts","title":{"rendered":"DOIGTIER A 2 DOIGTS"},"content":{"rendered":"<h2>Doigtiers PE Legueu non st\u00e9riles 2 doigts &#8211; Sachet de 100<\/h2>\n<p>Le doigtier 2 doigts en poly\u00e9thyl\u00e8ne opaque est con\u00e7u pour\u00a0l\u2019exploration gyn\u00e9cologique.<\/p>\n<p>Ce consommable m\u00e9dical est non st\u00e9rile et \u00e0\u00a0usage unique. Il est utilis\u00e9 pour prot\u00e9ger l\u2019index et le majeur lors des examens gyn\u00e9cologiques. Le m\u00e9decin, le gyn\u00e9cologue, la sage-femme vont se servir du doigtier pour\u00a0:<\/p>\n<ul>\n<li>les touchers vaginaux\u00a0: examen durant lequel le gyn\u00e9cologue va introduire deux doigts dans le vagin afin de pouvoir ausculter par voie interne le vagin, le col de l\u2019ut\u00e9rus, l\u2019ut\u00e9rus et les ovaires.<\/li>\n<li>l\u2019obst\u00e9trique\u00a0: suivi et surveillance de la grossesse, des maladies pouvant se d\u00e9clarer durant cette p\u00e9riode\u00a0; prise en charge de l\u2019accouchement et des suites de couches.<\/li>\n<li>l\u2019accouchement\u00a0: afin d\u2019\u00e9valuer l\u2019\u00e9volution du travail en cours<\/li>\n<\/ul>\n<p>Il peut remplacer l\u2019usage des gants.<\/p>\n<p>Le doigtier deux doigts permet une<strong>\u00a0<\/strong>hygi\u00e8ne\u00a0irr\u00e9prochable. Il couvre l&rsquo;int\u00e9gralit\u00e9 de la main du m\u00e9decin et comporte des emplacements pour deux doigts (g\u00e9n\u00e9ralement l&rsquo;index et le majeur). Il permet de prot\u00e9ger de mani\u00e8re efficace le m\u00e9decin, le gyn\u00e9cologue, le proctologue, la sage-femme et son patient des contaminations crois\u00e9es lors de l&rsquo;examen de zones corporelles sensibles (toucher rectal, vaginal ou buccal &#8230;).<\/p>\n<p>Le doigtier de Legueu est fabriqu\u00e9 en poly\u00e9thyl\u00e8ne sans latex, et procure un grand confort tactile \u00e0 l\u2019utilisateur et lui conserve sa sensibilit\u00e9.<\/p>\n<p>Il existe en mod\u00e8le cliniquement propre par une exposition aux rayons gamma ou non st\u00e9rile.<\/p>\n<h3>Conseils d\u2019utilisation\u00a0:<\/h3>\n<ul>\n<li>1. Prendre un doigtier et enfiler l\u2019index et le majeur.<\/li>\n<li>2. Proc\u00e9der \u00e0 l\u2019examen.<\/li>\n<li>3. Apr\u00e8s l\u2019utilisation, enlever le doigtier en le retournant puis le jeter.<\/li>\n<\/ul>\n<h3>Caract\u00e9ristiques techniques du produit :<strong><br \/>\n<\/strong><\/h3>\n<ul>\n<li>Type Legeu<\/li>\n<li>Usage unique<\/li>\n<li>Taille unique<\/li>\n<li>Doigtiers en poly\u00e9thyl\u00e8ne sans latex<\/li>\n<li>Non st\u00e9riles<\/li>\n<li>Conditionnement : en sachet distributeur de 100 \/ Sous pochette individuelle 2 doigts<\/li>\n<li>Normes : NF EN 980 (2008) \/ ISO 10993-5 (2009) \/ ISO 10993-10 (2013)<\/li>\n<li>Dimensions : longueur\u00a0: 240 mm \u00b15 mm ; largeur\u00a0: 215mm \u00b1 5 mm<\/li>\n<li>Composition : Poly\u00e9thyl\u00e8ne blanc opaque &#8211; Sans latex<\/li>\n<li>Couleur : blanc<\/li>\n<\/ul>\n","protected":false},"excerpt":{"rendered":"<p>Sachet de 100 doigtiers PE LEGUEU non st\u00e9rile \u00e0 usage unique est con\u00e7u pour l&rsquo;exploration gyn\u00e9cologique. Ce produit peut remplacer l&rsquo;usage des gants.<\/p>\n","protected":false},"featured_media":22949,"comment_status":"open","ping_status":"closed","template":"","meta":[],"product_cat":[20],"product_tag":[],"class_list":{"0":"post-16825","1":"product","2":"type-product","3":"status-publish","4":"has-post-thumbnail","6":"product_cat-accessories","8":"first","9":"instock","10":"shipping-taxable","11":"product-type-simple"},"jetpack_sharing_enabled":true,"_links":{"self":[{"href":"https:\/\/para-pharmacity.tn\/index.php?rest_route=\/wp\/v2\/product\/16825","targetHints":{"allow":["GET"]}}],"collection":[{"href":"https:\/\/para-pharmacity.tn\/index.php?rest_route=\/wp\/v2\/product"}],"about":[{"href":"https:\/\/para-pharmacity.tn\/index.php?rest_route=\/wp\/v2\/types\/product"}],"replies":[{"embeddable":true,"href":"https:\/\/para-pharmacity.tn\/index.php?rest_route=%2Fwp%2Fv2%2Fcomments&post=16825"}],"version-history":[{"count":2,"href":"https:\/\/para-pharmacity.tn\/index.php?rest_route=\/wp\/v2\/product\/16825\/revisions"}],"predecessor-version":[{"id":22952,"href":"https:\/\/para-pharmacity.tn\/index.php?rest_route=\/wp\/v2\/product\/16825\/revisions\/22952"}],"wp:featuredmedia":[{"embeddable":true,"href":"https:\/\/para-pharmacity.tn\/index.php?rest_route=\/wp\/v2\/media\/22949"}],"wp:attachment":[{"href":"https:\/\/para-pharmacity.tn\/index.php?rest_route=%2Fwp%2Fv2%2Fmedia&parent=16825"}],"wp:term":[{"taxonomy":"product_cat","embeddable":true,"href":"https:\/\/para-pharmacity.tn\/index.php?rest_route=%2Fwp%2Fv2%2Fproduct_cat&post=16825"},{"taxonomy":"product_tag","embeddable":true,"href":"https:\/\/para-pharmacity.tn\/index.php?rest_route=%2Fwp%2Fv2%2Fproduct_tag&post=16825"}],"curies":[{"name":"wp","href":"https:\/\/api.w.org\/{rel}","templated":true}]}}