{"id":16822,"date":"2024-07-10T22:59:24","date_gmt":"2024-07-10T22:59:24","guid":{"rendered":"https:\/\/para-pharmacity.tn\/?product=destock-60-gellules"},"modified":"2024-07-25T12:37:39","modified_gmt":"2024-07-25T12:37:39","slug":"destock-60-gellules","status":"publish","type":"product","link":"https:\/\/para-pharmacity.tn\/?product=destock-60-gellules","title":{"rendered":"DESTOCK 60 GELLULES"},"content":{"rendered":"<p>Pour vous aider \u00e0 contr\u00f4ler votre poids, DESTOCK associe dans sa formulation les meilleurs ingr\u00e9dients. R\u00e9put\u00e9s pour leur capacit\u00e9 \u00e0 augmenter la d\u00e9pense \u00e9nerg\u00e9tique corporelle, le th\u00e9 vert et le guarana favorisent aussi la combustion et le d\u00e9stockage des graisses. Leurs propri\u00e9t\u00e9s drainantes et stimulantes contribuent aussi \u00e0 affiner la silhouette tout en gardant l\u2019organisme en bonne forme.<\/p>\n","protected":false},"excerpt":{"rendered":"<p>Br\u00fbleur de graisse Naturalya Destock 60 capsules &#8211; Favorise l\u2019\u00e9limination naturelle des graisses et des tissus adipeux &#8211; Permet d\u2019\u00e9viter les baisses de forme au cours des r\u00e9gimes gr\u00e2ce aux extraits de th\u00e9 vert et de guarana<\/p>\n","protected":false},"featured_media":22946,"comment_status":"open","ping_status":"closed","template":"","meta":[],"product_cat":[20],"product_tag":[],"class_list":{"0":"post-16822","1":"product","2":"type-product","3":"status-publish","4":"has-post-thumbnail","6":"product_cat-accessories","8":"first","9":"instock","10":"shipping-taxable","11":"product-type-simple"},"jetpack_sharing_enabled":true,"_links":{"self":[{"href":"https:\/\/para-pharmacity.tn\/index.php?rest_route=\/wp\/v2\/product\/16822","targetHints":{"allow":["GET"]}}],"collection":[{"href":"https:\/\/para-pharmacity.tn\/index.php?rest_route=\/wp\/v2\/product"}],"about":[{"href":"https:\/\/para-pharmacity.tn\/index.php?rest_route=\/wp\/v2\/types\/product"}],"replies":[{"embeddable":true,"href":"https:\/\/para-pharmacity.tn\/index.php?rest_route=%2Fwp%2Fv2%2Fcomments&post=16822"}],"version-history":[{"count":1,"href":"https:\/\/para-pharmacity.tn\/index.php?rest_route=\/wp\/v2\/product\/16822\/revisions"}],"predecessor-version":[{"id":22947,"href":"https:\/\/para-pharmacity.tn\/index.php?rest_route=\/wp\/v2\/product\/16822\/revisions\/22947"}],"wp:featuredmedia":[{"embeddable":true,"href":"https:\/\/para-pharmacity.tn\/index.php?rest_route=\/wp\/v2\/media\/22946"}],"wp:attachment":[{"href":"https:\/\/para-pharmacity.tn\/index.php?rest_route=%2Fwp%2Fv2%2Fmedia&parent=16822"}],"wp:term":[{"taxonomy":"product_cat","embeddable":true,"href":"https:\/\/para-pharmacity.tn\/index.php?rest_route=%2Fwp%2Fv2%2Fproduct_cat&post=16822"},{"taxonomy":"product_tag","embeddable":true,"href":"https:\/\/para-pharmacity.tn\/index.php?rest_route=%2Fwp%2Fv2%2Fproduct_tag&post=16822"}],"curies":[{"name":"wp","href":"https:\/\/api.w.org\/{rel}","templated":true}]}}