{"id":16820,"date":"2024-07-10T22:59:24","date_gmt":"2024-07-10T22:59:24","guid":{"rendered":"https:\/\/para-pharmacity.tn\/?product=dermoxen-vitexyl-pack-de-3-21-gratuit"},"modified":"2024-07-25T12:33:13","modified_gmt":"2024-07-25T12:33:13","slug":"dermoxen-vitexyl-pack-de-3-21-gratuit","status":"publish","type":"product","link":"https:\/\/para-pharmacity.tn\/?product=dermoxen-vitexyl-pack-de-3-21-gratuit","title":{"rendered":"DERMOXEN VITEXYL PACK DE 3 (2+1 GRATUIT)"},"content":{"rendered":"<ul class=\"a-unordered-list a-vertical a-spacing-mini\">\n<li class=\"a-spacing-mini\"><span class=\"a-list-item\">Dermoxen Vitexyl Gel Lubrifiant Intime Hydratant \u00e0 l&rsquo;Acide Hyaluronique, HYDRATANT ET LUBRIFIANT, gr\u00e2ce \u00e0 sa formulation hydratante et protectrice des muqueuses vaginales, procure un \u00e9tat de douceur, d&rsquo;\u00e9lasticit\u00e9 et d&rsquo;hydratation prolong\u00e9e, soulage les sensations d\u00e9sagr\u00e9ables de douleur et d&rsquo;inconfort, formant une barri\u00e8re protectrice contre les agents sensibilisants qui conduiraient \u00e0 une alt\u00e9ration du trophisme et \u00e0 une inflammation.<\/span><\/li>\n<li class=\"a-spacing-mini\"><span class=\"a-list-item\">Dermoxen Vitexyl Gel Lubrifiant Vaginal Hydratant \u00e0 l&rsquo;Acide Hyaluronique aide \u00e0 am\u00e9liorer le confort intime en formant un l\u00e9ger film protecteur sur la zone trait\u00e9e et en contribuant fortement \u00e0 une meilleure qualit\u00e9 de vie.<\/span><\/li>\n<li class=\"a-spacing-mini\"><span class=\"a-list-item\">Dermoxen Vitexyl Gel Lubrifiant Intime Hydratant \u00e0 l&rsquo;Acide Hyaluronique POUR LE BIEN-\u00caTRE DE LA FEMME. Sugg\u00e9r\u00e9 pour r\u00e9duire la sensation d&rsquo;inconfort. Id\u00e9al pendant la m\u00e9nopause. Ne tache pas et n&rsquo;est pas gras.<\/span><\/li>\n<li class=\"a-spacing-mini\"><span class=\"a-list-item\">FORMULE TEST\u00c9E : Sans parfum. Sans paraben. Test\u00e9 dermatologiquement in vivo et in vitro. Test\u00e9 pour 5 m\u00e9taux lourds (nickel, chrome, cobalt, mercure et palladium). Sans cruaut\u00e9. Sans huiles min\u00e9rales, sans paraffine, sans SILICONES, sans PARABENS, sans THAZOLINONES.<\/span><\/li>\n<li class=\"a-spacing-mini\"><span class=\"a-list-item\">Enrichi en extrait de gattilier, riche en substances hydratantes, apaisantes et nourrissantes, Dermoxen Vitexyl Lubricating Gel est une formulation douce aux propri\u00e9t\u00e9s hydratantes, \u00e9mollientes et protectrices.<\/span><\/li>\n<\/ul>\n","protected":false},"excerpt":{"rendered":"<pre id=\"title\" class=\"a-size-large a-spacing-none\"><span id=\"productTitle\" class=\"a-size-large product-title-word-break\">Dermoxen VITEXYL Gel Lubrifiant Intime Vaginal Hydratant \u00e0 l'Acide Hyaluronique. Id\u00e9al contre la S\u00e9cheresse et l'Atrophie de la M\u00e9nopause et de l'\u00c2ge Fertile. Sans Hormones ni Phytoestrog\u00e8nes. 20gr<\/span><\/pre>\n","protected":false},"featured_media":22941,"comment_status":"open","ping_status":"closed","template":"","meta":[],"product_cat":[20],"product_tag":[],"class_list":{"0":"post-16820","1":"product","2":"type-product","3":"status-publish","4":"has-post-thumbnail","6":"product_cat-accessories","8":"first","9":"instock","10":"shipping-taxable","11":"product-type-simple"},"jetpack_sharing_enabled":true,"_links":{"self":[{"href":"https:\/\/para-pharmacity.tn\/index.php?rest_route=\/wp\/v2\/product\/16820","targetHints":{"allow":["GET"]}}],"collection":[{"href":"https:\/\/para-pharmacity.tn\/index.php?rest_route=\/wp\/v2\/product"}],"about":[{"href":"https:\/\/para-pharmacity.tn\/index.php?rest_route=\/wp\/v2\/types\/product"}],"replies":[{"embeddable":true,"href":"https:\/\/para-pharmacity.tn\/index.php?rest_route=%2Fwp%2Fv2%2Fcomments&post=16820"}],"version-history":[{"count":2,"href":"https:\/\/para-pharmacity.tn\/index.php?rest_route=\/wp\/v2\/product\/16820\/revisions"}],"predecessor-version":[{"id":22944,"href":"https:\/\/para-pharmacity.tn\/index.php?rest_route=\/wp\/v2\/product\/16820\/revisions\/22944"}],"wp:featuredmedia":[{"embeddable":true,"href":"https:\/\/para-pharmacity.tn\/index.php?rest_route=\/wp\/v2\/media\/22941"}],"wp:attachment":[{"href":"https:\/\/para-pharmacity.tn\/index.php?rest_route=%2Fwp%2Fv2%2Fmedia&parent=16820"}],"wp:term":[{"taxonomy":"product_cat","embeddable":true,"href":"https:\/\/para-pharmacity.tn\/index.php?rest_route=%2Fwp%2Fv2%2Fproduct_cat&post=16820"},{"taxonomy":"product_tag","embeddable":true,"href":"https:\/\/para-pharmacity.tn\/index.php?rest_route=%2Fwp%2Fv2%2Fproduct_tag&post=16820"}],"curies":[{"name":"wp","href":"https:\/\/api.w.org\/{rel}","templated":true}]}}