{"id":16816,"date":"2024-07-10T22:59:23","date_gmt":"2024-07-10T22:59:23","guid":{"rendered":"https:\/\/para-pharmacity.tn\/?product=dermoxen-pack-proneem"},"modified":"2024-07-25T12:19:47","modified_gmt":"2024-07-25T12:19:47","slug":"dermoxen-pack-proneem","status":"publish","type":"product","link":"https:\/\/para-pharmacity.tn\/?product=dermoxen-pack-proneem","title":{"rendered":"DERMOXEN PACK PRONEEM"},"content":{"rendered":"<p>Gel de toilette pour l\u2019hygi\u00e8ne intime quotidienne, particuli\u00e8rement indiqu\u00e9 pendant les r\u00e8gles, la grossesse et la p\u00e9riode du post-partum<\/p>\n<p>+DEO INNTIME<\/p>\n","protected":false},"excerpt":{"rendered":"<p>Gel de toilette pour l\u2019hygi\u00e8ne intime quotidienne, particuli\u00e8rement indiqu\u00e9 pendant les r\u00e8gles, la grossesse et la p\u00e9riode du post-partum<\/p>\n","protected":false},"featured_media":22934,"comment_status":"open","ping_status":"closed","template":"","meta":[],"product_cat":[20],"product_tag":[],"class_list":{"0":"post-16816","1":"product","2":"type-product","3":"status-publish","4":"has-post-thumbnail","6":"product_cat-accessories","8":"first","9":"instock","10":"shipping-taxable","11":"product-type-simple"},"jetpack_sharing_enabled":true,"_links":{"self":[{"href":"https:\/\/para-pharmacity.tn\/index.php?rest_route=\/wp\/v2\/product\/16816","targetHints":{"allow":["GET"]}}],"collection":[{"href":"https:\/\/para-pharmacity.tn\/index.php?rest_route=\/wp\/v2\/product"}],"about":[{"href":"https:\/\/para-pharmacity.tn\/index.php?rest_route=\/wp\/v2\/types\/product"}],"replies":[{"embeddable":true,"href":"https:\/\/para-pharmacity.tn\/index.php?rest_route=%2Fwp%2Fv2%2Fcomments&post=16816"}],"version-history":[{"count":1,"href":"https:\/\/para-pharmacity.tn\/index.php?rest_route=\/wp\/v2\/product\/16816\/revisions"}],"predecessor-version":[{"id":22935,"href":"https:\/\/para-pharmacity.tn\/index.php?rest_route=\/wp\/v2\/product\/16816\/revisions\/22935"}],"wp:featuredmedia":[{"embeddable":true,"href":"https:\/\/para-pharmacity.tn\/index.php?rest_route=\/wp\/v2\/media\/22934"}],"wp:attachment":[{"href":"https:\/\/para-pharmacity.tn\/index.php?rest_route=%2Fwp%2Fv2%2Fmedia&parent=16816"}],"wp:term":[{"taxonomy":"product_cat","embeddable":true,"href":"https:\/\/para-pharmacity.tn\/index.php?rest_route=%2Fwp%2Fv2%2Fproduct_cat&post=16816"},{"taxonomy":"product_tag","embeddable":true,"href":"https:\/\/para-pharmacity.tn\/index.php?rest_route=%2Fwp%2Fv2%2Fproduct_tag&post=16816"}],"curies":[{"name":"wp","href":"https:\/\/api.w.org\/{rel}","templated":true}]}}