{"id":16812,"date":"2024-07-10T22:59:22","date_gmt":"2024-07-10T22:59:22","guid":{"rendered":"https:\/\/para-pharmacity.tn\/?product=dermoxen-gel-ultra-special-diabetiq"},"modified":"2024-07-25T12:07:16","modified_gmt":"2024-07-25T12:07:16","slug":"dermoxen-gel-ultra-special-diabetiq","status":"publish","type":"product","link":"https:\/\/para-pharmacity.tn\/?product=dermoxen-gel-ultra-special-diabetiq","title":{"rendered":"DERMOXEN GEL ULTRA SPECIAL DIABETIQ"},"content":{"rendered":"<p>C\u2019est le\u00a0premier gel de toilette intime con\u00e7u pour r\u00e9pondre aux exigences sp\u00e9cifiques des femmes diab\u00e9tiques, qui sont plus pr\u00e9dispos\u00e9es aux ph\u00e9nom\u00e8nes de s\u00e9cheresse, d\u00e9mangeaison, br\u00fblure et rougeurs des parties intimes. Gr\u00e2ce \u00e0 ses actifs d\u2019origine naturelle, il prot\u00e8ge l\u2019\u00e9quilibre de l\u2019\u00e9cosyst\u00e8me vaginal et cr\u00e9e une barri\u00e8re contre les irritations des muqueuses. Enrichi en acide hyaluronique,\u00a0il est recommand\u00e9 en cas de s\u00e9cheresse vaginale caus\u00e9e par le diab\u00e8te. Parfum sans allerg\u00e8nes.<\/p>\n<p><strong>Ingr\u00e9dients :<\/strong><\/p>\n<p>Acide hyaluronique: il est pr\u00e9sent naturellement dans l\u2019\u00e9pith\u00e9lium vaginal et dans plusieurs tissus du corps. Il est un hydratant naturel qui combat la s\u00e9cheresse vaginale, typique des femmes diab\u00e9tiques.<\/p>\n<p>Avenanthramide: avec une efficace et naturelle action l\u00e9nitive contre la d\u00e9mangeaison, la br\u00fblure et la rougeur.<\/p>\n<p><em>Fucus Vesiculosus<\/em>: une esp\u00e8ce d\u2019algue brune qui exerce une action hydratante et de protection contre les attaques bact\u00e9riennes<\/p>\n<p>Acide lactique: il est un composant important pour r\u00e9tablir le niveau physiologique d\u2019acidit\u00e9 de pH, qui promeut la croissance des lactobacilles.<\/p>\n","protected":false},"excerpt":{"rendered":"<p>C\u2019est le\u00a0premier gel de toilette intime con\u00e7u pour r\u00e9pondre aux exigences sp\u00e9cifiques des femmes diab\u00e9tiques, qui sont plus pr\u00e9dispos\u00e9es aux ph\u00e9nom\u00e8nes de s\u00e9cheresse, d\u00e9mangeaison, br\u00fblure et rougeurs des parties intimes.<\/p>\n","protected":false},"featured_media":22925,"comment_status":"open","ping_status":"closed","template":"","meta":[],"product_cat":[20],"product_tag":[],"class_list":{"0":"post-16812","1":"product","2":"type-product","3":"status-publish","4":"has-post-thumbnail","6":"product_cat-accessories","8":"first","9":"instock","10":"shipping-taxable","11":"product-type-simple"},"jetpack_sharing_enabled":true,"_links":{"self":[{"href":"https:\/\/para-pharmacity.tn\/index.php?rest_route=\/wp\/v2\/product\/16812","targetHints":{"allow":["GET"]}}],"collection":[{"href":"https:\/\/para-pharmacity.tn\/index.php?rest_route=\/wp\/v2\/product"}],"about":[{"href":"https:\/\/para-pharmacity.tn\/index.php?rest_route=\/wp\/v2\/types\/product"}],"replies":[{"embeddable":true,"href":"https:\/\/para-pharmacity.tn\/index.php?rest_route=%2Fwp%2Fv2%2Fcomments&post=16812"}],"version-history":[{"count":1,"href":"https:\/\/para-pharmacity.tn\/index.php?rest_route=\/wp\/v2\/product\/16812\/revisions"}],"predecessor-version":[{"id":22926,"href":"https:\/\/para-pharmacity.tn\/index.php?rest_route=\/wp\/v2\/product\/16812\/revisions\/22926"}],"wp:featuredmedia":[{"embeddable":true,"href":"https:\/\/para-pharmacity.tn\/index.php?rest_route=\/wp\/v2\/media\/22925"}],"wp:attachment":[{"href":"https:\/\/para-pharmacity.tn\/index.php?rest_route=%2Fwp%2Fv2%2Fmedia&parent=16812"}],"wp:term":[{"taxonomy":"product_cat","embeddable":true,"href":"https:\/\/para-pharmacity.tn\/index.php?rest_route=%2Fwp%2Fv2%2Fproduct_cat&post=16812"},{"taxonomy":"product_tag","embeddable":true,"href":"https:\/\/para-pharmacity.tn\/index.php?rest_route=%2Fwp%2Fv2%2Fproduct_tag&post=16812"}],"curies":[{"name":"wp","href":"https:\/\/api.w.org\/{rel}","templated":true}]}}