{"id":16811,"date":"2024-07-10T22:59:21","date_gmt":"2024-07-10T22:59:21","guid":{"rendered":"https:\/\/para-pharmacity.tn\/?product=dermoxen-gel-pediatrique-300-ml"},"modified":"2024-07-25T12:05:13","modified_gmt":"2024-07-25T12:05:13","slug":"dermoxen-gel-pediatrique-300-ml","status":"publish","type":"product","link":"https:\/\/para-pharmacity.tn\/?product=dermoxen-gel-pediatrique-300-ml","title":{"rendered":"DERMOXEN GEL PEDIATRIQUE 300 ML"},"content":{"rendered":"<p><main><\/p>\n<section class=\"mt-8\">\n<div class=\"container\">\n<div class=\"row\">\n<div class=\"col-md-6\">\n<div class=\"ps-lg-10 mt-6 mt-md-0\">\n<div>\n<div>\n<p>Gel lavant doux<br \/>\nCorps et cheveux<br \/>\nId\u00e9al pour la cro\u00fbte de lait<\/p>\n<p>AVEC:<br \/>\nAcide lactique : prot\u00e8ge l\u2019\u00e9quilibre d\u00e9licat de la peau<\/p>\n<p>Polysaccharides : \u00e0 l\u2019action ultra-nourrissante et \u00e9molliente<\/p>\n<p>Huile de Neem : \u00e0 l\u2019action hydratante et antimicrobienne<\/p>\n<\/div>\n<\/div>\n<\/div>\n<\/div>\n<\/div>\n<\/div>\n<\/section>\n<p><\/main><\/p>\n","protected":false},"excerpt":{"rendered":"<p>Gel lavant doux Corps et cheveux Id\u00e9al pour la cro\u00fbte de lait AVEC: Acide lactique : prot\u00e8ge l\u2019\u00e9quilibre d\u00e9licat de<\/p>\n","protected":false},"featured_media":22922,"comment_status":"open","ping_status":"closed","template":"","meta":[],"product_cat":[20],"product_tag":[],"class_list":{"0":"post-16811","1":"product","2":"type-product","3":"status-publish","4":"has-post-thumbnail","6":"product_cat-accessories","8":"first","9":"instock","10":"shipping-taxable","11":"product-type-simple"},"jetpack_sharing_enabled":true,"_links":{"self":[{"href":"https:\/\/para-pharmacity.tn\/index.php?rest_route=\/wp\/v2\/product\/16811","targetHints":{"allow":["GET"]}}],"collection":[{"href":"https:\/\/para-pharmacity.tn\/index.php?rest_route=\/wp\/v2\/product"}],"about":[{"href":"https:\/\/para-pharmacity.tn\/index.php?rest_route=\/wp\/v2\/types\/product"}],"replies":[{"embeddable":true,"href":"https:\/\/para-pharmacity.tn\/index.php?rest_route=%2Fwp%2Fv2%2Fcomments&post=16811"}],"version-history":[{"count":2,"href":"https:\/\/para-pharmacity.tn\/index.php?rest_route=\/wp\/v2\/product\/16811\/revisions"}],"predecessor-version":[{"id":22924,"href":"https:\/\/para-pharmacity.tn\/index.php?rest_route=\/wp\/v2\/product\/16811\/revisions\/22924"}],"wp:featuredmedia":[{"embeddable":true,"href":"https:\/\/para-pharmacity.tn\/index.php?rest_route=\/wp\/v2\/media\/22922"}],"wp:attachment":[{"href":"https:\/\/para-pharmacity.tn\/index.php?rest_route=%2Fwp%2Fv2%2Fmedia&parent=16811"}],"wp:term":[{"taxonomy":"product_cat","embeddable":true,"href":"https:\/\/para-pharmacity.tn\/index.php?rest_route=%2Fwp%2Fv2%2Fproduct_cat&post=16811"},{"taxonomy":"product_tag","embeddable":true,"href":"https:\/\/para-pharmacity.tn\/index.php?rest_route=%2Fwp%2Fv2%2Fproduct_tag&post=16811"}],"curies":[{"name":"wp","href":"https:\/\/api.w.org\/{rel}","templated":true}]}}