{"id":16809,"date":"2024-07-10T22:59:20","date_gmt":"2024-07-10T22:59:20","guid":{"rendered":"https:\/\/para-pharmacity.tn\/?product=dermoxen-gel-intime-hydr-lenitivo"},"modified":"2024-07-25T11:56:39","modified_gmt":"2024-07-25T11:56:39","slug":"dermoxen-gel-intime-hydr-lenitivo","status":"publish","type":"product","link":"https:\/\/para-pharmacity.tn\/?product=dermoxen-gel-intime-hydr-lenitivo","title":{"rendered":"DERMOXEN GEL INTIME HYDR LENITIVO"},"content":{"rendered":"<p>DERMOXEN gel de toilette intime LENITIVO prend soin des femmes, en exer\u00e7ant une action hydratante et l\u00e9nitive, en cas de\u00a0s\u00e9cheresse vulvovaginale, d\u00e9mangeaison et rougeurs d\u2019origine diff\u00e9rente, gr\u00e2ce \u00e0 son m\u00e9lange d\u2019extraits d\u2019origine v\u00e9g\u00e9tale.<\/p>\n<p>Parfum sans allerg\u00e8nes.<\/p>\n<p>Ingr\u00e9dients :<\/p>\n<p>Extrait de fleurs de Lotus :\u00a0riches en prot\u00e9ines et vitamine C, avec des propri\u00e9t\u00e9s hydratantes et purifiantes.<\/p>\n<p>Baobab et Saw Palmetto :\u00a0\u00e0 l\u2019action l\u00e9nitive.<\/p>\n<p>Jus d\u2019Alo\u00e8s Vera :\u00a0avec des propri\u00e9t\u00e9s protectrices, rafra\u00eechissantes et hydratantes.<\/p>\n<p>Fibres pr\u00e9biotiques :\u00a0soutiennent la prolif\u00e9ration normale des lactobacilles<\/p>\n","protected":false},"excerpt":{"rendered":"<p>DERMOXEN gel de toilette intime LENITIVO prend soin des femmes, en exer\u00e7ant une action hydratante et l\u00e9nitive, en cas de\u00a0s\u00e9cheresse vulvovaginale, d\u00e9mangeaison et rougeurs d\u2019origine diff\u00e9rente, gr\u00e2ce \u00e0 son m\u00e9lange d\u2019extraits d\u2019origine v\u00e9g\u00e9tale.<\/p>\n","protected":false},"featured_media":22917,"comment_status":"open","ping_status":"closed","template":"","meta":[],"product_cat":[20],"product_tag":[],"class_list":{"0":"post-16809","1":"product","2":"type-product","3":"status-publish","4":"has-post-thumbnail","6":"product_cat-accessories","8":"first","9":"instock","10":"shipping-taxable","11":"product-type-simple"},"jetpack_sharing_enabled":true,"_links":{"self":[{"href":"https:\/\/para-pharmacity.tn\/index.php?rest_route=\/wp\/v2\/product\/16809","targetHints":{"allow":["GET"]}}],"collection":[{"href":"https:\/\/para-pharmacity.tn\/index.php?rest_route=\/wp\/v2\/product"}],"about":[{"href":"https:\/\/para-pharmacity.tn\/index.php?rest_route=\/wp\/v2\/types\/product"}],"replies":[{"embeddable":true,"href":"https:\/\/para-pharmacity.tn\/index.php?rest_route=%2Fwp%2Fv2%2Fcomments&post=16809"}],"version-history":[{"count":1,"href":"https:\/\/para-pharmacity.tn\/index.php?rest_route=\/wp\/v2\/product\/16809\/revisions"}],"predecessor-version":[{"id":22918,"href":"https:\/\/para-pharmacity.tn\/index.php?rest_route=\/wp\/v2\/product\/16809\/revisions\/22918"}],"wp:featuredmedia":[{"embeddable":true,"href":"https:\/\/para-pharmacity.tn\/index.php?rest_route=\/wp\/v2\/media\/22917"}],"wp:attachment":[{"href":"https:\/\/para-pharmacity.tn\/index.php?rest_route=%2Fwp%2Fv2%2Fmedia&parent=16809"}],"wp:term":[{"taxonomy":"product_cat","embeddable":true,"href":"https:\/\/para-pharmacity.tn\/index.php?rest_route=%2Fwp%2Fv2%2Fproduct_cat&post=16809"},{"taxonomy":"product_tag","embeddable":true,"href":"https:\/\/para-pharmacity.tn\/index.php?rest_route=%2Fwp%2Fv2%2Fproduct_tag&post=16809"}],"curies":[{"name":"wp","href":"https:\/\/api.w.org\/{rel}","templated":true}]}}