{"id":16808,"date":"2024-07-10T22:59:20","date_gmt":"2024-07-10T22:59:20","guid":{"rendered":"https:\/\/para-pharmacity.tn\/?product=dermoxen-gel-intime-homme-4-men"},"modified":"2024-07-25T11:54:52","modified_gmt":"2024-07-25T11:54:52","slug":"dermoxen-gel-intime-homme-4-men","status":"publish","type":"product","link":"https:\/\/para-pharmacity.tn\/?product=dermoxen-gel-intime-homme-4-men","title":{"rendered":"DERMOXEN GEL INTIME HOMME 4 MEN"},"content":{"rendered":"<p style=\"font-weight: 400\"><b><strong>Gel de toilette intime pour homme &#8211; Demoxen 4 Men &#8211; 125ml<\/strong><\/b><\/p>\n<p style=\"font-weight: 400\">Protection et fra\u00eecheur quotidienne<\/p>\n<p style=\"font-weight: 400\">DermoXEN 4 MEN est le nouveau gel de toilette con\u00e7u pour l\u2019hygi\u00e8ne intime quotidienne de l\u2019homme. Il est sp\u00e9cialement indiqu\u00e9 pour ceux qui fr\u00e9quentent les salles de sports, les piscines et autres lieux \u00e0 risque. Gr\u00e2ce \u00e0 son action nettoyante, il prot\u00e8ge contre les attaques bact\u00e9riennes, aide \u00e0 pr\u00e9venir les mauvaises odeurs intimes et exerce une action rafra\u00eechissante d\u00e9licate et prolong\u00e9e.<\/p>\n<p style=\"font-weight: 400\">Parfum sans allerg\u00e8nes.<\/p>\n<p style=\"font-weight: 400\">EFFICACIT\u00c9 ANTI-ODEUR test\u00e9 in vivo.<\/p>\n<p style=\"font-weight: 400\">Recommand\u00e9 : pour l\u2019hygi\u00e8ne intime quotidienne des hommes.<\/p>\n<p style=\"font-weight: 400\">Id\u00e9al en situations \u00e0 risque, comme l\u2019activit\u00e9 sportive intense et le travail en dehors de la maison.<\/p>\n<p style=\"font-weight: 400\">Il est recommand\u00e9 au cours de th\u00e9rapies pharmacologique<\/p>\n<p style=\"font-weight: 400\"><b><strong>Ingr\u00e9dients:<\/strong><\/b><\/p>\n<p style=\"font-weight: 400\">Tribulus terrestris: une plante connue depuis l\u2019antiquit\u00e9 pour ses nombreux effets b\u00e9n\u00e9fiques sur la sant\u00e9 humaine. Il lutte contre la prolif\u00e9ration des bact\u00e9ries de fa\u00e7on naturelle et s\u00fbre.<\/p>\n<p style=\"font-weight: 400\">D\u00e9riv\u00e9 biotechnologique du menthol: donne une action rafra\u00eechissante d\u00e9licate et prolong\u00e9e.<\/p>\n<p style=\"font-weight: 400\">Fibres pr\u00e9biotiques: favorisent l\u2019\u00e9quilibre intime naturel, en luttant contre la formation des mauvaises odeurs.<\/p>\n<p style=\"font-weight: 400\"><b><strong>Conseils d&rsquo;utilisation:<\/strong><\/b><\/p>\n<p style=\"font-weight: 400\">Appliquer une petite quantit\u00e9 de produit sur la peau mouill\u00e9e (appuyer \u00e0 deux reprises sur le doseur) et masser d\u00e9licatement. Rincer \u00e0 l&rsquo;eau claire et s\u2019essuyer soigneusement.<\/p>\n","protected":false},"excerpt":{"rendered":"<p>DermoXEN 4 MEN est le nouveau gel de toilette con\u00e7u pour l\u2019hygi\u00e8ne intime quotidienne de l\u2019homme. Il est sp\u00e9cialement indiqu\u00e9 pour ceux qui fr\u00e9quentent les salles de sports, les piscines et autres lieux \u00e0 risque. Gr\u00e2ce \u00e0 son action nettoyante, il prot\u00e8ge contre les attaques bact\u00e9riennes, aide \u00e0 pr\u00e9venir les mauvaises odeurs intimes et exerce une action rafra\u00eechissante d\u00e9licate et prolong\u00e9e.<\/p>\n","protected":false},"featured_media":22914,"comment_status":"open","ping_status":"closed","template":"","meta":[],"product_cat":[20],"product_tag":[],"class_list":{"0":"post-16808","1":"product","2":"type-product","3":"status-publish","4":"has-post-thumbnail","6":"product_cat-accessories","8":"first","9":"instock","10":"shipping-taxable","11":"product-type-simple"},"jetpack_sharing_enabled":true,"_links":{"self":[{"href":"https:\/\/para-pharmacity.tn\/index.php?rest_route=\/wp\/v2\/product\/16808","targetHints":{"allow":["GET"]}}],"collection":[{"href":"https:\/\/para-pharmacity.tn\/index.php?rest_route=\/wp\/v2\/product"}],"about":[{"href":"https:\/\/para-pharmacity.tn\/index.php?rest_route=\/wp\/v2\/types\/product"}],"replies":[{"embeddable":true,"href":"https:\/\/para-pharmacity.tn\/index.php?rest_route=%2Fwp%2Fv2%2Fcomments&post=16808"}],"version-history":[{"count":2,"href":"https:\/\/para-pharmacity.tn\/index.php?rest_route=\/wp\/v2\/product\/16808\/revisions"}],"predecessor-version":[{"id":22916,"href":"https:\/\/para-pharmacity.tn\/index.php?rest_route=\/wp\/v2\/product\/16808\/revisions\/22916"}],"wp:featuredmedia":[{"embeddable":true,"href":"https:\/\/para-pharmacity.tn\/index.php?rest_route=\/wp\/v2\/media\/22914"}],"wp:attachment":[{"href":"https:\/\/para-pharmacity.tn\/index.php?rest_route=%2Fwp%2Fv2%2Fmedia&parent=16808"}],"wp:term":[{"taxonomy":"product_cat","embeddable":true,"href":"https:\/\/para-pharmacity.tn\/index.php?rest_route=%2Fwp%2Fv2%2Fproduct_cat&post=16808"},{"taxonomy":"product_tag","embeddable":true,"href":"https:\/\/para-pharmacity.tn\/index.php?rest_route=%2Fwp%2Fv2%2Fproduct_tag&post=16808"}],"curies":[{"name":"wp","href":"https:\/\/api.w.org\/{rel}","templated":true}]}}