{"id":16807,"date":"2024-07-10T22:59:20","date_gmt":"2024-07-10T22:59:20","guid":{"rendered":"https:\/\/para-pharmacity.tn\/?product=dermoxen-gel-intime-filles-4girls"},"modified":"2024-07-25T11:53:02","modified_gmt":"2024-07-25T11:53:02","slug":"dermoxen-gel-intime-filles-4girls","status":"publish","type":"product","link":"https:\/\/para-pharmacity.tn\/?product=dermoxen-gel-intime-filles-4girls","title":{"rendered":"DERMOXEN GEL INTIME FILLES 4GIRLS"},"content":{"rendered":"<p>DERMOXEN gel de toilette intime 4 GIRLS, sp\u00e9cialement con\u00e7u pour\u00a0l\u2019hygi\u00e8ne intime quotidienne des jeunes filles\u00a0en \u00e2ge pr\u00e9-pub\u00e8re,\u00a0exerce une d\u00e9licate action nettoyante, protectrice et \u00e9molliente, gr\u00e2ce \u00e0 la pr\u00e9sence de l\u2019huile de Neem, de l\u2019extrait de propolis et des fibres pr\u00e9biotiques.<\/p>\n<p><strong>Ingr\u00e9dients :<\/strong><\/p>\n<ul>\n<li>Extraits de propolis et huile de Neem:\u00a0aident \u00e0 cr\u00e9er un environnement hostile \u00e0 l\u2019attaque de micro-organismes pathog\u00e8nes, en donnant soulagement et hydratation.<\/li>\n<li>Fibres pr\u00e9biotiques:\u00a0prot\u00e8gent le d\u00e9licat \u00e9cosyst\u00e8me vaginal des jeunes filles.<\/li>\n<\/ul>\n","protected":false},"excerpt":{"rendered":"<p>DERMOXEN gel de toilette intime 4 GIRLS, sp\u00e9cialement con\u00e7u pour\u00a0l\u2019hygi\u00e8ne intime quotidienne des jeunes filles\u00a0en \u00e2ge pr\u00e9-pub\u00e8re,\u00a0exerce une d\u00e9licate action nettoyante, protectrice et \u00e9molliente, gr\u00e2ce \u00e0 la pr\u00e9sence de l\u2019huile de Neem, de l\u2019extrait de propolis et des fibres pr\u00e9biotiques.<\/p>\n","protected":false},"featured_media":22911,"comment_status":"open","ping_status":"closed","template":"","meta":[],"product_cat":[20],"product_tag":[],"class_list":{"0":"post-16807","1":"product","2":"type-product","3":"status-publish","4":"has-post-thumbnail","6":"product_cat-accessories","8":"first","9":"instock","10":"shipping-taxable","11":"product-type-simple"},"jetpack_sharing_enabled":true,"_links":{"self":[{"href":"https:\/\/para-pharmacity.tn\/index.php?rest_route=\/wp\/v2\/product\/16807","targetHints":{"allow":["GET"]}}],"collection":[{"href":"https:\/\/para-pharmacity.tn\/index.php?rest_route=\/wp\/v2\/product"}],"about":[{"href":"https:\/\/para-pharmacity.tn\/index.php?rest_route=\/wp\/v2\/types\/product"}],"replies":[{"embeddable":true,"href":"https:\/\/para-pharmacity.tn\/index.php?rest_route=%2Fwp%2Fv2%2Fcomments&post=16807"}],"version-history":[{"count":2,"href":"https:\/\/para-pharmacity.tn\/index.php?rest_route=\/wp\/v2\/product\/16807\/revisions"}],"predecessor-version":[{"id":22913,"href":"https:\/\/para-pharmacity.tn\/index.php?rest_route=\/wp\/v2\/product\/16807\/revisions\/22913"}],"wp:featuredmedia":[{"embeddable":true,"href":"https:\/\/para-pharmacity.tn\/index.php?rest_route=\/wp\/v2\/media\/22911"}],"wp:attachment":[{"href":"https:\/\/para-pharmacity.tn\/index.php?rest_route=%2Fwp%2Fv2%2Fmedia&parent=16807"}],"wp:term":[{"taxonomy":"product_cat","embeddable":true,"href":"https:\/\/para-pharmacity.tn\/index.php?rest_route=%2Fwp%2Fv2%2Fproduct_cat&post=16807"},{"taxonomy":"product_tag","embeddable":true,"href":"https:\/\/para-pharmacity.tn\/index.php?rest_route=%2Fwp%2Fv2%2Fproduct_tag&post=16807"}],"curies":[{"name":"wp","href":"https:\/\/api.w.org\/{rel}","templated":true}]}}