{"id":16806,"date":"2024-07-10T22:59:19","date_gmt":"2024-07-10T22:59:19","guid":{"rendered":"https:\/\/para-pharmacity.tn\/?product=dermoxen-gel-intime-anti-odeur-fres"},"modified":"2024-07-25T11:50:36","modified_gmt":"2024-07-25T11:50:36","slug":"dermoxen-gel-intime-anti-odeur-fres","status":"publish","type":"product","link":"https:\/\/para-pharmacity.tn\/?product=dermoxen-gel-intime-anti-odeur-fres","title":{"rendered":"DERMOXEN GEL INTIME ANTI ODEUR FRES"},"content":{"rendered":"<p>C\u2019est le gel de toilette intime con\u00e7u pour\u00a0lutter de mani\u00e8re naturelle et sp\u00e9cifique contre les mauvaises odeurs intimes, qui sont souvent un sympt\u00f4me de disconfort et d\u2019infections vaginales (Candida Albicans, Gardnerella vaginalis). Enrichi en\u00a0fibres pr\u00e9biotiques, il aide \u00e0\u00a0pr\u00e9server l\u2019acidit\u00e9 physiologique des muqueuses intimes externes.<\/p>\n<p>Parfum sans allerg\u00e8nes.<\/p>\n<p>EFFICACIT\u00c9\u00a0ANTI-ODEUR d\u00e9montr\u00e9e par test chez 40 femmes pour une semaine.<\/p>\n<p><strong>Ingr\u00e9dients<\/strong>\u00a0:<\/p>\n<p>Huile essentielle de Citron: efficace contre les bact\u00e9ries responsables de la mauvaise odeur.<\/p>\n<p>Huile essentielle de M\u00e9lisse: qui exerce une profonde action rafra\u00eechissante et d\u00e9odorante.<\/p>\n<p>Fibres pr\u00e9biotiques: soutiennent la prolif\u00e9ration normale des lactobacilles<\/p>\n","protected":false},"excerpt":{"rendered":"<p>C\u2019est le gel de toilette intime con\u00e7u pour\u00a0lutter de mani\u00e8re naturelle et sp\u00e9cifique contre les mauvaises odeurs intimes, qui sont souvent un sympt\u00f4me de disconfort et d\u2019infections vaginales.<\/p>\n","protected":false},"featured_media":22909,"comment_status":"open","ping_status":"closed","template":"","meta":[],"product_cat":[20],"product_tag":[],"class_list":{"0":"post-16806","1":"product","2":"type-product","3":"status-publish","4":"has-post-thumbnail","6":"product_cat-accessories","8":"first","9":"instock","10":"shipping-taxable","11":"product-type-simple"},"jetpack_sharing_enabled":true,"_links":{"self":[{"href":"https:\/\/para-pharmacity.tn\/index.php?rest_route=\/wp\/v2\/product\/16806","targetHints":{"allow":["GET"]}}],"collection":[{"href":"https:\/\/para-pharmacity.tn\/index.php?rest_route=\/wp\/v2\/product"}],"about":[{"href":"https:\/\/para-pharmacity.tn\/index.php?rest_route=\/wp\/v2\/types\/product"}],"replies":[{"embeddable":true,"href":"https:\/\/para-pharmacity.tn\/index.php?rest_route=%2Fwp%2Fv2%2Fcomments&post=16806"}],"version-history":[{"count":2,"href":"https:\/\/para-pharmacity.tn\/index.php?rest_route=\/wp\/v2\/product\/16806\/revisions"}],"predecessor-version":[{"id":22910,"href":"https:\/\/para-pharmacity.tn\/index.php?rest_route=\/wp\/v2\/product\/16806\/revisions\/22910"}],"wp:featuredmedia":[{"embeddable":true,"href":"https:\/\/para-pharmacity.tn\/index.php?rest_route=\/wp\/v2\/media\/22909"}],"wp:attachment":[{"href":"https:\/\/para-pharmacity.tn\/index.php?rest_route=%2Fwp%2Fv2%2Fmedia&parent=16806"}],"wp:term":[{"taxonomy":"product_cat","embeddable":true,"href":"https:\/\/para-pharmacity.tn\/index.php?rest_route=%2Fwp%2Fv2%2Fproduct_cat&post=16806"},{"taxonomy":"product_tag","embeddable":true,"href":"https:\/\/para-pharmacity.tn\/index.php?rest_route=%2Fwp%2Fv2%2Fproduct_tag&post=16806"}],"curies":[{"name":"wp","href":"https:\/\/api.w.org\/{rel}","templated":true}]}}