{"id":16805,"date":"2024-07-10T22:59:19","date_gmt":"2024-07-10T22:59:19","guid":{"rendered":"https:\/\/para-pharmacity.tn\/?product=dermoxen-gel-anti-bacter-proneem"},"modified":"2024-07-25T11:48:13","modified_gmt":"2024-07-25T11:48:13","slug":"dermoxen-gel-anti-bacter-proneem","status":"publish","type":"product","link":"https:\/\/para-pharmacity.tn\/?product=dermoxen-gel-anti-bacter-proneem","title":{"rendered":"DERMOXEN GEL ANTI BACTER PRONEEM"},"content":{"rendered":"<p>DermoXEN PRONEEM\u00a0est le gel de toilette pour l\u2019hygi\u00e8ne intime quotidienne, particuli\u00e8rement indiqu\u00e9 pendant les\u00a0r\u00e8gles,\u00a0la\u00a0grossesse et la p\u00e9riode du post-partum.\u00a0Sa formule avec l\u2019actif antibact\u00e9rien\u00a0aide \u00e0 pr\u00e9venir et lutter contre la prolif\u00e9ration des bact\u00e9ries.<\/p>\n<p>Ingr\u00e9dients :<\/p>\n<ul>\n<li><em>Tribulus Terrestris:<\/em>\u00a0une plante connue depuis l\u2019antiquit\u00e9 pour plusieurs effets b\u00e9n\u00e9fiques sur la sant\u00e9 humaine. Il est un actif antimicrobien naturel, qui lutte contre la prolif\u00e9ration des bact\u00e9ries, de fa\u00e7on naturelle et s\u00fbre.<\/li>\n<li>Huile de Neem:\u00a0avec des propri\u00e9t\u00e9s hydratantes et \u00e9mollientes.<\/li>\n<li>Extrait de propolis:\u00a0avec des propri\u00e9t\u00e9s antimicrobiennes, l\u00e9nitives et hydratantes.<\/li>\n<\/ul>\n","protected":false},"excerpt":{"rendered":"<p>DermoXEN PRONEEM\u00a0est le gel de toilette pour l\u2019hygi\u00e8ne intime quotidienne, particuli\u00e8rement indiqu\u00e9 pendant les\u00a0r\u00e8gles,\u00a0la\u00a0grossesse et la p\u00e9riode du post-partum.\u00a0Sa formule avec l\u2019actif antibact\u00e9rien\u00a0aide \u00e0 pr\u00e9venir et lutter contre la prolif\u00e9ration des bact\u00e9ries.<\/p>\n","protected":false},"featured_media":22906,"comment_status":"open","ping_status":"closed","template":"","meta":[],"product_cat":[20],"product_tag":[],"class_list":{"0":"post-16805","1":"product","2":"type-product","3":"status-publish","4":"has-post-thumbnail","6":"product_cat-accessories","8":"first","9":"instock","10":"shipping-taxable","11":"product-type-simple"},"jetpack_sharing_enabled":true,"_links":{"self":[{"href":"https:\/\/para-pharmacity.tn\/index.php?rest_route=\/wp\/v2\/product\/16805","targetHints":{"allow":["GET"]}}],"collection":[{"href":"https:\/\/para-pharmacity.tn\/index.php?rest_route=\/wp\/v2\/product"}],"about":[{"href":"https:\/\/para-pharmacity.tn\/index.php?rest_route=\/wp\/v2\/types\/product"}],"replies":[{"embeddable":true,"href":"https:\/\/para-pharmacity.tn\/index.php?rest_route=%2Fwp%2Fv2%2Fcomments&post=16805"}],"version-history":[{"count":1,"href":"https:\/\/para-pharmacity.tn\/index.php?rest_route=\/wp\/v2\/product\/16805\/revisions"}],"predecessor-version":[{"id":22907,"href":"https:\/\/para-pharmacity.tn\/index.php?rest_route=\/wp\/v2\/product\/16805\/revisions\/22907"}],"wp:featuredmedia":[{"embeddable":true,"href":"https:\/\/para-pharmacity.tn\/index.php?rest_route=\/wp\/v2\/media\/22906"}],"wp:attachment":[{"href":"https:\/\/para-pharmacity.tn\/index.php?rest_route=%2Fwp%2Fv2%2Fmedia&parent=16805"}],"wp:term":[{"taxonomy":"product_cat","embeddable":true,"href":"https:\/\/para-pharmacity.tn\/index.php?rest_route=%2Fwp%2Fv2%2Fproduct_cat&post=16805"},{"taxonomy":"product_tag","embeddable":true,"href":"https:\/\/para-pharmacity.tn\/index.php?rest_route=%2Fwp%2Fv2%2Fproduct_tag&post=16805"}],"curies":[{"name":"wp","href":"https:\/\/api.w.org\/{rel}","templated":true}]}}