{"id":16804,"date":"2024-07-10T22:59:19","date_gmt":"2024-07-10T22:59:19","guid":{"rendered":"https:\/\/para-pharmacity.tn\/?product=dermoxen-florexil-140-ml"},"modified":"2024-07-25T11:45:14","modified_gmt":"2024-07-25T11:45:14","slug":"dermoxen-florexil-140-ml","status":"publish","type":"product","link":"https:\/\/para-pharmacity.tn\/?product=dermoxen-florexil-140-ml","title":{"rendered":"DERMOXEN FLOREXIL 140 ML"},"content":{"rendered":"<p>DermoXEN FLOREXIL\u00a0douche vaginale\u00a0est un dispositif\u00a0aux extraits naturels, sp\u00e9cifique pour l\u2019hygi\u00e8ne et la protection de la peau et des muqueuses des parties intimes f\u00e9minines.<\/p>\n<p>Gr\u00e2ce \u00e0 l\u2019action synergique de ses actifs, elle\u00a0respecte la flore bact\u00e9rienne naturelle\u00a0de l\u2019\u00e9cosyst\u00e8me vaginal et\u00a0r\u00e9tablit des conditions de pH favorables.<\/p>\n<p>En outre, elle exerce une action antibact\u00e9rienne, l\u00e9nitive et hydratante et aide \u00e0 soulager la br\u00fblure, la rougeur, la d\u00e9mangeaison et les mauvaises odeurs.<\/p>\n<p>Tests epicutan\u00e9s r\u00e9pet\u00e9s pour \u00e9valuer le potentiel de sensibilisation allergique d\u2019un produit \u00e0 l\u2019usage topique.<\/p>\n<ul>\n<li>Test\u00e9 cliniquement. Sans colorants ni silicones<\/li>\n<li>Test de tolerabilit\u00e9 in vitro<\/li>\n<li>Formulation \u00e0 base d\u2019actifs naturels<\/li>\n<\/ul>\n","protected":false},"excerpt":{"rendered":"<ul>\n<li>INFECTION BACTERIENNES ET FONGIQUES<\/li>\n<li>AVANT L&rsquo;ACCOUCHEMENT<\/li>\n<li>POST MENSTRUATION<\/li>\n<\/ul>\n","protected":false},"featured_media":22904,"comment_status":"open","ping_status":"closed","template":"","meta":[],"product_cat":[20],"product_tag":[],"class_list":{"0":"post-16804","1":"product","2":"type-product","3":"status-publish","4":"has-post-thumbnail","6":"product_cat-accessories","8":"first","9":"instock","10":"shipping-taxable","11":"product-type-simple"},"jetpack_sharing_enabled":true,"_links":{"self":[{"href":"https:\/\/para-pharmacity.tn\/index.php?rest_route=\/wp\/v2\/product\/16804","targetHints":{"allow":["GET"]}}],"collection":[{"href":"https:\/\/para-pharmacity.tn\/index.php?rest_route=\/wp\/v2\/product"}],"about":[{"href":"https:\/\/para-pharmacity.tn\/index.php?rest_route=\/wp\/v2\/types\/product"}],"replies":[{"embeddable":true,"href":"https:\/\/para-pharmacity.tn\/index.php?rest_route=%2Fwp%2Fv2%2Fcomments&post=16804"}],"version-history":[{"count":2,"href":"https:\/\/para-pharmacity.tn\/index.php?rest_route=\/wp\/v2\/product\/16804\/revisions"}],"predecessor-version":[{"id":22905,"href":"https:\/\/para-pharmacity.tn\/index.php?rest_route=\/wp\/v2\/product\/16804\/revisions\/22905"}],"wp:featuredmedia":[{"embeddable":true,"href":"https:\/\/para-pharmacity.tn\/index.php?rest_route=\/wp\/v2\/media\/22904"}],"wp:attachment":[{"href":"https:\/\/para-pharmacity.tn\/index.php?rest_route=%2Fwp%2Fv2%2Fmedia&parent=16804"}],"wp:term":[{"taxonomy":"product_cat","embeddable":true,"href":"https:\/\/para-pharmacity.tn\/index.php?rest_route=%2Fwp%2Fv2%2Fproduct_cat&post=16804"},{"taxonomy":"product_tag","embeddable":true,"href":"https:\/\/para-pharmacity.tn\/index.php?rest_route=%2Fwp%2Fv2%2Fproduct_tag&post=16804"}],"curies":[{"name":"wp","href":"https:\/\/api.w.org\/{rel}","templated":true}]}}