{"id":16802,"date":"2024-07-10T22:59:18","date_gmt":"2024-07-10T22:59:18","guid":{"rendered":"https:\/\/para-pharmacity.tn\/?product=dermoxen-creme-intime-lenitive-20ml"},"modified":"2024-07-25T11:34:21","modified_gmt":"2024-07-25T11:34:21","slug":"dermoxen-creme-intime-lenitive-20ml","status":"publish","type":"product","link":"https:\/\/para-pharmacity.tn\/?product=dermoxen-creme-intime-lenitive-20ml","title":{"rendered":"DERMOXEN CREME INTIME LENITIVE 20ML"},"content":{"rendered":"<ul class=\"a-unordered-list a-vertical a-spacing-mini\">\n<li class=\"a-spacing-mini\"><span class=\"a-list-item\">Dermoxen Lenitive Cream est une cr\u00e8me naturelle, efficace contre les d\u00e9mangeaisons intimes et test\u00e9e cliniquement pour un soulagement imm\u00e9diat. Recommand\u00e9e pour hydrater et prot\u00e9ger les parties intimes externes des d\u00e9mangeaisons, br\u00fblures et rougeurs d&rsquo;origines diverses (stress, infections, \u00e9pilation, laser, diab\u00e8te, s\u00e9cheresse, nettoyants agressifs, irritation au contact des tampons ou des prot\u00e8ge-slips). Recommand\u00e9 pour un usage quotidien.<\/span><\/li>\n<li class=\"a-spacing-mini\"><span class=\"a-list-item\">Dermoxen Lenitive Cream est SANS CORTISONE. Elle est \u00e9galement indiqu\u00e9e pour un usage dermatologique et pour la peau d\u00e9licate des enfants.<\/span><\/li>\n<li class=\"a-spacing-mini\"><span class=\"a-list-item\">La cr\u00e8me apaisante Dermoxen apporte un soulagement IMMEDIAT aux d\u00e9mangeaisons intimes. Gr\u00e2ce \u00e0 l&rsquo;extrait naturel anti-d\u00e9mangeaisons, \u00e0 l&rsquo;Avenantramide biotechnologique, \u00e0 l&rsquo;action anti-inflammatoire naturelle, et \u00e0 l&rsquo;huile de Jojoba, elle exerce une action apaisante, hydratante, calmante et r\u00e9paratrice imm\u00e9diate.<\/span><\/li>\n<li class=\"a-spacing-mini\"><span class=\"a-list-item\">Haute tol\u00e9rance et s\u00e9curit\u00e9 : Sans parfum. Sans parab\u00e8nes ni thiazolinones. La cr\u00e8me intime apaisante Dermoxen est formul\u00e9e pour r\u00e9duire le risque d&rsquo;allergies et d&rsquo;intol\u00e9rances, test\u00e9e in vivo et in vitro sur l&rsquo;\u00e9pith\u00e9lium vaginal. Nickel, chrome, cobalt, mercure et palladium test\u00e9s (*contenant moins de 0,00001%).<\/span><\/li>\n<\/ul>\n","protected":false},"excerpt":{"rendered":"<p>C\u2019est le traitement cosm\u00e9tique innovant recommand\u00e9 pour prot\u00e9ger et soulager les parties intimes externes des troubles comme la d\u00e9mangeaison, la rougeur ou la br\u00fblure, qui sont souvent associ\u00e9s \u00e0 une infection bact\u00e9rienne ou fongique, aux \u00e9tats de s\u00e9cheresse vaginale intense ou \u00e0 l\u2019usage prolong\u00e9 de tampons et v\u00eatements serr\u00e9s. Elle ne tache pas, ne laisse pas de r\u00e9sidus et elle ne contient pas de parfum.<\/p>\n","protected":false},"featured_media":22893,"comment_status":"open","ping_status":"closed","template":"","meta":[],"product_cat":[20],"product_tag":[],"class_list":{"0":"post-16802","1":"product","2":"type-product","3":"status-publish","4":"has-post-thumbnail","6":"product_cat-accessories","8":"first","9":"instock","10":"shipping-taxable","11":"product-type-simple"},"jetpack_sharing_enabled":true,"_links":{"self":[{"href":"https:\/\/para-pharmacity.tn\/index.php?rest_route=\/wp\/v2\/product\/16802","targetHints":{"allow":["GET"]}}],"collection":[{"href":"https:\/\/para-pharmacity.tn\/index.php?rest_route=\/wp\/v2\/product"}],"about":[{"href":"https:\/\/para-pharmacity.tn\/index.php?rest_route=\/wp\/v2\/types\/product"}],"replies":[{"embeddable":true,"href":"https:\/\/para-pharmacity.tn\/index.php?rest_route=%2Fwp%2Fv2%2Fcomments&post=16802"}],"version-history":[{"count":2,"href":"https:\/\/para-pharmacity.tn\/index.php?rest_route=\/wp\/v2\/product\/16802\/revisions"}],"predecessor-version":[{"id":22900,"href":"https:\/\/para-pharmacity.tn\/index.php?rest_route=\/wp\/v2\/product\/16802\/revisions\/22900"}],"wp:featuredmedia":[{"embeddable":true,"href":"https:\/\/para-pharmacity.tn\/index.php?rest_route=\/wp\/v2\/media\/22893"}],"wp:attachment":[{"href":"https:\/\/para-pharmacity.tn\/index.php?rest_route=%2Fwp%2Fv2%2Fmedia&parent=16802"}],"wp:term":[{"taxonomy":"product_cat","embeddable":true,"href":"https:\/\/para-pharmacity.tn\/index.php?rest_route=%2Fwp%2Fv2%2Fproduct_cat&post=16802"},{"taxonomy":"product_tag","embeddable":true,"href":"https:\/\/para-pharmacity.tn\/index.php?rest_route=%2Fwp%2Fv2%2Fproduct_tag&post=16802"}],"curies":[{"name":"wp","href":"https:\/\/api.w.org\/{rel}","templated":true}]}}