{"id":16797,"date":"2024-07-10T22:59:14","date_gmt":"2024-07-10T22:59:14","guid":{"rendered":"https:\/\/para-pharmacity.tn\/?product=dermedic-therapy-h2o2"},"modified":"2024-07-22T15:32:42","modified_gmt":"2024-07-22T15:32:42","slug":"dermedic-therapy-h2o2","status":"publish","type":"product","link":"https:\/\/para-pharmacity.tn\/?product=dermedic-therapy-h2o2","title":{"rendered":"DERMEDIC THERAPY H2O2"},"content":{"rendered":"<h2>Produit stop boutons &#8211; Application locale &#8211; Dermedic Normacne &#8211; Therapy H2O2 &#8211; 15ml<\/h2>\n<p>&nbsp;<\/p>\n<p>Dermedic Normacne Traitement Localis\u00e9 est recommand\u00e9 pour le traitement local des inflammations li\u00e9es \u00e0 l&rsquo;acn\u00e9.<\/p>\n<p>Dermedic Normacne Traitement Localis\u00e9 Acn\u00e9 :<\/p>\n<h5>Propri\u00e9t\u00e9s :<\/h5>\n<ul>\n<li>Il a un effet bact\u00e9ricide.<\/li>\n<li>Il apaise l&rsquo;inflammation et r\u00e9g\u00e9n\u00e8re la peau.<\/li>\n<li>Il r\u00e9duit la taille et le nombre de l\u00e9sions d&rsquo;acn\u00e9.<\/li>\n<li>Il acc\u00e9l\u00e8re la gu\u00e9rison des l\u00e9sions d&rsquo;acn\u00e9<\/li>\n<li>Am\u00e9lioration visible apr\u00e8s la premi\u00e8re application.<\/li>\n<li>Il nettoie les pores obstru\u00e9s, r\u00e9gule la production de s\u00e9bum.<\/li>\n<li>\u00c9limine la d\u00e9coloration de la peau due \u00e0 l&rsquo;acn\u00e9 et emp\u00eache leur formation.<\/li>\n<li>Il r\u00e9tablit l&rsquo;\u00e9quilibre dans le microbiome de l&rsquo;\u00e9piderme localement modifi\u00e9<\/li>\n<\/ul>\n<h5>Conseils d&rsquo;utilisation :<\/h5>\n<p>Il est coneill\u00e9 d&rsquo;appliquer DERMEDIC NORMACNE Traitement Localis\u00e9 Acn\u00e9 localement sur la zone affect\u00e9e par les et laisser absorber.<\/p>\n<p>Appliquer matin et soir sur la peau plusieurs fois par jour.<\/p>\n<p>Ne pas utiliser pendant l&rsquo;exposition au soleil.<\/p>\n<h5>Composition :<\/h5>\n<ul>\n<li><strong>Acide salicylique,<\/strong><\/li>\n<li><strong>Peroxyde d&rsquo;hydrog\u00e8ne,<\/strong><\/li>\n<li><strong>Acide lactobionique,<\/strong><\/li>\n<li><strong>D-Panth\u00e9nol<\/strong><\/li>\n<\/ul>\n<p>&nbsp;<\/p>\n<p><em>Non com\u00e9dog\u00e8ne<\/em><\/p>\n<p><em>Test\u00e9 cliniquement<\/em><\/p>\n","protected":false},"excerpt":{"rendered":"<h2>Dermedic Normacne Therapy H2O2<\/h2>\n<p><strong>Produit pour application locale sur les boutons\u00a0<\/strong><\/p>\n<p>&#8211; Assure la diminution visible des l\u00e9sions inflammatoires acn\u00e9iques (\u00e9ruptions, infiltrations, kystes, pustules, papules, point noirs) d\u00e9s la premi\u00e8re applications.<\/p>\n<p>&#8211; Il a un effet bact\u00e9ricide et apaise les inflammations ( acides salicylique,\u00a0 peroxyde d&rsquo;hydrog\u00e8ne).<\/p>\n<p>&#8211; Il acc\u00e9l\u00e8re la disparition des l\u00e9sions acn\u00e9iques et r\u00e9duit leur visibilit\u00e9 ( Oxyg\u00e8ne actif, D-Panthenol).<\/p>\n<p>&#8211; Il nettoie les pores bouch\u00e9s, r\u00e9gule la production de s\u00e9bum dans le lieu d&rsquo;application du produit ( acide lactobionique).<\/p>\n<p>&#8211; Il \u00e9limine les d\u00e9colorations de l&rsquo;acn\u00e9 et pr\u00e9vient leur formation.<\/p>\n<p>&nbsp;<\/p>\n<p><strong>Contenance :<\/strong>\u00a015ml<\/p>\n","protected":false},"featured_media":22886,"comment_status":"open","ping_status":"closed","template":"","meta":[],"product_cat":[20],"product_tag":[],"class_list":{"0":"post-16797","1":"product","2":"type-product","3":"status-publish","4":"has-post-thumbnail","6":"product_cat-accessories","8":"first","9":"instock","10":"shipping-taxable","11":"product-type-simple"},"jetpack_sharing_enabled":true,"_links":{"self":[{"href":"https:\/\/para-pharmacity.tn\/index.php?rest_route=\/wp\/v2\/product\/16797","targetHints":{"allow":["GET"]}}],"collection":[{"href":"https:\/\/para-pharmacity.tn\/index.php?rest_route=\/wp\/v2\/product"}],"about":[{"href":"https:\/\/para-pharmacity.tn\/index.php?rest_route=\/wp\/v2\/types\/product"}],"replies":[{"embeddable":true,"href":"https:\/\/para-pharmacity.tn\/index.php?rest_route=%2Fwp%2Fv2%2Fcomments&post=16797"}],"version-history":[{"count":2,"href":"https:\/\/para-pharmacity.tn\/index.php?rest_route=\/wp\/v2\/product\/16797\/revisions"}],"predecessor-version":[{"id":22887,"href":"https:\/\/para-pharmacity.tn\/index.php?rest_route=\/wp\/v2\/product\/16797\/revisions\/22887"}],"wp:featuredmedia":[{"embeddable":true,"href":"https:\/\/para-pharmacity.tn\/index.php?rest_route=\/wp\/v2\/media\/22886"}],"wp:attachment":[{"href":"https:\/\/para-pharmacity.tn\/index.php?rest_route=%2Fwp%2Fv2%2Fmedia&parent=16797"}],"wp:term":[{"taxonomy":"product_cat","embeddable":true,"href":"https:\/\/para-pharmacity.tn\/index.php?rest_route=%2Fwp%2Fv2%2Fproduct_cat&post=16797"},{"taxonomy":"product_tag","embeddable":true,"href":"https:\/\/para-pharmacity.tn\/index.php?rest_route=%2Fwp%2Fv2%2Fproduct_tag&post=16797"}],"curies":[{"name":"wp","href":"https:\/\/api.w.org\/{rel}","templated":true}]}}