{"id":16796,"date":"2024-07-10T22:59:14","date_gmt":"2024-07-10T22:59:14","guid":{"rendered":"https:\/\/para-pharmacity.tn\/?product=dermedic-sunbrella-spray-bebe-150ml"},"modified":"2024-07-22T15:29:19","modified_gmt":"2024-07-22T15:29:19","slug":"dermedic-sunbrella-spray-bebe-150ml","status":"publish","type":"product","link":"https:\/\/para-pharmacity.tn\/?product=dermedic-sunbrella-spray-bebe-150ml","title":{"rendered":"DERMEDIC SUNBRELLA SPRAY BEBE 150ML"},"content":{"rendered":"<div id=\"content-wrapper\">\n<section id=\"main\">\n<div class=\"tabs style_0\">\n<div class=\"tab-content\">\n<div id=\"description\" class=\"tab-pane fade in active\" role=\"tabpanel\">\n<div class=\"product-description opened\">\n<p>Dermedic baby Sunbrella Lait pour enfants fournit une protection tr\u00e8s \u00e9lev\u00e9e, efficace et durable contre les rayons UVA, UVB, VL et IR &#8211; SPF 50+\u00a0Emp\u00eache les coups de soleil et la d\u00e9coloration\u00a0prot\u00e8ge l&rsquo;ADN des cellules de la peau<\/p>\n<p>Syst\u00e8me de protection \u00e0 large bande \u00e0 4 niveaux contre les UVA, UVB, VL et IR, sp\u00e9cialement formul\u00e9 pour prot\u00e9ger la peau d\u00e9licate d&rsquo;un enfant.<\/p>\n<ul>\n<li>Contient un composant pr\u00e9curseur de la vitamine D 3 qui, sous l&rsquo;influence des rayons UV, est convertie en vitamine D 3<\/li>\n<li>Am\u00e9liore l&rsquo;\u00e9quilibre hydrique de l&rsquo;\u00e9piderme et le renforce<\/li>\n<li>Apaise les irritations<\/li>\n<li>Imperm\u00e9able et photostable<\/li>\n<li>Parfaitement tol\u00e9r\u00e9 par la peau sensible de l&rsquo;enfant<\/li>\n<li>Ne contient pas de colorants<\/li>\n<li>Formule non collante<\/li>\n<li>Hypoallerg\u00e9nique<\/li>\n<li>Test\u00e9 cliniquement<\/li>\n<\/ul>\n<p><strong>CONSEILS D&rsquo;UTILISATION:<\/strong><\/p>\n<p>Il est conseill\u00e9 d&rsquo;Agiter avant utilisation, appliquer g\u00e9n\u00e9reusement sur une peau propre et s\u00e8che au moins 15 minutes avant l&rsquo;exposition au soleil. Renouveler fr\u00e9quemment l&rsquo;application, surtout apr\u00e8s la baignade. \u00c9viter le contact visuel.<\/p>\n<p><strong>COMPOSITIONS:<\/strong><\/p>\n<p>Ingr\u00e9dients actifs: Complexe de filtres min\u00e9raux et chimiques UVA + UVB + VL + IR, Aqua-proVita D3, Vitamine C et E, Glyc\u00e9rine, D-Panth\u00e9nol<\/p>\n<\/div>\n<\/div>\n<\/div>\n<\/div>\n<\/section>\n<\/div>\n","protected":false},"excerpt":{"rendered":"<p>Dermedic baby Sunbrella Lait pour enfants fournit une protection tr\u00e8s \u00e9lev\u00e9e, efficace et durable contre les rayons UVA, UVB, VL<\/p>\n","protected":false},"featured_media":22881,"comment_status":"open","ping_status":"closed","template":"","meta":[],"product_cat":[20],"product_tag":[],"class_list":{"0":"post-16796","1":"product","2":"type-product","3":"status-publish","4":"has-post-thumbnail","6":"product_cat-accessories","8":"first","9":"instock","10":"shipping-taxable","11":"product-type-simple"},"jetpack_sharing_enabled":true,"_links":{"self":[{"href":"https:\/\/para-pharmacity.tn\/index.php?rest_route=\/wp\/v2\/product\/16796","targetHints":{"allow":["GET"]}}],"collection":[{"href":"https:\/\/para-pharmacity.tn\/index.php?rest_route=\/wp\/v2\/product"}],"about":[{"href":"https:\/\/para-pharmacity.tn\/index.php?rest_route=\/wp\/v2\/types\/product"}],"replies":[{"embeddable":true,"href":"https:\/\/para-pharmacity.tn\/index.php?rest_route=%2Fwp%2Fv2%2Fcomments&post=16796"}],"version-history":[{"count":1,"href":"https:\/\/para-pharmacity.tn\/index.php?rest_route=\/wp\/v2\/product\/16796\/revisions"}],"predecessor-version":[{"id":22882,"href":"https:\/\/para-pharmacity.tn\/index.php?rest_route=\/wp\/v2\/product\/16796\/revisions\/22882"}],"wp:featuredmedia":[{"embeddable":true,"href":"https:\/\/para-pharmacity.tn\/index.php?rest_route=\/wp\/v2\/media\/22881"}],"wp:attachment":[{"href":"https:\/\/para-pharmacity.tn\/index.php?rest_route=%2Fwp%2Fv2%2Fmedia&parent=16796"}],"wp:term":[{"taxonomy":"product_cat","embeddable":true,"href":"https:\/\/para-pharmacity.tn\/index.php?rest_route=%2Fwp%2Fv2%2Fproduct_cat&post=16796"},{"taxonomy":"product_tag","embeddable":true,"href":"https:\/\/para-pharmacity.tn\/index.php?rest_route=%2Fwp%2Fv2%2Fproduct_tag&post=16796"}],"curies":[{"name":"wp","href":"https:\/\/api.w.org\/{rel}","templated":true}]}}