{"id":16793,"date":"2024-07-10T22:59:13","date_gmt":"2024-07-10T22:59:13","guid":{"rendered":"https:\/\/para-pharmacity.tn\/?product=dermedic-sunbrella-p-nle-m-50ml"},"modified":"2024-07-22T15:24:09","modified_gmt":"2024-07-22T15:24:09","slug":"dermedic-sunbrella-p-nle-m-50ml","status":"publish","type":"product","link":"https:\/\/para-pharmacity.tn\/?product=dermedic-sunbrella-p-nle-m-50ml","title":{"rendered":"DERMEDIC SUNBRELLA P NLE M 50ML"},"content":{"rendered":"<p style=\"font-weight: 400\"><b><strong>DERMEDIC SUNBRELLA cr\u00e8me pour les peaux S\u00e8ches SPF50+<\/strong><\/b><\/p>\n<p style=\"font-weight: 400\">La Cr\u00e8me solaire DERMEDIC SUNBRELLA sp50+ Photo stable et imperm\u00e9able de texture riche pour les peaux normales \u00e0 s\u00e8ches enrichie en Complexe de filtres UVA et UVB, Syst\u00e8me de protection avanc\u00e9e, Extraits d\u2019Arnica et d\u2019Hamam\u00e9lis, Allanto\u00efne, Glyc\u00e9rine, Eau thermale<\/p>\n<p style=\"font-weight: 400\">DERMEDIC SUNBRELLA permet d&rsquo;offrir une protection efficace et durable contre les rayons UVA et UVB &#8211; SPF 50+, de renforcer les parois des vaisseaux et les rendre moins fragiles et de R\u00e9duire l&rsquo;\u00e9ryth\u00e8me<\/p>\n<p style=\"font-weight: 400\">Hypoallerg\u00e9nique<\/p>\n<p style=\"font-weight: 400\"><b><strong>CONSEIL D\u2019UTILISATION\u00a0:<\/strong><\/b><\/p>\n<p style=\"font-weight: 400\">Appliquer uniform\u00e9ment sur la peau au moins 15 minutes avant l\u2019exposition au soleil. L\u2019application doit \u00eatre r\u00e9p\u00e9t\u00e9e plusieurs fois pendant le bronzage.<\/p>\n<p style=\"font-weight: 400\">Pour quelle peau : Recommand\u00e9 pour les peaux grasses et mixtes \u2013 protection contre les rayons UVA et UVB pendant l\u2019exposition au soleil.<\/p>\n<p style=\"font-weight: 400\"><b><strong>INGREDIENTS :<\/strong><\/b><\/p>\n<p style=\"font-weight: 400\">Complexe de filtres UVA et UVB, Advanced Protection System, Extrait de romarin, Tussilago Farfarae, Allanto\u00efne, Glyc\u00e9rine, Eau thermale Fournit une protection efficace et durable contre les rayons UVA et UVB \u2013 SPF 50+<\/p>\n","protected":false},"excerpt":{"rendered":"<p style=\"font-weight: 400\">DERMEDIC SUNBRELLA Cr\u00e8me protectrice SPF 50+ pour peaux S\u00e8ches.<\/p>\n<p style=\"font-weight: 400\">\u2013 Soulage l\u2019irritation et l\u2019inflammation s\u00e9borrh\u00e9ique<\/p>\n<p style=\"font-weight: 400\">\u2013 Il n\u2019obstrue pas les pores \u2013 Photostable, \u00e9tanche<\/p>\n<p style=\"font-weight: 400\">\u2013 Hypoallerg\u00e9nique Conditionnement : Tuba 50 g<\/p>\n","protected":false},"featured_media":22875,"comment_status":"open","ping_status":"closed","template":"","meta":[],"product_cat":[20],"product_tag":[],"class_list":{"0":"post-16793","1":"product","2":"type-product","3":"status-publish","4":"has-post-thumbnail","6":"product_cat-accessories","8":"first","9":"instock","10":"shipping-taxable","11":"product-type-simple"},"jetpack_sharing_enabled":true,"_links":{"self":[{"href":"https:\/\/para-pharmacity.tn\/index.php?rest_route=\/wp\/v2\/product\/16793","targetHints":{"allow":["GET"]}}],"collection":[{"href":"https:\/\/para-pharmacity.tn\/index.php?rest_route=\/wp\/v2\/product"}],"about":[{"href":"https:\/\/para-pharmacity.tn\/index.php?rest_route=\/wp\/v2\/types\/product"}],"replies":[{"embeddable":true,"href":"https:\/\/para-pharmacity.tn\/index.php?rest_route=%2Fwp%2Fv2%2Fcomments&post=16793"}],"version-history":[{"count":2,"href":"https:\/\/para-pharmacity.tn\/index.php?rest_route=\/wp\/v2\/product\/16793\/revisions"}],"predecessor-version":[{"id":22876,"href":"https:\/\/para-pharmacity.tn\/index.php?rest_route=\/wp\/v2\/product\/16793\/revisions\/22876"}],"wp:featuredmedia":[{"embeddable":true,"href":"https:\/\/para-pharmacity.tn\/index.php?rest_route=\/wp\/v2\/media\/22875"}],"wp:attachment":[{"href":"https:\/\/para-pharmacity.tn\/index.php?rest_route=%2Fwp%2Fv2%2Fmedia&parent=16793"}],"wp:term":[{"taxonomy":"product_cat","embeddable":true,"href":"https:\/\/para-pharmacity.tn\/index.php?rest_route=%2Fwp%2Fv2%2Fproduct_cat&post=16793"},{"taxonomy":"product_tag","embeddable":true,"href":"https:\/\/para-pharmacity.tn\/index.php?rest_route=%2Fwp%2Fv2%2Fproduct_tag&post=16793"}],"curies":[{"name":"wp","href":"https:\/\/api.w.org\/{rel}","templated":true}]}}