{"id":16791,"date":"2024-07-10T22:59:12","date_gmt":"2024-07-10T22:59:12","guid":{"rendered":"https:\/\/para-pharmacity.tn\/?product=dermedic-sunbrella-bebe-50ml"},"modified":"2024-07-22T15:19:33","modified_gmt":"2024-07-22T15:19:33","slug":"dermedic-sunbrella-bebe-50ml","status":"publish","type":"product","link":"https:\/\/para-pharmacity.tn\/?product=dermedic-sunbrella-bebe-50ml","title":{"rendered":"DERMEDIC SUNBRELLA BEBE 50ML"},"content":{"rendered":"<p>Dermedic Sunbrella B\u00e9b\u00e9 Cr\u00e8me Protectrice SPF50 + pour les enfants \u00e0 faire face, fournit une peau sensible et sensible de l\u2019enfant tr\u00e8s haute protection contre les effets nocifs des rayons UVA \/ UVB. Recommand\u00e9 pour les enfants de 1 jour.<\/p>\n<p>&nbsp;<\/p>\n<p><strong>Composition:<\/strong><\/p>\n<p>Filtres min\u00e9raux complexes, eau thermale, Bisabolol, Oleum Lini, Huile d\u2019olive, Vitamine E, Beurre de Karit\u00e9, Extrait Naturel AP Medilan, Glyc\u00e9rine. Il ne contient pas de filtres chimiques.<\/p>\n<p>&nbsp;<\/p>\n<p><strong>Action:<\/strong><\/p>\n<p>Dermedic Sunbrella cr\u00e8me protectrice b\u00e9b\u00e9 SPF50 + pour les enfants \u00e0 faire face \u00e0 un cosm\u00e9tique extr\u00eamement doux, s\u00fbr et hautement protecteur pour les enfants et les nourrissons d\u00e8s le premier jour de la vie. Il contient une formule riche bas\u00e9e sur des filtres min\u00e9raux s\u00fbrs et efficaces qui prot\u00e8gent la peau contre les effets n\u00e9fastes du rayonnement solaire \u2013 bien tol\u00e9r\u00e9 par la peau des enfants et les ingr\u00e9dients de soin et d\u2019hydratation. De plus, Sunbrella Baby Cream, les lipides, prot\u00e8ge la peau des dommages caus\u00e9s par les rayons UV et, gr\u00e2ce \u00e0 sa formule couleur lait, permet de contr\u00f4ler la pr\u00e9cision de l\u2019application sur la peau de l\u2019enfant. Cosm\u00e9tique \u00e9tanche, photostable et hypoallerg\u00e9nique. Pour chaque paquet de cr\u00e8me Dermedic Sunbrella Baby est livr\u00e9 avec un ballon de plage gratuit!<\/p>\n<p>&nbsp;<\/p>\n<p><strong>Application:<\/strong><\/p>\n<p>Dermedic Sunbrella Baby Cr\u00e8me protectrice SPF50 + pour les enfants \u00e0 faire face, donne une tr\u00e8s haute protection contre les effets nocifs des rayons UVA \/ UVB. Recommand\u00e9 pour les enfants de 1 jour.<\/p>\n<p><strong>Usage:<\/strong><\/p>\n<p>La cr\u00e8me doit \u00eatre appliqu\u00e9e g\u00e9n\u00e9reusement sur le visage \u2013 au moins 15 minutes avant l\u2019exposition au soleil. Appliquer plusieurs fois par jour, m\u00eame apr\u00e8s contact avec de l\u2019eau et apr\u00e8s wytraciu visage avec une serviette.<\/p>\n","protected":false},"excerpt":{"rendered":"<p>Dermedic Sunbrella Cr\u00e8me de protection b\u00e9b\u00e9 et enfants SPF50 + contre les effets nocifs des rayons UVA \/ UVB.<\/p>\n","protected":false},"featured_media":22870,"comment_status":"open","ping_status":"closed","template":"","meta":[],"product_cat":[20],"product_tag":[],"class_list":{"0":"post-16791","1":"product","2":"type-product","3":"status-publish","4":"has-post-thumbnail","6":"product_cat-accessories","8":"first","9":"instock","10":"shipping-taxable","11":"product-type-simple"},"jetpack_sharing_enabled":true,"_links":{"self":[{"href":"https:\/\/para-pharmacity.tn\/index.php?rest_route=\/wp\/v2\/product\/16791","targetHints":{"allow":["GET"]}}],"collection":[{"href":"https:\/\/para-pharmacity.tn\/index.php?rest_route=\/wp\/v2\/product"}],"about":[{"href":"https:\/\/para-pharmacity.tn\/index.php?rest_route=\/wp\/v2\/types\/product"}],"replies":[{"embeddable":true,"href":"https:\/\/para-pharmacity.tn\/index.php?rest_route=%2Fwp%2Fv2%2Fcomments&post=16791"}],"version-history":[{"count":2,"href":"https:\/\/para-pharmacity.tn\/index.php?rest_route=\/wp\/v2\/product\/16791\/revisions"}],"predecessor-version":[{"id":22871,"href":"https:\/\/para-pharmacity.tn\/index.php?rest_route=\/wp\/v2\/product\/16791\/revisions\/22871"}],"wp:featuredmedia":[{"embeddable":true,"href":"https:\/\/para-pharmacity.tn\/index.php?rest_route=\/wp\/v2\/media\/22870"}],"wp:attachment":[{"href":"https:\/\/para-pharmacity.tn\/index.php?rest_route=%2Fwp%2Fv2%2Fmedia&parent=16791"}],"wp:term":[{"taxonomy":"product_cat","embeddable":true,"href":"https:\/\/para-pharmacity.tn\/index.php?rest_route=%2Fwp%2Fv2%2Fproduct_cat&post=16791"},{"taxonomy":"product_tag","embeddable":true,"href":"https:\/\/para-pharmacity.tn\/index.php?rest_route=%2Fwp%2Fv2%2Fproduct_tag&post=16791"}],"curies":[{"name":"wp","href":"https:\/\/api.w.org\/{rel}","templated":true}]}}