{"id":16789,"date":"2024-07-10T22:59:12","date_gmt":"2024-07-10T22:59:12","guid":{"rendered":"https:\/\/para-pharmacity.tn\/?product=dermedic-oilage-anti-ageing-50-ml"},"modified":"2024-07-22T15:13:15","modified_gmt":"2024-07-22T15:13:15","slug":"dermedic-oilage-anti-ageing-50-ml","status":"publish","type":"product","link":"https:\/\/para-pharmacity.tn\/?product=dermedic-oilage-anti-ageing-50-ml","title":{"rendered":"DERMEDIC OILAGE ANTI AGEING 50 ML"},"content":{"rendered":"<p style=\"font-weight: 400\"><b><strong>Description :<\/strong><\/b><\/p>\n<p style=\"font-weight: 400\">Les peaux matures et sensibles n\u00e9cessitent des soins complexes et sp\u00e9cialis\u00e9s qui retarderont et r\u00e9duiront visiblement les signes de l&rsquo;\u00e2ge. Elle n\u00e9cessite des cr\u00e8mes qui vont non seulement l&rsquo;hydrater mais aussi restaurer sa barri\u00e8re protectrice lipidique et maintenir efficacement l&rsquo;hydratation dans les cellules de la peau. Les formules innovantes Oilage \u00e0 base d&rsquo;huile inversent le processus de vieillissement pr\u00e9m\u00e9nopausique de la peau ; ils nourrissent et r\u00e9g\u00e9n\u00e8rent la peau et la prot\u00e8gent des m\u00e9faits de l&rsquo;air pollu\u00e9.<\/p>\n<p style=\"font-weight: 400\">Les produits de la ligne Oilage am\u00e9liorent visiblement l&rsquo;\u00e9tat de la peau et restaurent les param\u00e8tres caract\u00e9ristiques d&rsquo;une peau d&rsquo;apparence jeune tels que la densit\u00e9, l&rsquo;\u00e9lasticit\u00e9, la coh\u00e9sion, l&rsquo;hydratation et la douceur. Ainsi les rides et irr\u00e9gularit\u00e9s de la peau sont liss\u00e9es et l&rsquo;ovale du visage est lift\u00e9.<\/p>\n<p style=\"font-weight: 400\">Aide \u00e0 la production de collag\u00e8ne<\/p>\n<p style=\"font-weight: 400\">Garder l&rsquo;humidit\u00e9 dans les cellules de la peau<\/p>\n<p style=\"font-weight: 400\">Prot\u00e8ge contre les effets nocifs de l&rsquo;air pollu\u00e9<\/p>\n<p style=\"font-weight: 400\">Type de peau : Sensible<\/p>\n<p style=\"font-weight: 400\"><b><strong>Conseils d&rsquo;utilisation :<\/strong><\/b><\/p>\n<p style=\"font-weight: 400\">Appliquer une couche uniforme sur la peau nettoy\u00e9e du visage, du cou et du d\u00e9collet\u00e9. Laisser jusqu&rsquo;\u00e0 absorption.<\/p>\n","protected":false},"excerpt":{"rendered":"<p>Prot\u00e8ge la peau contre l&rsquo;impact de la climatisation et de l&rsquo;environnement ext\u00e9rieur, y compris la p\u00e9n\u00e9tration de particules dans les structures de la peau.<\/p>\n","protected":false},"featured_media":22865,"comment_status":"open","ping_status":"closed","template":"","meta":[],"product_cat":[20],"product_tag":[],"class_list":{"0":"post-16789","1":"product","2":"type-product","3":"status-publish","4":"has-post-thumbnail","6":"product_cat-accessories","8":"first","9":"instock","10":"shipping-taxable","11":"product-type-simple"},"jetpack_sharing_enabled":true,"_links":{"self":[{"href":"https:\/\/para-pharmacity.tn\/index.php?rest_route=\/wp\/v2\/product\/16789","targetHints":{"allow":["GET"]}}],"collection":[{"href":"https:\/\/para-pharmacity.tn\/index.php?rest_route=\/wp\/v2\/product"}],"about":[{"href":"https:\/\/para-pharmacity.tn\/index.php?rest_route=\/wp\/v2\/types\/product"}],"replies":[{"embeddable":true,"href":"https:\/\/para-pharmacity.tn\/index.php?rest_route=%2Fwp%2Fv2%2Fcomments&post=16789"}],"version-history":[{"count":2,"href":"https:\/\/para-pharmacity.tn\/index.php?rest_route=\/wp\/v2\/product\/16789\/revisions"}],"predecessor-version":[{"id":22866,"href":"https:\/\/para-pharmacity.tn\/index.php?rest_route=\/wp\/v2\/product\/16789\/revisions\/22866"}],"wp:featuredmedia":[{"embeddable":true,"href":"https:\/\/para-pharmacity.tn\/index.php?rest_route=\/wp\/v2\/media\/22865"}],"wp:attachment":[{"href":"https:\/\/para-pharmacity.tn\/index.php?rest_route=%2Fwp%2Fv2%2Fmedia&parent=16789"}],"wp:term":[{"taxonomy":"product_cat","embeddable":true,"href":"https:\/\/para-pharmacity.tn\/index.php?rest_route=%2Fwp%2Fv2%2Fproduct_cat&post=16789"},{"taxonomy":"product_tag","embeddable":true,"href":"https:\/\/para-pharmacity.tn\/index.php?rest_route=%2Fwp%2Fv2%2Fproduct_tag&post=16789"}],"curies":[{"name":"wp","href":"https:\/\/api.w.org\/{rel}","templated":true}]}}