{"id":16788,"date":"2024-07-10T22:59:12","date_gmt":"2024-07-10T22:59:12","guid":{"rendered":"https:\/\/para-pharmacity.tn\/?product=dermedic-oil-age-contour-teux-15ml"},"modified":"2024-07-22T15:09:37","modified_gmt":"2024-07-22T15:09:37","slug":"dermedic-oil-age-contour-teux-15ml","status":"publish","type":"product","link":"https:\/\/para-pharmacity.tn\/?product=dermedic-oil-age-contour-teux-15ml","title":{"rendered":"DERMEDIC OIL AGE CONTOUR TEUX 15ML"},"content":{"rendered":"<p style=\"font-weight: 400\"><b><strong>Description :<\/strong><\/b><\/p>\n<p style=\"font-weight: 400\">Les peaux matures et sensibles n\u00e9cessitent des soins complexes et sp\u00e9cialis\u00e9s qui retarderont et r\u00e9duiront visiblement les signes de l&rsquo;\u00e2ge. Elle n\u00e9cessite des cr\u00e8mes qui vont non seulement l&rsquo;hydrater mais aussi restaurer sa barri\u00e8re protectrice lipidique et maintenir efficacement l&rsquo;hydratation dans les cellules de la peau. Les formules innovantes Oilage \u00e0 base d&rsquo;huile inversent le processus de vieillissement pr\u00e9m\u00e9nopausique de la peau ; ils nourrissent et r\u00e9g\u00e9n\u00e8rent la peau et la prot\u00e8gent des m\u00e9faits de l&rsquo;air pollu\u00e9.<\/p>\n<p style=\"font-weight: 400\">Les produits de la ligne Oilage am\u00e9liorent visiblement l&rsquo;\u00e9tat de la peau et restaurent les param\u00e8tres caract\u00e9ristiques d&rsquo;une peau d&rsquo;apparence jeune tels que la densit\u00e9, l&rsquo;\u00e9lasticit\u00e9, la coh\u00e9sion, l&rsquo;hydratation et la douceur. Ainsi les rides et irr\u00e9gularit\u00e9s de la peau sont liss\u00e9es et l&rsquo;ovale du visage est lift\u00e9.<\/p>\n<p style=\"font-weight: 400\">R\u00e9duire les signes du vieillissement<\/p>\n<p style=\"font-weight: 400\">Utilis\u00e9 pour repulper le contour des yeux<\/p>\n<p style=\"font-weight: 400\">Restaurer sa barri\u00e8re protectrice lipidique<\/p>\n<p style=\"font-weight: 400\">Aide dans les cernes avec poches<\/p>\n<p style=\"font-weight: 400\">Type de peau : Sensible<\/p>\n<p style=\"font-weight: 400\"><b><strong>Conseils d&rsquo;utilisation :<\/strong><\/b><\/p>\n<p style=\"font-weight: 400\">Appliquez une petite quantit\u00e9 de produit sur la peau nettoy\u00e9e autour des yeux, tapotez doucement sur la peau et laissez jusqu&rsquo;\u00e0 absorption.<\/p>\n<p style=\"font-weight: 400\"><b><strong>Composition :<\/strong><\/b><\/p>\n<p style=\"font-weight: 400\">Complexe TriOleum, Hesp\u00e9ridine, Phytosqualan, Vitamine E, Allanto\u00efne, B\u00e9ta\u00efne, Glyc\u00e9rine.<\/p>\n","protected":false},"excerpt":{"rendered":"<p>R\u00e9duit les poches et les cernes sous les yeux et la peau retrouve sa fermet\u00e9, sa tension et sa douceur.<\/p>\n","protected":false},"featured_media":22861,"comment_status":"open","ping_status":"closed","template":"","meta":[],"product_cat":[20],"product_tag":[],"class_list":{"0":"post-16788","1":"product","2":"type-product","3":"status-publish","4":"has-post-thumbnail","6":"product_cat-accessories","8":"first","9":"instock","10":"shipping-taxable","11":"product-type-simple"},"jetpack_sharing_enabled":true,"_links":{"self":[{"href":"https:\/\/para-pharmacity.tn\/index.php?rest_route=\/wp\/v2\/product\/16788","targetHints":{"allow":["GET"]}}],"collection":[{"href":"https:\/\/para-pharmacity.tn\/index.php?rest_route=\/wp\/v2\/product"}],"about":[{"href":"https:\/\/para-pharmacity.tn\/index.php?rest_route=\/wp\/v2\/types\/product"}],"replies":[{"embeddable":true,"href":"https:\/\/para-pharmacity.tn\/index.php?rest_route=%2Fwp%2Fv2%2Fcomments&post=16788"}],"version-history":[{"count":2,"href":"https:\/\/para-pharmacity.tn\/index.php?rest_route=\/wp\/v2\/product\/16788\/revisions"}],"predecessor-version":[{"id":22863,"href":"https:\/\/para-pharmacity.tn\/index.php?rest_route=\/wp\/v2\/product\/16788\/revisions\/22863"}],"wp:featuredmedia":[{"embeddable":true,"href":"https:\/\/para-pharmacity.tn\/index.php?rest_route=\/wp\/v2\/media\/22861"}],"wp:attachment":[{"href":"https:\/\/para-pharmacity.tn\/index.php?rest_route=%2Fwp%2Fv2%2Fmedia&parent=16788"}],"wp:term":[{"taxonomy":"product_cat","embeddable":true,"href":"https:\/\/para-pharmacity.tn\/index.php?rest_route=%2Fwp%2Fv2%2Fproduct_cat&post=16788"},{"taxonomy":"product_tag","embeddable":true,"href":"https:\/\/para-pharmacity.tn\/index.php?rest_route=%2Fwp%2Fv2%2Fproduct_tag&post=16788"}],"curies":[{"name":"wp","href":"https:\/\/api.w.org\/{rel}","templated":true}]}}