{"id":16787,"date":"2024-07-10T22:59:11","date_gmt":"2024-07-10T22:59:11","guid":{"rendered":"https:\/\/para-pharmacity.tn\/?product=dermedic-normacne-stop-boutons-15ml"},"modified":"2024-07-22T15:07:32","modified_gmt":"2024-07-22T15:07:32","slug":"dermedic-normacne-stop-boutons-15ml","status":"publish","type":"product","link":"https:\/\/para-pharmacity.tn\/?product=dermedic-normacne-stop-boutons-15ml","title":{"rendered":"DERMEDIC NORMACNE STOP BOUTONS 15ML"},"content":{"rendered":"<p>Peaux mixtes, peaux grasses et peaux \u00e0 tendance acn\u00e9ique.\u00a0La peau sensible \u00e0 l&rsquo;acn\u00e9 est g\u00e9n\u00e9ralement un probl\u00e8me rencontr\u00e9 par les jeunes et sa cause directe peut \u00eatre l&rsquo;hyperactivit\u00e9 des glandes s\u00e9bac\u00e9es.\u00a0Les sympt\u00f4mes de l&rsquo;acn\u00e9 comprennent des points noirs ainsi que des \u00e9ruptions populaires et pustuleuses dans les zones s\u00e9borrh\u00e9iques (visage et dos).\u00a0Les l\u00e9sions acn\u00e9iques sont le plus souvent caus\u00e9es par : une production excessive de s\u00e9bum, une k\u00e9ratinisation accrue des glandes s\u00e9bac\u00e9es qui provoque leur blocage, et le d\u00e9veloppement d&rsquo;infiltrations inflammatoires autour des glandes s\u00e9bac\u00e9es.\u00a0Les dermocosm\u00e9tiques Normacne de Dermedic constituent une gamme compl\u00e8te de cosm\u00e9tiques ciblant de mani\u00e8re globale les probl\u00e9matiques des peaux \u00e0 tendance acn\u00e9ique.<\/p>\n<ul>\n<li>Effet bact\u00e9ricide<\/li>\n<li>Apaise l&rsquo;inflammation et r\u00e9g\u00e9n\u00e8re<\/li>\n<li>R\u00e9duit la taille et le nombre de l\u00e9sions d&rsquo;acn\u00e9<\/li>\n<li>Acc\u00e9l\u00e8re la r\u00e9solution des l\u00e9sions d&rsquo;acn\u00e9<\/li>\n<li>Am\u00e9lioration visible apr\u00e8s la premi\u00e8re application<\/li>\n<li>Nettoie les pores obstru\u00e9s, r\u00e9gule la production de s\u00e9bum<\/li>\n<li>\u00c9limine la d\u00e9coloration de la peau par l&rsquo;acn\u00e9<\/li>\n<li>Non com\u00e9dog\u00e8ne<\/li>\n<li>Type de peau\u00a0: mixte \u00e0 tendance grasse sujette aux imperfections<\/li>\n<li>Acide salicylique<\/li>\n<\/ul>\n<p>UTILISATION :<\/p>\n<p>Rep\u00e9rez-le sur la l\u00e9sion d&rsquo;acn\u00e9 et laissez-le \u00eatre absorb\u00e9.<br \/>\nAppliquer sur une peau propre et s\u00e8che plusieurs fois par jour.<br \/>\nNe pas utiliser pendant l&rsquo;exposition au soleil.<\/p>\n<p>INGREDIENTS :<\/p>\n<p>acide salicylique, peroxyde d&rsquo;hydrog\u00e8ne, acide lactobionique, D-panth\u00e9nol.<\/p>\n","protected":false},"excerpt":{"rendered":"<p>Peaux mixtes, peaux grasses et peaux \u00e0 tendance acn\u00e9ique.\u00a0La peau sensible \u00e0 l&rsquo;acn\u00e9 est g\u00e9n\u00e9ralement un probl\u00e8me rencontr\u00e9 par les<\/p>\n","protected":false},"featured_media":22859,"comment_status":"open","ping_status":"closed","template":"","meta":[],"product_cat":[20],"product_tag":[],"class_list":{"0":"post-16787","1":"product","2":"type-product","3":"status-publish","4":"has-post-thumbnail","6":"product_cat-accessories","8":"first","9":"instock","10":"shipping-taxable","11":"product-type-simple"},"jetpack_sharing_enabled":true,"_links":{"self":[{"href":"https:\/\/para-pharmacity.tn\/index.php?rest_route=\/wp\/v2\/product\/16787","targetHints":{"allow":["GET"]}}],"collection":[{"href":"https:\/\/para-pharmacity.tn\/index.php?rest_route=\/wp\/v2\/product"}],"about":[{"href":"https:\/\/para-pharmacity.tn\/index.php?rest_route=\/wp\/v2\/types\/product"}],"replies":[{"embeddable":true,"href":"https:\/\/para-pharmacity.tn\/index.php?rest_route=%2Fwp%2Fv2%2Fcomments&post=16787"}],"version-history":[{"count":1,"href":"https:\/\/para-pharmacity.tn\/index.php?rest_route=\/wp\/v2\/product\/16787\/revisions"}],"predecessor-version":[{"id":22860,"href":"https:\/\/para-pharmacity.tn\/index.php?rest_route=\/wp\/v2\/product\/16787\/revisions\/22860"}],"wp:featuredmedia":[{"embeddable":true,"href":"https:\/\/para-pharmacity.tn\/index.php?rest_route=\/wp\/v2\/media\/22859"}],"wp:attachment":[{"href":"https:\/\/para-pharmacity.tn\/index.php?rest_route=%2Fwp%2Fv2%2Fmedia&parent=16787"}],"wp:term":[{"taxonomy":"product_cat","embeddable":true,"href":"https:\/\/para-pharmacity.tn\/index.php?rest_route=%2Fwp%2Fv2%2Fproduct_cat&post=16787"},{"taxonomy":"product_tag","embeddable":true,"href":"https:\/\/para-pharmacity.tn\/index.php?rest_route=%2Fwp%2Fv2%2Fproduct_tag&post=16787"}],"curies":[{"name":"wp","href":"https:\/\/api.w.org\/{rel}","templated":true}]}}