{"id":16784,"date":"2024-07-10T22:59:10","date_gmt":"2024-07-10T22:59:10","guid":{"rendered":"https:\/\/para-pharmacity.tn\/?product=dermedic-normacne-gel-200ml"},"modified":"2024-07-22T15:01:18","modified_gmt":"2024-07-22T15:01:18","slug":"dermedic-normacne-gel-200ml","status":"publish","type":"product","link":"https:\/\/para-pharmacity.tn\/?product=dermedic-normacne-gel-200ml","title":{"rendered":"DERMEDIC NORMACNE GEL 200ML"},"content":{"rendered":"<p>Peaux mixtes, peaux grasses et peaux \u00e0 tendance acn\u00e9ique.\u00a0La peau sensible \u00e0 l&rsquo;acn\u00e9 est g\u00e9n\u00e9ralement un probl\u00e8me rencontr\u00e9 par les jeunes et sa cause directe peut \u00eatre l&rsquo;hyperactivit\u00e9 des glandes s\u00e9bac\u00e9es.\u00a0Les sympt\u00f4mes de l&rsquo;acn\u00e9 comprennent des points noirs ainsi que des \u00e9ruptions populaires et pustuleuses dans les zones s\u00e9borrh\u00e9iques (visage et dos).\u00a0Les l\u00e9sions acn\u00e9iques sont le plus souvent caus\u00e9es par : une production excessive de s\u00e9bum, une k\u00e9ratinisation accrue des glandes s\u00e9bac\u00e9es qui provoque leur blocage, et le d\u00e9veloppement d&rsquo;infiltrations inflammatoires autour des glandes s\u00e9bac\u00e9es.\u00a0Les dermocosm\u00e9tiques Normacne de Dermedic constituent une gamme compl\u00e8te de cosm\u00e9tiques ciblant de mani\u00e8re globale les probl\u00e9matiques des peaux \u00e0 tendance acn\u00e9ique.<\/p>\n<ul>\n<li>Propri\u00e9t\u00e9s antibact\u00e9riennes<\/li>\n<li>R\u00e9gule le travail des glandes s\u00e9bac\u00e9es<\/li>\n<li>Emp\u00eache la formation de nouvelles l\u00e9sions d&rsquo;acn\u00e9<\/li>\n<li>Ne laisse aucune sensation de traction<\/li>\n<li>Pr\u00e9sente des propri\u00e9t\u00e9s antiseptiques (pr\u00e9vention des infections)<\/li>\n<li>Type de peau\u00a0: mixte \u00e0 tendance grasse sujette aux imperfections<\/li>\n<li>Sans alcool<\/li>\n<\/ul>\n<p>UTILISATION :<\/p>\n<p>Utiliser matin et soir.<br \/>\nAppliquer une petite quantit\u00e9 de gel sur la peau du visage humidifi\u00e9e avec de l&rsquo;eau.<br \/>\nMassez doucement, puis rincez abondamment \u00e0 l&rsquo;eau.<\/p>\n<p>INGREDIENTS :<\/p>\n<p>Zincidone, extrait de th\u00e9 vert, hydrolite, glyc\u00e9rine<\/p>\n","protected":false},"excerpt":{"rendered":"<p>Peaux mixtes, peaux grasses et peaux \u00e0 tendance acn\u00e9ique.\u00a0La peau sensible \u00e0 l&rsquo;acn\u00e9 est g\u00e9n\u00e9ralement un probl\u00e8me rencontr\u00e9 par les<\/p>\n","protected":false},"featured_media":22853,"comment_status":"open","ping_status":"closed","template":"","meta":[],"product_cat":[20],"product_tag":[],"class_list":{"0":"post-16784","1":"product","2":"type-product","3":"status-publish","4":"has-post-thumbnail","6":"product_cat-accessories","8":"first","9":"instock","10":"shipping-taxable","11":"product-type-simple"},"jetpack_sharing_enabled":true,"_links":{"self":[{"href":"https:\/\/para-pharmacity.tn\/index.php?rest_route=\/wp\/v2\/product\/16784","targetHints":{"allow":["GET"]}}],"collection":[{"href":"https:\/\/para-pharmacity.tn\/index.php?rest_route=\/wp\/v2\/product"}],"about":[{"href":"https:\/\/para-pharmacity.tn\/index.php?rest_route=\/wp\/v2\/types\/product"}],"replies":[{"embeddable":true,"href":"https:\/\/para-pharmacity.tn\/index.php?rest_route=%2Fwp%2Fv2%2Fcomments&post=16784"}],"version-history":[{"count":1,"href":"https:\/\/para-pharmacity.tn\/index.php?rest_route=\/wp\/v2\/product\/16784\/revisions"}],"predecessor-version":[{"id":22854,"href":"https:\/\/para-pharmacity.tn\/index.php?rest_route=\/wp\/v2\/product\/16784\/revisions\/22854"}],"wp:featuredmedia":[{"embeddable":true,"href":"https:\/\/para-pharmacity.tn\/index.php?rest_route=\/wp\/v2\/media\/22853"}],"wp:attachment":[{"href":"https:\/\/para-pharmacity.tn\/index.php?rest_route=%2Fwp%2Fv2%2Fmedia&parent=16784"}],"wp:term":[{"taxonomy":"product_cat","embeddable":true,"href":"https:\/\/para-pharmacity.tn\/index.php?rest_route=%2Fwp%2Fv2%2Fproduct_cat&post=16784"},{"taxonomy":"product_tag","embeddable":true,"href":"https:\/\/para-pharmacity.tn\/index.php?rest_route=%2Fwp%2Fv2%2Fproduct_tag&post=16784"}],"curies":[{"name":"wp","href":"https:\/\/api.w.org\/{rel}","templated":true}]}}