{"id":16783,"date":"2024-07-10T22:59:10","date_gmt":"2024-07-10T22:59:10","guid":{"rendered":"https:\/\/para-pharmacity.tn\/?product=dermedic-normacne-cr-n-anti-imperf-40ml"},"modified":"2024-07-22T14:59:56","modified_gmt":"2024-07-22T14:59:56","slug":"dermedic-normacne-cr-n-anti-imperf-40ml","status":"publish","type":"product","link":"https:\/\/para-pharmacity.tn\/?product=dermedic-normacne-cr-n-anti-imperf-40ml","title":{"rendered":"DERMEDIC NORMACNE CR N ANTI IMPERF 40ML"},"content":{"rendered":"<div id=\"content-wrapper\">\n<section id=\"main\">\n<div class=\"tabs style_0\">\n<div class=\"tab-content\">\n<div id=\"description\" class=\"tab-pane fade in active\" role=\"tabpanel\">\n<div class=\"product-description opened\">\n<p>Peaux mixtes, peaux grasses et peaux \u00e0 tendance acn\u00e9ique.\u00a0La peau sensible \u00e0 l&rsquo;acn\u00e9 est g\u00e9n\u00e9ralement un probl\u00e8me rencontr\u00e9 par les jeunes et sa cause directe peut \u00eatre l&rsquo;hyperactivit\u00e9 des glandes s\u00e9bac\u00e9es.\u00a0Les sympt\u00f4mes de l&rsquo;acn\u00e9 comprennent des points noirs ainsi que des \u00e9ruptions populaires et pustuleuses dans les zones s\u00e9borrh\u00e9iques (visage et dos).\u00a0Les l\u00e9sions acn\u00e9iques sont le plus souvent caus\u00e9es par : une production excessive de s\u00e9bum, une k\u00e9ratinisation accrue des glandes s\u00e9bac\u00e9es qui provoque leur blocage, et le d\u00e9veloppement d&rsquo;infiltrations inflammatoires autour des glandes s\u00e9bac\u00e9es.\u00a0Les dermocosm\u00e9tiques Normacne de Dermedic constituent une gamme compl\u00e8te de cosm\u00e9tiques ciblant de mani\u00e8re globale les probl\u00e9matiques des peaux \u00e0 tendance acn\u00e9ique.<\/p>\n<ul>\n<li>Agit sur les causes de la formation et de l&rsquo;exacerbation de l&rsquo;acn\u00e9<\/li>\n<li>R\u00e9duit la quantit\u00e9 de bact\u00e9ries responsables<\/li>\n<li>Perturbe la communication interbact\u00e9rienne<\/li>\n<li>D\u00e9sint\u00e8gre le biofilm bact\u00e9rien<\/li>\n<li>Exfolie en douceur les cellules mortes de la peau<\/li>\n<li>Propri\u00e9t\u00e9s antioxydantes et anti-\u00e2ge<\/li>\n<li>Non com\u00e9dog\u00e8ne<\/li>\n<li>Type de peau\u00a0: mixte \u00e0 tendance grasse sujette aux imperfections<\/li>\n<li>Test\u00e9 cliniquement<\/li>\n<\/ul>\n<p>UTILISATION :<\/p>\n<p>Appliquer tous les soirs sur le visage nettoy\u00e9 en tapotant doucement.<\/p>\n<p>INGREDIENTS :<\/p>\n<p>eau thermale, complexe VeprolanumTM (hexylr\u00e9sorcinol, acide linol\u00e9ique, resv\u00e9ratrol, hord\u00e9ine, neurotransmetteur GABA, glycyrrhizinate dipotassique), complexe Oxyniacydetm (extrait de racine thyro\u00efdienne de Ba\u00efkal, niacinamide, resv\u00e9ratrolas), papa\u00efne.<\/p>\n<\/div>\n<\/div>\n<\/div>\n<\/div>\n<\/section>\n<\/div>\n","protected":false},"excerpt":{"rendered":"<p>Peaux mixtes, peaux grasses et peaux \u00e0 tendance acn\u00e9ique.\u00a0La peau sensible \u00e0 l&rsquo;acn\u00e9 est g\u00e9n\u00e9ralement un probl\u00e8me rencontr\u00e9 par les<\/p>\n","protected":false},"featured_media":22850,"comment_status":"open","ping_status":"closed","template":"","meta":[],"product_cat":[20],"product_tag":[],"class_list":{"0":"post-16783","1":"product","2":"type-product","3":"status-publish","4":"has-post-thumbnail","6":"product_cat-accessories","8":"first","9":"instock","10":"shipping-taxable","11":"product-type-simple"},"jetpack_sharing_enabled":true,"_links":{"self":[{"href":"https:\/\/para-pharmacity.tn\/index.php?rest_route=\/wp\/v2\/product\/16783","targetHints":{"allow":["GET"]}}],"collection":[{"href":"https:\/\/para-pharmacity.tn\/index.php?rest_route=\/wp\/v2\/product"}],"about":[{"href":"https:\/\/para-pharmacity.tn\/index.php?rest_route=\/wp\/v2\/types\/product"}],"replies":[{"embeddable":true,"href":"https:\/\/para-pharmacity.tn\/index.php?rest_route=%2Fwp%2Fv2%2Fcomments&post=16783"}],"version-history":[{"count":2,"href":"https:\/\/para-pharmacity.tn\/index.php?rest_route=\/wp\/v2\/product\/16783\/revisions"}],"predecessor-version":[{"id":22852,"href":"https:\/\/para-pharmacity.tn\/index.php?rest_route=\/wp\/v2\/product\/16783\/revisions\/22852"}],"wp:featuredmedia":[{"embeddable":true,"href":"https:\/\/para-pharmacity.tn\/index.php?rest_route=\/wp\/v2\/media\/22850"}],"wp:attachment":[{"href":"https:\/\/para-pharmacity.tn\/index.php?rest_route=%2Fwp%2Fv2%2Fmedia&parent=16783"}],"wp:term":[{"taxonomy":"product_cat","embeddable":true,"href":"https:\/\/para-pharmacity.tn\/index.php?rest_route=%2Fwp%2Fv2%2Fproduct_cat&post=16783"},{"taxonomy":"product_tag","embeddable":true,"href":"https:\/\/para-pharmacity.tn\/index.php?rest_route=%2Fwp%2Fv2%2Fproduct_tag&post=16783"}],"curies":[{"name":"wp","href":"https:\/\/api.w.org\/{rel}","templated":true}]}}