{"id":16781,"date":"2024-07-10T22:59:10","date_gmt":"2024-07-10T22:59:10","guid":{"rendered":"https:\/\/para-pharmacity.tn\/?product=dermedic-normacne-cr-hyd-matifiante-40ml"},"modified":"2024-07-22T14:48:45","modified_gmt":"2024-07-22T14:48:45","slug":"dermedic-normacne-cr-hyd-matifiante-40ml","status":"publish","type":"product","link":"https:\/\/para-pharmacity.tn\/?product=dermedic-normacne-cr-hyd-matifiante-40ml","title":{"rendered":"DERMEDIC NORMACNE CR HYD MATIFIANTE 40ML"},"content":{"rendered":"<p>Peaux mixtes, peaux grasses et peaux \u00e0 tendance acn\u00e9ique. La peau sensible \u00e0 l&rsquo;acn\u00e9 est g\u00e9n\u00e9ralement un probl\u00e8me rencontr\u00e9 par les jeunes et sa cause directe peut \u00eatre l&rsquo;hyperactivit\u00e9 des glandes s\u00e9bac\u00e9es. Les sympt\u00f4mes de l&rsquo;acn\u00e9 comprennent des points noirs ainsi que des \u00e9ruptions populaires et pustuleuses dans les zones s\u00e9borrh\u00e9iques (visage et dos). Les l\u00e9sions acn\u00e9iques sont le plus souvent caus\u00e9es par : une production excessive de s\u00e9bum, une k\u00e9ratinisation accrue des glandes s\u00e9bac\u00e9es qui provoque leur blocage, et le d\u00e9veloppement d&rsquo;infiltrations inflammatoires autour des glandes s\u00e9bac\u00e9es. Les dermocosm\u00e9tiques Normacne de Dermedic constituent une gamme compl\u00e8te de cosm\u00e9tiques ciblant de mani\u00e8re globale les probl\u00e9matiques des peaux \u00e0 tendance acn\u00e9ique. Fournit un effet matifiant longue dur\u00e9e Agit sur les causes de la formation et de l&rsquo;exacerbation de l&rsquo;acn\u00e9 Perturbe la communication interbact\u00e9rienne D\u00e9sint\u00e8gre le biofilm bact\u00e9rien R\u00e9duit la s\u00e9cr\u00e9tion de s\u00e9bum R\u00e9duit les pores dilat\u00e9s Hydrate Non com\u00e9dog\u00e8ne Type de peau : mixte \u00e0 tendance grasse Test\u00e9 cliniquement<\/p>\n","protected":false},"excerpt":{"rendered":"<p>Peaux mixtes, peaux grasses et peaux \u00e0 tendance acn\u00e9ique. La peau sensible \u00e0 l&rsquo;acn\u00e9 est g\u00e9n\u00e9ralement un probl\u00e8me rencontr\u00e9 par<\/p>\n","protected":false},"featured_media":22848,"comment_status":"open","ping_status":"closed","template":"","meta":[],"product_cat":[20],"product_tag":[],"class_list":{"0":"post-16781","1":"product","2":"type-product","3":"status-publish","4":"has-post-thumbnail","6":"product_cat-accessories","8":"first","9":"instock","10":"shipping-taxable","11":"product-type-simple"},"jetpack_sharing_enabled":true,"_links":{"self":[{"href":"https:\/\/para-pharmacity.tn\/index.php?rest_route=\/wp\/v2\/product\/16781","targetHints":{"allow":["GET"]}}],"collection":[{"href":"https:\/\/para-pharmacity.tn\/index.php?rest_route=\/wp\/v2\/product"}],"about":[{"href":"https:\/\/para-pharmacity.tn\/index.php?rest_route=\/wp\/v2\/types\/product"}],"replies":[{"embeddable":true,"href":"https:\/\/para-pharmacity.tn\/index.php?rest_route=%2Fwp%2Fv2%2Fcomments&post=16781"}],"version-history":[{"count":1,"href":"https:\/\/para-pharmacity.tn\/index.php?rest_route=\/wp\/v2\/product\/16781\/revisions"}],"predecessor-version":[{"id":22849,"href":"https:\/\/para-pharmacity.tn\/index.php?rest_route=\/wp\/v2\/product\/16781\/revisions\/22849"}],"wp:featuredmedia":[{"embeddable":true,"href":"https:\/\/para-pharmacity.tn\/index.php?rest_route=\/wp\/v2\/media\/22848"}],"wp:attachment":[{"href":"https:\/\/para-pharmacity.tn\/index.php?rest_route=%2Fwp%2Fv2%2Fmedia&parent=16781"}],"wp:term":[{"taxonomy":"product_cat","embeddable":true,"href":"https:\/\/para-pharmacity.tn\/index.php?rest_route=%2Fwp%2Fv2%2Fproduct_cat&post=16781"},{"taxonomy":"product_tag","embeddable":true,"href":"https:\/\/para-pharmacity.tn\/index.php?rest_route=%2Fwp%2Fv2%2Fproduct_tag&post=16781"}],"curies":[{"name":"wp","href":"https:\/\/api.w.org\/{rel}","templated":true}]}}