{"id":16780,"date":"2024-07-10T22:59:09","date_gmt":"2024-07-10T22:59:09","guid":{"rendered":"https:\/\/para-pharmacity.tn\/?product=dermedic-neovisage-spf50-sand-eau-mic-g"},"modified":"2024-07-22T14:46:13","modified_gmt":"2024-07-22T14:46:13","slug":"dermedic-neovisage-spf50-sand-eau-mic-g","status":"publish","type":"product","link":"https:\/\/para-pharmacity.tn\/?product=dermedic-neovisage-spf50-sand-eau-mic-g","title":{"rendered":"DERMEDIC NEOVISAGE SPF50 SAND +EAU MIC G"},"content":{"rendered":"<div class=\"product-description\">\n<p>CE PACK SE COMPOSE DE :<\/p>\n<p><em>L&rsquo;eau micellaire Dermedic\u00a0Hydrain3\u00a0<\/em><em>Hypoallerg\u00e9nique<\/em>: est une eau nettoyante demaquillante hydratante enrichie en\u00a0Eau thermale, acide hyaluronique, Hydroveg VV, glyc\u00e9rine, allanto\u00efne, ur\u00e9eDermedic Hydrain3 eau micellaire permet d&rsquo;enl\u00e8ver le maquillage et toutes les impuret\u00e9s, laissant la peau fra\u00eeche et propre<br \/>\nParfaite pour Adoucir\u00a0et maintenir l\u2019hydratation de la couche corn\u00e9e de la peau<br \/>\nNe pas obstruer les pores de la peau et ne laisse aucune pellicule sur la peau<br \/>\nN&rsquo;irrite pas les yeux<\/p>\n<p>DERMEDIC NEOVISAGE FOND DE TEINT SPF 50+ SAND 30ML:<\/p>\n<p>Fond de Teint Cr\u00e8me Nourissante et hydratante\u00a0 spf 50+ a \u00e9t\u00e9 sp\u00e9cialement con\u00e7u pour les peaux hypersensibles et r\u00e9actives , convient \u00e9galement pour une utilisation apr\u00e8s des proc\u00e9dures de m\u00e9decine esth\u00e9tique et au cour de traitements dermatologiques .<\/p>\n<p>Elle diminue optiquement la visibilit\u00e9 des imperfections mineurs et unifie le teint.<\/p>\n<p>La formule Protect+ correct :<\/p>\n<ul>\n<li>prot\u00e8ge et nourrit activement la peau tout en corrigeant les imperfections . les filtres UV photostables et la Physavie assurent une tr\u00e8s haute protection contre les rayonnements dans leurs spectre le plus large : UVA + UVB + VL + IR ce qui emp\u00eache le photo et le thermoveillisement de la peau\u00a0 .<\/li>\n<\/ul>\n<ul>\n<li>Contient de l&rsquo;acide hyaluronique , la tr\u00e9haose et les vitamines C+ E , hydratent et nourissent intens\u00e9ment la peau en agissant contre le vieillissement<\/li>\n<\/ul>\n<p>DERMEDIC NEOVISAGE FOND DE TEINT un effet antioxydant, retarde le processus de vieillissement de la peau et Il stimule la synth\u00e8se de collag\u00e8ne, redonne fermet\u00e9, densit\u00e9 et jeunesse \u00e0 la peau<\/p>\n<p>Il a une texture l\u00e9g\u00e8re et est facile \u00e0 appliquer<\/p>\n<\/div>\n","protected":false},"excerpt":{"rendered":"<div id=\"product-description-short-518\" class=\"mb-25\">\n<p><strong>CE PACK SE COMPOSE DE :<\/strong><\/p>\n<p><strong>L&rsquo;eau micellaire Dermedic\u00a0Hydrain3\u00a0Hypoallerg\u00e9nique(cadeau)<\/strong><\/p>\n<p><strong>DERMEDIC NEOVISAGE FOND DE TEINT SPF 50+ SAND 30ML<\/strong><\/p>\n<\/div>\n<div class=\"product-prices\">\n<div class=\"product-price \"><\/div>\n<\/div>\n","protected":false},"featured_media":22846,"comment_status":"open","ping_status":"closed","template":"","meta":[],"product_cat":[20],"product_tag":[],"class_list":{"0":"post-16780","1":"product","2":"type-product","3":"status-publish","4":"has-post-thumbnail","6":"product_cat-accessories","8":"first","9":"instock","10":"shipping-taxable","11":"product-type-simple"},"jetpack_sharing_enabled":true,"_links":{"self":[{"href":"https:\/\/para-pharmacity.tn\/index.php?rest_route=\/wp\/v2\/product\/16780","targetHints":{"allow":["GET"]}}],"collection":[{"href":"https:\/\/para-pharmacity.tn\/index.php?rest_route=\/wp\/v2\/product"}],"about":[{"href":"https:\/\/para-pharmacity.tn\/index.php?rest_route=\/wp\/v2\/types\/product"}],"replies":[{"embeddable":true,"href":"https:\/\/para-pharmacity.tn\/index.php?rest_route=%2Fwp%2Fv2%2Fcomments&post=16780"}],"version-history":[{"count":2,"href":"https:\/\/para-pharmacity.tn\/index.php?rest_route=\/wp\/v2\/product\/16780\/revisions"}],"predecessor-version":[{"id":22847,"href":"https:\/\/para-pharmacity.tn\/index.php?rest_route=\/wp\/v2\/product\/16780\/revisions\/22847"}],"wp:featuredmedia":[{"embeddable":true,"href":"https:\/\/para-pharmacity.tn\/index.php?rest_route=\/wp\/v2\/media\/22846"}],"wp:attachment":[{"href":"https:\/\/para-pharmacity.tn\/index.php?rest_route=%2Fwp%2Fv2%2Fmedia&parent=16780"}],"wp:term":[{"taxonomy":"product_cat","embeddable":true,"href":"https:\/\/para-pharmacity.tn\/index.php?rest_route=%2Fwp%2Fv2%2Fproduct_cat&post=16780"},{"taxonomy":"product_tag","embeddable":true,"href":"https:\/\/para-pharmacity.tn\/index.php?rest_route=%2Fwp%2Fv2%2Fproduct_tag&post=16780"}],"curies":[{"name":"wp","href":"https:\/\/api.w.org\/{rel}","templated":true}]}}