{"id":16779,"date":"2024-07-10T22:59:09","date_gmt":"2024-07-10T22:59:09","guid":{"rendered":"https:\/\/para-pharmacity.tn\/?product=dermedic-neovisage-spf50-ivor-eau-mic-g"},"modified":"2024-07-22T14:43:30","modified_gmt":"2024-07-22T14:43:30","slug":"dermedic-neovisage-spf50-ivor-eau-mic-g","status":"publish","type":"product","link":"https:\/\/para-pharmacity.tn\/?product=dermedic-neovisage-spf50-ivor-eau-mic-g","title":{"rendered":"DERMEDIC NEOVISAGE SPF50 IVOR +EAU MIC G"},"content":{"rendered":"<p style=\"font-weight: 400\"><b><strong>DERMEDIC NEOVISAGE FOND DE TEINT SPF 50+ IVORY 30ML<\/strong><\/b><\/p>\n<p style=\"font-weight: 400\">Fond de Teint Cr\u00e8me Nourrissante et hydratante spf50+ a \u00e9t\u00e9 sp\u00e9cialement con\u00e7u pour les peaux hypersensibles et r\u00e9actives, convient \u00e9galement pour une utilisation apr\u00e8s des proc\u00e9dures de m\u00e9decine esth\u00e9tique et au cours de traitements dermatologiques.<\/p>\n<p style=\"font-weight: 400\">DERMEDIC NEOVISAGE FOND DE TEINT diminue optiquement la visibilit\u00e9 des imperfections mineurs et unifie le teint.<\/p>\n<p style=\"font-weight: 400\">La formule Protect+ correct :<\/p>\n<p style=\"font-weight: 400\">Prot\u00e8ge et nourrit activement la peau tout en corrigeant les imperfections. Les filtres UV photostables et la Physavie assurent une tr\u00e8s haute protection contre les rayonnements dans leurs spectres le plus large : UVA + UVB + VL + IR ce qui emp\u00eache la photo et le thermoveillisement de la peau.<\/p>\n<p style=\"font-weight: 400\">DERMEDIC NEOVISAGE contient de l&rsquo;acide hyaluronique, la tr\u00e9haose et les vitamines C+ E, hydratent et nourrissent intens\u00e9ment la peau en agissant contre le vieillissement<\/p>\n<p style=\"font-weight: 400\">DERMEDIC NEOVISAGE FOND DE TEINT un effet antioxydant, retarde le processus de vieillissement de la peau et Il stimule la synth\u00e8se de collag\u00e8ne, redonne fermet\u00e9, densit\u00e9 et jeunesse \u00e0 la peau<\/p>\n<p style=\"font-weight: 400\">Il a une texture l\u00e9g\u00e8re et est facile \u00e0 appliquer<\/p>\n<p style=\"font-weight: 400\"><b><strong>Composition :<\/strong><\/b><\/p>\n<p style=\"font-weight: 400\">\u00a0UV filters, Physavie; Hyaluronic acid, Trehalose, Vitamins C + E<\/p>\n<p style=\"font-weight: 400\"><b><strong>Conseils d&rsquo;utilisation :<\/strong><\/b><\/p>\n<p style=\"font-weight: 400\">Appliquer DERMEDIC NEOVISAGE FOND DE TEINT uniform\u00e9ment sur la peau nettoy\u00e9e du visage.<\/p>\n<p style=\"font-weight: 400\">Laisser jusqu&rsquo;\u00e0 absorption.<\/p>\n<p style=\"font-weight: 400\">Recommand\u00e9 pour : peaux sensibles, hypersensibles et hyperactives, \u00e9galement apr\u00e8s des traitements de m\u00e9decine esth\u00e9tique et lors de traitements dermatologiques.<\/p>\n<p style=\"font-weight: 400\"><b><strong>Lotion micellaire H2O 200ml OFFERT<\/strong><\/b><\/p>\n<p style=\"font-weight: 400\">Le produit a \u00e9t\u00e9 test\u00e9 dermatologiquement. Action D\u00e9di\u00e9 au d\u00e9maquillant yeux et visage pour les peaux s\u00e8ches et d\u00e9shydrat\u00e9es. Nettoie le maquillage et les impuret\u00e9s, laissant une sensation de fra\u00eecheur et de puret\u00e9 &#8211; d&rsquo;esters d&rsquo;micelles acides gras \u00ab attirer \u00bb la pollution sans la n\u00e9cessit\u00e9 d&rsquo;une friction excessive de la peau avec un coton-tige.<\/p>\n<p style=\"font-weight: 400\">\u00a0Ne pas irriter les yeux &#8211; hypoallerg\u00e9nique &#8211; propret\u00e9 qui donne l&rsquo;eau thermale ne cause pas d&rsquo;irritation, m\u00eame chez les personnes tr\u00e8s sensibles.<\/p>\n<p style=\"font-weight: 400\">Il ne dess\u00e8che pas la peau comme d&rsquo;autres d\u00e9tergents &#8211; L&rsquo;acide hyaluronique &#8211; complexe d&rsquo;acide hyaluronique Hydroveg VV &#8211; ramollir et \u00e0 maintenir l&rsquo;hydratation de la couche corn\u00e9e de la peau.<\/p>\n<p style=\"font-weight: 400\">Il ne pas obstruer les pores. Il ne laisse pas de film sur la peau. Test\u00e9 par des personnes portant des lentilles de contact. Indications Recommand\u00e9es pour le nettoyage des yeux et de la peau sensibles. Aussi, pour les personnes qui ne tol\u00e8rent pas les d\u00e9maquillants traditionnels : Comment humidifier l\u00e9g\u00e8rement le coton avec un liquide micellaire et bouger doucement le visage, le cou et le d\u00e9collet\u00e9.<\/p>\n<p style=\"font-weight: 400\"><b><strong>CONSEIL D\u2019UTILISATION :<\/strong><\/b><\/p>\n<p style=\"font-weight: 400\">Humidifier un coton avec le produit et nettoyer doucement et lentement le visage, le cou et le d\u00e9collet\u00e9. Appliquer un coton humide sur les yeux, maintenir pendant un moment et rincer doucement le maquillage avec des mouvements verticaux vers le bas.<\/p>\n<p style=\"font-weight: 400\">Recommand\u00e9e pour le d\u00e9maquillage et le nettoyage des yeux sensibles et du visage. Convient \u00e9galement aux personnes pr\u00e9sentant des intol\u00e9rances \u00e0 l&rsquo;eau, aux agents de nettoyage traditionnels et aux savons.<\/p>\n<p style=\"font-weight: 400\"><b><strong>COMPOSITION :<\/strong><\/b><\/p>\n<p style=\"font-weight: 400\">Aqua, Glycerin, PEG-40 huile de ricin hydrog\u00e9n\u00e9e, PEG-7 cocoate de glyc\u00e9rol, hyaluronate de sodium, Ur\u00e9e, Diglyc\u00e9rine, sodium PCA, prot\u00e9ine de bl\u00e9 hydrolys\u00e9e, Sorbitol, Lysine, allanto\u00efne, acide lactique, Parfum, Cetrimonium le bromure.<\/p>\n","protected":false},"excerpt":{"rendered":"<p style=\"font-weight: 400\"><b><strong>DERMEDIC NEOVISAGE FOND DE TEINT SPF 50+ IVORY 30ML<\/strong><\/b><\/p>\n<p style=\"font-weight: 400\">Fond de Teint Cr\u00e8me Nourrissante et hydratante spf50+<\/p>\n<p style=\"font-weight: 400\"><b><strong>Lotion micellaire H2O 200ml OFFERT<\/strong><\/b><\/p>\n","protected":false},"featured_media":22843,"comment_status":"open","ping_status":"closed","template":"","meta":[],"product_cat":[20],"product_tag":[],"class_list":{"0":"post-16779","1":"product","2":"type-product","3":"status-publish","4":"has-post-thumbnail","6":"product_cat-accessories","8":"first","9":"instock","10":"shipping-taxable","11":"product-type-simple"},"jetpack_sharing_enabled":true,"_links":{"self":[{"href":"https:\/\/para-pharmacity.tn\/index.php?rest_route=\/wp\/v2\/product\/16779","targetHints":{"allow":["GET"]}}],"collection":[{"href":"https:\/\/para-pharmacity.tn\/index.php?rest_route=\/wp\/v2\/product"}],"about":[{"href":"https:\/\/para-pharmacity.tn\/index.php?rest_route=\/wp\/v2\/types\/product"}],"replies":[{"embeddable":true,"href":"https:\/\/para-pharmacity.tn\/index.php?rest_route=%2Fwp%2Fv2%2Fcomments&post=16779"}],"version-history":[{"count":2,"href":"https:\/\/para-pharmacity.tn\/index.php?rest_route=\/wp\/v2\/product\/16779\/revisions"}],"predecessor-version":[{"id":22844,"href":"https:\/\/para-pharmacity.tn\/index.php?rest_route=\/wp\/v2\/product\/16779\/revisions\/22844"}],"wp:featuredmedia":[{"embeddable":true,"href":"https:\/\/para-pharmacity.tn\/index.php?rest_route=\/wp\/v2\/media\/22843"}],"wp:attachment":[{"href":"https:\/\/para-pharmacity.tn\/index.php?rest_route=%2Fwp%2Fv2%2Fmedia&parent=16779"}],"wp:term":[{"taxonomy":"product_cat","embeddable":true,"href":"https:\/\/para-pharmacity.tn\/index.php?rest_route=%2Fwp%2Fv2%2Fproduct_cat&post=16779"},{"taxonomy":"product_tag","embeddable":true,"href":"https:\/\/para-pharmacity.tn\/index.php?rest_route=%2Fwp%2Fv2%2Fproduct_tag&post=16779"}],"curies":[{"name":"wp","href":"https:\/\/api.w.org\/{rel}","templated":true}]}}