{"id":16777,"date":"2024-07-10T22:59:09","date_gmt":"2024-07-10T22:59:09","guid":{"rendered":"https:\/\/para-pharmacity.tn\/?product=dermedic-neovisage-fondation-ivory"},"modified":"2024-07-22T14:37:39","modified_gmt":"2024-07-22T14:37:39","slug":"dermedic-neovisage-fondation-ivory","status":"publish","type":"product","link":"https:\/\/para-pharmacity.tn\/?product=dermedic-neovisage-fondation-ivory","title":{"rendered":"DERMEDIC NEOVISAGE FONDATION IVORY"},"content":{"rendered":"<p><strong>DERMEDIC NEOVISAGE FOND DE TEINT SPF 50+ IVORY 30ML<\/strong><\/p>\n<p>Fond de Teint Cr\u00e8me Nourissante et hydratante\u00a0 spf 50+ a \u00e9t\u00e9 sp\u00e9cialement con\u00e7u pour les peaux hypersensibles et r\u00e9actives , convient \u00e9galement pour une utilisation apr\u00e8s des proc\u00e9dures de m\u00e9decine esth\u00e9tique et au cour de traitements dermatologiques .<\/p>\n<p>DERMEDIC NEOVISAGE FOND DE TEINT diminue optiquement la visibilit\u00e9 des imperfections mineurs et unifie le teint.<\/p>\n<p>La formule Protect+ correct :<\/p>\n<ul>\n<li>prot\u00e8ge et nourrit activement la peau tout en corrigeant les imperfections . les filtres UV photostables et la Physavie assurent une tr\u00e8s haute protection contre les rayonnements dans leurs spectre le plus large : UVA + UVB + VL + IR ce qui emp\u00eache le photo et le thermoveillisement de la peau\u00a0 .<\/li>\n<\/ul>\n<ul>\n<li>DERMEDIC NEOVISAGE contient de l&rsquo;acide hyaluronique , la tr\u00e9haose et les vitamines C+ E , hydratent et nourissent intens\u00e9ment la peau en agissant contre le vieillissement<\/li>\n<\/ul>\n<p>DERMEDIC NEOVISAGE FOND DE TEINT un effet antioxydant, retarde le processus de vieillissement de la peau et Il stimule la synth\u00e8se de collag\u00e8ne, redonne fermet\u00e9, densit\u00e9 et jeunesse \u00e0 la peau<\/p>\n<p>Il a une texture l\u00e9g\u00e8re et est facile \u00e0 appliquer<\/p>\n<p>Composition:<\/p>\n<p>UV filters, Physavie; Hyaluronic acid, Trehalose, Vitamins C + E<b><u><\/u><\/b><\/p>\n<p>Conseils d&rsquo;utilisation:<\/p>\n<ul>\n<li>Appliquer DERMEDIC NEOVISAGE FOND DE TEINT uniform\u00e9ment sur la peau nettoy\u00e9e du visage.<\/li>\n<li>Laisser jusqu&rsquo;\u00e0 absorption.<\/li>\n<li>Recommand\u00e9 pour : peaux sensibles, hypersensibles et hyperactives, \u00e9galement apr\u00e8s des traitements de m\u00e9decine esth\u00e9tique et lors de traitements dermatologiques.<\/li>\n<\/ul>\n","protected":false},"excerpt":{"rendered":"<p>DERMEDIC NEOVISAGE FOND DE TEINT SPF 50+ IVORY 30ML Fond de Teint Cr\u00e8me Nourissante et hydratante\u00a0 spf 50+ a \u00e9t\u00e9<\/p>\n","protected":false},"featured_media":22837,"comment_status":"open","ping_status":"closed","template":"","meta":[],"product_cat":[20],"product_tag":[],"class_list":{"0":"post-16777","1":"product","2":"type-product","3":"status-publish","4":"has-post-thumbnail","6":"product_cat-accessories","8":"first","9":"instock","10":"shipping-taxable","11":"product-type-simple"},"jetpack_sharing_enabled":true,"_links":{"self":[{"href":"https:\/\/para-pharmacity.tn\/index.php?rest_route=\/wp\/v2\/product\/16777","targetHints":{"allow":["GET"]}}],"collection":[{"href":"https:\/\/para-pharmacity.tn\/index.php?rest_route=\/wp\/v2\/product"}],"about":[{"href":"https:\/\/para-pharmacity.tn\/index.php?rest_route=\/wp\/v2\/types\/product"}],"replies":[{"embeddable":true,"href":"https:\/\/para-pharmacity.tn\/index.php?rest_route=%2Fwp%2Fv2%2Fcomments&post=16777"}],"version-history":[{"count":2,"href":"https:\/\/para-pharmacity.tn\/index.php?rest_route=\/wp\/v2\/product\/16777\/revisions"}],"predecessor-version":[{"id":22838,"href":"https:\/\/para-pharmacity.tn\/index.php?rest_route=\/wp\/v2\/product\/16777\/revisions\/22838"}],"wp:featuredmedia":[{"embeddable":true,"href":"https:\/\/para-pharmacity.tn\/index.php?rest_route=\/wp\/v2\/media\/22837"}],"wp:attachment":[{"href":"https:\/\/para-pharmacity.tn\/index.php?rest_route=%2Fwp%2Fv2%2Fmedia&parent=16777"}],"wp:term":[{"taxonomy":"product_cat","embeddable":true,"href":"https:\/\/para-pharmacity.tn\/index.php?rest_route=%2Fwp%2Fv2%2Fproduct_cat&post=16777"},{"taxonomy":"product_tag","embeddable":true,"href":"https:\/\/para-pharmacity.tn\/index.php?rest_route=%2Fwp%2Fv2%2Fproduct_tag&post=16777"}],"curies":[{"name":"wp","href":"https:\/\/api.w.org\/{rel}","templated":true}]}}