{"id":16776,"date":"2024-07-10T22:59:09","date_gmt":"2024-07-10T22:59:09","guid":{"rendered":"https:\/\/para-pharmacity.tn\/?product=dermedic-melumin-emuls-mic-depig"},"modified":"2024-07-22T14:34:07","modified_gmt":"2024-07-22T14:34:07","slug":"dermedic-melumin-emuls-mic-depig","status":"publish","type":"product","link":"https:\/\/para-pharmacity.tn\/?product=dermedic-melumin-emuls-mic-depig","title":{"rendered":"DERMEDIC MELUMIN EMULS MIC DEPIG"},"content":{"rendered":"<p>L&#8217;emulsion \u00a0Micellaire Eclaircissante\u00a0 Dermedic Melumin enrichie\u00a0d&rsquo;Ingr\u00e9dients actifs: Complexe MeluminTM Tristage (Arbutine, Lightderm, Vitamine C, Niacinamide), Acide lactobionique, Glyc\u00e9rine, D-Panth\u00e9nol.<\/p>\n<p>Cette Emulsion Micellaire permet de Nettoyer\u00a0efficacement la peau des impuret\u00e9s et d\u00e9maquille, d&#8217;emp\u00eacher la formation de taches d&rsquo;hyperpigmentationPour laver avec ou sans eau<br \/>\nPrend en charge le traitement d\u00e9pigmentant<br \/>\nTest\u00e9 ophtalmologiquement et dermatologiquement<\/p>\n<p>Compositions\u00a0:<\/p>\n<p>MeluminTM Tristage complex (Arbutin, Lightderm, Vitamin C, Niacinamide), Lactobionic acid, Glycerin, D-Panthenol.<\/p>\n<p>Conseils d&rsquo;utilisations:<\/p>\n<p>Sans eau, Il est conseill\u00e9 d&rsquo;appliquer\u00a0une petite quantit\u00e9 du produit sur un coton et essuyez le visage, le cou et le d\u00e9collet\u00e9.<\/p>\n","protected":false},"excerpt":{"rendered":"<p>Cette Emulsion Micellaire permet de Nettoyer\u00a0efficacement la peau des impuret\u00e9s et d\u00e9maquille, d&#8217;emp\u00eacher la formation de taches d&rsquo;hyperpigmentation.<\/p>\n","protected":false},"featured_media":22834,"comment_status":"open","ping_status":"closed","template":"","meta":[],"product_cat":[20],"product_tag":[],"class_list":{"0":"post-16776","1":"product","2":"type-product","3":"status-publish","4":"has-post-thumbnail","6":"product_cat-accessories","8":"first","9":"instock","10":"shipping-taxable","11":"product-type-simple"},"jetpack_sharing_enabled":true,"_links":{"self":[{"href":"https:\/\/para-pharmacity.tn\/index.php?rest_route=\/wp\/v2\/product\/16776","targetHints":{"allow":["GET"]}}],"collection":[{"href":"https:\/\/para-pharmacity.tn\/index.php?rest_route=\/wp\/v2\/product"}],"about":[{"href":"https:\/\/para-pharmacity.tn\/index.php?rest_route=\/wp\/v2\/types\/product"}],"replies":[{"embeddable":true,"href":"https:\/\/para-pharmacity.tn\/index.php?rest_route=%2Fwp%2Fv2%2Fcomments&post=16776"}],"version-history":[{"count":1,"href":"https:\/\/para-pharmacity.tn\/index.php?rest_route=\/wp\/v2\/product\/16776\/revisions"}],"predecessor-version":[{"id":22835,"href":"https:\/\/para-pharmacity.tn\/index.php?rest_route=\/wp\/v2\/product\/16776\/revisions\/22835"}],"wp:featuredmedia":[{"embeddable":true,"href":"https:\/\/para-pharmacity.tn\/index.php?rest_route=\/wp\/v2\/media\/22834"}],"wp:attachment":[{"href":"https:\/\/para-pharmacity.tn\/index.php?rest_route=%2Fwp%2Fv2%2Fmedia&parent=16776"}],"wp:term":[{"taxonomy":"product_cat","embeddable":true,"href":"https:\/\/para-pharmacity.tn\/index.php?rest_route=%2Fwp%2Fv2%2Fproduct_cat&post=16776"},{"taxonomy":"product_tag","embeddable":true,"href":"https:\/\/para-pharmacity.tn\/index.php?rest_route=%2Fwp%2Fv2%2Fproduct_tag&post=16776"}],"curies":[{"name":"wp","href":"https:\/\/api.w.org\/{rel}","templated":true}]}}