{"id":16775,"date":"2024-07-10T22:59:08","date_gmt":"2024-07-10T22:59:08","guid":{"rendered":"https:\/\/para-pharmacity.tn\/?product=dermedic-melumin-eau-mic-400-ml"},"modified":"2024-07-22T14:30:36","modified_gmt":"2024-07-22T14:30:36","slug":"dermedic-melumin-eau-mic-400-ml","status":"publish","type":"product","link":"https:\/\/para-pharmacity.tn\/?product=dermedic-melumin-eau-mic-400-ml","title":{"rendered":"DERMEDIC MELUMIN EAU MIC 400 ML"},"content":{"rendered":"<p>Cette Emulsion Micellaire permet de Nettoyer efficacement la peau des impuret\u00e9s et d\u00e9maquille, d\u2019emp\u00eacher la formation de taches d\u2019hyper pigmentation Pour laver avec ou sans eau<\/p>\n<p>Prend en charge le traitement d\u00e9pigmentant<\/p>\n<p>Test\u00e9 ophtalmo logiquement et dermato logiquement<\/p>\n<p>Compositions :<\/p>\n<p>MeluminTM Tristage complex (Arbutin, Lightderm, Vitamin C, Niacinamide), Lactobionic acid, Glycerin, D-Panthenol.<\/p>\n","protected":false},"excerpt":{"rendered":"<p>L\u2019emulsion\u00a0 Micellaire Eclaircissante\u00a0 Dermedic Melumin enrichie d\u2019Ingr\u00e9dients actifs: Complexe MeluminTM Tristage (Arbutine, Lightderm, Vitamine C, Niacinamide), Acide lactobionique, Glyc\u00e9rine, D-Panth\u00e9nol.<\/p>\n","protected":false},"featured_media":22832,"comment_status":"open","ping_status":"closed","template":"","meta":[],"product_cat":[20],"product_tag":[],"class_list":{"0":"post-16775","1":"product","2":"type-product","3":"status-publish","4":"has-post-thumbnail","6":"product_cat-accessories","8":"first","9":"instock","10":"shipping-taxable","11":"product-type-simple"},"jetpack_sharing_enabled":true,"_links":{"self":[{"href":"https:\/\/para-pharmacity.tn\/index.php?rest_route=\/wp\/v2\/product\/16775","targetHints":{"allow":["GET"]}}],"collection":[{"href":"https:\/\/para-pharmacity.tn\/index.php?rest_route=\/wp\/v2\/product"}],"about":[{"href":"https:\/\/para-pharmacity.tn\/index.php?rest_route=\/wp\/v2\/types\/product"}],"replies":[{"embeddable":true,"href":"https:\/\/para-pharmacity.tn\/index.php?rest_route=%2Fwp%2Fv2%2Fcomments&post=16775"}],"version-history":[{"count":2,"href":"https:\/\/para-pharmacity.tn\/index.php?rest_route=\/wp\/v2\/product\/16775\/revisions"}],"predecessor-version":[{"id":22833,"href":"https:\/\/para-pharmacity.tn\/index.php?rest_route=\/wp\/v2\/product\/16775\/revisions\/22833"}],"wp:featuredmedia":[{"embeddable":true,"href":"https:\/\/para-pharmacity.tn\/index.php?rest_route=\/wp\/v2\/media\/22832"}],"wp:attachment":[{"href":"https:\/\/para-pharmacity.tn\/index.php?rest_route=%2Fwp%2Fv2%2Fmedia&parent=16775"}],"wp:term":[{"taxonomy":"product_cat","embeddable":true,"href":"https:\/\/para-pharmacity.tn\/index.php?rest_route=%2Fwp%2Fv2%2Fproduct_cat&post=16775"},{"taxonomy":"product_tag","embeddable":true,"href":"https:\/\/para-pharmacity.tn\/index.php?rest_route=%2Fwp%2Fv2%2Fproduct_tag&post=16775"}],"curies":[{"name":"wp","href":"https:\/\/api.w.org\/{rel}","templated":true}]}}