{"id":16774,"date":"2024-07-10T22:59:08","date_gmt":"2024-07-10T22:59:08","guid":{"rendered":"https:\/\/para-pharmacity.tn\/?product=dermedic-melumin-cr-nuit-anti-tache"},"modified":"2024-07-22T14:27:36","modified_gmt":"2024-07-22T14:27:36","slug":"dermedic-melumin-cr-nuit-anti-tache","status":"publish","type":"product","link":"https:\/\/para-pharmacity.tn\/?product=dermedic-melumin-cr-nuit-anti-tache","title":{"rendered":"DERMEDIC MELUMIN CR NUIT ANTI TACHE"},"content":{"rendered":"<p>La Cr\u00e8me de nuit concentr\u00e9e anti-taches Dermedic Melumin enrichie d&rsquo;Ingr\u00e9dients actifs: Complexe MeluminTM Tristage (arbutine, Lightderm, vitamine C, niacinamide), papa\u00efne, vitamine E, beurre de karit\u00e9, huile de noix de coco, huile d\u2019avocat, glyc\u00e9rine, allanto\u00efne.<\/p>\n<p>Cette Cr\u00e9me anti tache de nuit\u00a0 permet de\u00a0Fournir\u00a0une protection \u00e0 plusieurs niveaux contre les d\u00e9colorations ,Illuminer les taches d&rsquo;hyperpigmentation existantes<br \/>\n\u00c9liminer en douceur les cellules \u00e9pidermiques mortes et stimule la r\u00e9g\u00e9n\u00e9ration de l&rsquo;\u00e9piderme<br \/>\nTest\u00e9 dermatologiquement et cliniquement<\/p>\n<p><strong>Compositions:<\/strong><\/p>\n<p>Complex MeluminTM Tristage (Arbutin, Lightderm, Vitamin C, Niacinamide), Papain, Glycerin, Allantoin, Vitamin E, Shea Butter, Coconut Oil, Avocado Oil.<\/p>\n<p><strong>Conseils d&rsquo;utilisation:<\/strong><\/p>\n<p>Il est recommand\u00e9 d&rsquo;Appliquer dermedic\u00a0creme de nuit anti-tache le soir sur le visage, le cou et le d\u00e9collet\u00e9 nettoy\u00e9s et laisser absorber.<\/p>\n","protected":false},"excerpt":{"rendered":"<p>La Cr\u00e8me de nuit concentr\u00e9e anti-taches Dermedic Melumin enrichie d&rsquo;Ingr\u00e9dients actifs: Complexe MeluminTM Tristage (arbutine, Lightderm, vitamine C, niacinamide), papa\u00efne,<\/p>\n","protected":false},"featured_media":22829,"comment_status":"open","ping_status":"closed","template":"","meta":[],"product_cat":[20],"product_tag":[],"class_list":{"0":"post-16774","1":"product","2":"type-product","3":"status-publish","4":"has-post-thumbnail","6":"product_cat-accessories","8":"first","9":"instock","10":"shipping-taxable","11":"product-type-simple"},"jetpack_sharing_enabled":true,"_links":{"self":[{"href":"https:\/\/para-pharmacity.tn\/index.php?rest_route=\/wp\/v2\/product\/16774","targetHints":{"allow":["GET"]}}],"collection":[{"href":"https:\/\/para-pharmacity.tn\/index.php?rest_route=\/wp\/v2\/product"}],"about":[{"href":"https:\/\/para-pharmacity.tn\/index.php?rest_route=\/wp\/v2\/types\/product"}],"replies":[{"embeddable":true,"href":"https:\/\/para-pharmacity.tn\/index.php?rest_route=%2Fwp%2Fv2%2Fcomments&post=16774"}],"version-history":[{"count":1,"href":"https:\/\/para-pharmacity.tn\/index.php?rest_route=\/wp\/v2\/product\/16774\/revisions"}],"predecessor-version":[{"id":22830,"href":"https:\/\/para-pharmacity.tn\/index.php?rest_route=\/wp\/v2\/product\/16774\/revisions\/22830"}],"wp:featuredmedia":[{"embeddable":true,"href":"https:\/\/para-pharmacity.tn\/index.php?rest_route=\/wp\/v2\/media\/22829"}],"wp:attachment":[{"href":"https:\/\/para-pharmacity.tn\/index.php?rest_route=%2Fwp%2Fv2%2Fmedia&parent=16774"}],"wp:term":[{"taxonomy":"product_cat","embeddable":true,"href":"https:\/\/para-pharmacity.tn\/index.php?rest_route=%2Fwp%2Fv2%2Fproduct_cat&post=16774"},{"taxonomy":"product_tag","embeddable":true,"href":"https:\/\/para-pharmacity.tn\/index.php?rest_route=%2Fwp%2Fv2%2Fproduct_tag&post=16774"}],"curies":[{"name":"wp","href":"https:\/\/api.w.org\/{rel}","templated":true}]}}