{"id":16773,"date":"2024-07-10T22:59:08","date_gmt":"2024-07-10T22:59:08","guid":{"rendered":"https:\/\/para-pharmacity.tn\/?product=dermedic-melumin-cr-jour-anti-tache"},"modified":"2024-07-22T14:24:56","modified_gmt":"2024-07-22T14:24:56","slug":"dermedic-melumin-cr-jour-anti-tache","status":"publish","type":"product","link":"https:\/\/para-pharmacity.tn\/?product=dermedic-melumin-cr-jour-anti-tache","title":{"rendered":"DERMEDIC MELUMIN CR JOUR ANTI TACHE"},"content":{"rendered":"<p><strong>DERMEDIC MELUMIN Cr\u00e8me de jour protectrice \u00e9claircissante SPF50+<\/strong><\/p>\n<p>DERMEDIC MELUMN La cr\u00e8me \u00e9claircissante de jour enrichie Ingr\u00e9dients actifs pour eclaircir le teint tel que\u00a0complexe MeluminTM Tristage (arbutine, Lightderm, vitamine C, niacinamide), filtres UV, vitamine E, huile de coco.<\/p>\n<p>DERMEDIC MELUMIN Cr\u00e8me de jour protectrice \u00e9claircissante SPF50+ :<\/p>\n<ul>\n<li>Syst\u00e8me de protection \u00e0 plusieurs niveaux contre la d\u00e9coloration MeluminTM Tristage<\/li>\n<li>Tr\u00e8s haute protection contre les rayons UV<\/li>\n<li>\u00c9claircissement des taches existantes et hyperpigmentation d&rsquo;\u00e9tiologies diverses<\/li>\n<\/ul>\n<p>DERMEDIC MELUMIN Cr\u00e8me de jour Fournit un effet anti-radicalaire et anti-vieillissement<\/p>\n<hr \/>\n<p><span style=\"color: #ffffff\"><u><strong>Composition :<\/strong><\/u><br \/>\n<\/span><br \/>\nMeluminTM Tristage complex (Arbutin, Lightderm, Vitamin C, Niacinamide), UV filters, Vitamin E, Coconut oil.<\/p>\n<hr \/>\n<p><span style=\"color: #ffffff\"><u><strong>Conseils d&rsquo;utilisation :<\/strong><\/u><br \/>\n<\/span><br \/>\nIl est recommand\u00e9 d&rsquo;Appliquer DERMEDIC MELUMIN Cr\u00e8me de jour protectrice \u00e9claircissante SPF50+ le matin sur le visage, le cou et le d\u00e9collet\u00e9 nettoy\u00e9s et laisser absorber.<\/p>\n","protected":false},"excerpt":{"rendered":"<p>DERMEDIC MELUMIN Cr\u00e8me de jour protectrice \u00e9claircissante SPF50+ DERMEDIC MELUMN La cr\u00e8me \u00e9claircissante de jour enrichie Ingr\u00e9dients actifs pour eclaircir<\/p>\n","protected":false},"featured_media":22827,"comment_status":"open","ping_status":"closed","template":"","meta":[],"product_cat":[20],"product_tag":[],"class_list":{"0":"post-16773","1":"product","2":"type-product","3":"status-publish","4":"has-post-thumbnail","6":"product_cat-accessories","8":"first","9":"instock","10":"shipping-taxable","11":"product-type-simple"},"jetpack_sharing_enabled":true,"_links":{"self":[{"href":"https:\/\/para-pharmacity.tn\/index.php?rest_route=\/wp\/v2\/product\/16773","targetHints":{"allow":["GET"]}}],"collection":[{"href":"https:\/\/para-pharmacity.tn\/index.php?rest_route=\/wp\/v2\/product"}],"about":[{"href":"https:\/\/para-pharmacity.tn\/index.php?rest_route=\/wp\/v2\/types\/product"}],"replies":[{"embeddable":true,"href":"https:\/\/para-pharmacity.tn\/index.php?rest_route=%2Fwp%2Fv2%2Fcomments&post=16773"}],"version-history":[{"count":2,"href":"https:\/\/para-pharmacity.tn\/index.php?rest_route=\/wp\/v2\/product\/16773\/revisions"}],"predecessor-version":[{"id":22828,"href":"https:\/\/para-pharmacity.tn\/index.php?rest_route=\/wp\/v2\/product\/16773\/revisions\/22828"}],"wp:featuredmedia":[{"embeddable":true,"href":"https:\/\/para-pharmacity.tn\/index.php?rest_route=\/wp\/v2\/media\/22827"}],"wp:attachment":[{"href":"https:\/\/para-pharmacity.tn\/index.php?rest_route=%2Fwp%2Fv2%2Fmedia&parent=16773"}],"wp:term":[{"taxonomy":"product_cat","embeddable":true,"href":"https:\/\/para-pharmacity.tn\/index.php?rest_route=%2Fwp%2Fv2%2Fproduct_cat&post=16773"},{"taxonomy":"product_tag","embeddable":true,"href":"https:\/\/para-pharmacity.tn\/index.php?rest_route=%2Fwp%2Fv2%2Fproduct_tag&post=16773"}],"curies":[{"name":"wp","href":"https:\/\/api.w.org\/{rel}","templated":true}]}}