{"id":16772,"date":"2024-07-10T22:59:08","date_gmt":"2024-07-10T22:59:08","guid":{"rendered":"https:\/\/para-pharmacity.tn\/?product=dermedic-linum-cr-regerante-pour-les-mai"},"modified":"2024-07-22T14:08:46","modified_gmt":"2024-07-22T14:08:46","slug":"dermedic-linum-cr-regerante-pour-les-mai","status":"publish","type":"product","link":"https:\/\/para-pharmacity.tn\/?product=dermedic-linum-cr-regerante-pour-les-mai","title":{"rendered":"DERMEDIC LINUM CR REGERANTE POUR LES MAI"},"content":{"rendered":"<p style=\"font-weight: 400\"><b><strong>Substances actives:<\/strong><\/b>\u00a0Huile de lin avec acides gras essentiels: Om\u00e9ga 3, Om\u00e9ga 6, Om\u00e9ga 9, Allanto\u00efne, Lanoline, Glyc\u00e9rine, Vitamine E<\/p>\n<ul>\n<li style=\"font-weight: 400\">Apaise les microl\u00e9sions de l&rsquo;\u00e9piderme et hydrate durablement les peaux sensibles<\/li>\n<li style=\"font-weight: 400\">Compl\u00e8te la barri\u00e8re lipidique et inhibe la perte d&rsquo;eau trans\u00e9pidermique (r\u00e9duit le TEWL)<\/li>\n<li style=\"font-weight: 400\">Renforce la r\u00e9g\u00e9n\u00e9ration de l&rsquo;\u00e9piderme<\/li>\n<li style=\"font-weight: 400\">Stimule l&rsquo;activit\u00e9 enzymatique de la peau, aide \u00e0 cr\u00e9er de nouvelles cellules<\/li>\n<li style=\"font-weight: 400\">S&rsquo;absorbe rapidement et ne laisse pas de film gras sur la peau<\/li>\n<li style=\"font-weight: 400\">Hypoallerg\u00e9nique<\/li>\n<\/ul>\n<p style=\"font-weight: 400\"><span style=\"font-weight: 600\">CONSEIL D&rsquo;UTILISATION :<\/span><\/p>\n<p style=\"font-weight: 400\">Appliquer une fine couche de cr\u00e8me sur les mains parfaitement nettoy\u00e9es, \u00e9taler d\u00e9licatement. Il est recommand\u00e9 de l&rsquo;appliquer apr\u00e8s chaque lavage des mains.<\/p>\n","protected":false},"excerpt":{"rendered":"<p>Cr\u00e8me r\u00e9g\u00e9n\u00e9rante pour les mains<\/p>\n","protected":false},"featured_media":22824,"comment_status":"open","ping_status":"closed","template":"","meta":[],"product_cat":[20],"product_tag":[],"class_list":{"0":"post-16772","1":"product","2":"type-product","3":"status-publish","4":"has-post-thumbnail","6":"product_cat-accessories","8":"first","9":"instock","10":"shipping-taxable","11":"product-type-simple"},"jetpack_sharing_enabled":true,"_links":{"self":[{"href":"https:\/\/para-pharmacity.tn\/index.php?rest_route=\/wp\/v2\/product\/16772","targetHints":{"allow":["GET"]}}],"collection":[{"href":"https:\/\/para-pharmacity.tn\/index.php?rest_route=\/wp\/v2\/product"}],"about":[{"href":"https:\/\/para-pharmacity.tn\/index.php?rest_route=\/wp\/v2\/types\/product"}],"replies":[{"embeddable":true,"href":"https:\/\/para-pharmacity.tn\/index.php?rest_route=%2Fwp%2Fv2%2Fcomments&post=16772"}],"version-history":[{"count":1,"href":"https:\/\/para-pharmacity.tn\/index.php?rest_route=\/wp\/v2\/product\/16772\/revisions"}],"predecessor-version":[{"id":22825,"href":"https:\/\/para-pharmacity.tn\/index.php?rest_route=\/wp\/v2\/product\/16772\/revisions\/22825"}],"wp:featuredmedia":[{"embeddable":true,"href":"https:\/\/para-pharmacity.tn\/index.php?rest_route=\/wp\/v2\/media\/22824"}],"wp:attachment":[{"href":"https:\/\/para-pharmacity.tn\/index.php?rest_route=%2Fwp%2Fv2%2Fmedia&parent=16772"}],"wp:term":[{"taxonomy":"product_cat","embeddable":true,"href":"https:\/\/para-pharmacity.tn\/index.php?rest_route=%2Fwp%2Fv2%2Fproduct_cat&post=16772"},{"taxonomy":"product_tag","embeddable":true,"href":"https:\/\/para-pharmacity.tn\/index.php?rest_route=%2Fwp%2Fv2%2Fproduct_tag&post=16772"}],"curies":[{"name":"wp","href":"https:\/\/api.w.org\/{rel}","templated":true}]}}