{"id":16771,"date":"2024-07-10T22:59:07","date_gmt":"2024-07-10T22:59:07","guid":{"rendered":"https:\/\/para-pharmacity.tn\/?product=dermedic-hyd-3-serum-hydratant"},"modified":"2024-07-22T14:06:10","modified_gmt":"2024-07-22T14:06:10","slug":"dermedic-hyd-3-serum-hydratant","status":"publish","type":"product","link":"https:\/\/para-pharmacity.tn\/?product=dermedic-hyd-3-serum-hydratant","title":{"rendered":"DERMEDIC HYD 3 SERUM HYDRATANT"},"content":{"rendered":"<p>Les produits derm\u00e9diques de la s\u00e9rie HYDRAIN3 sont une gamme de dermocosm\u00e9tiques hydratants utilis\u00e9s dans les soins de la peau d\u00e9shydrat\u00e9e ou s\u00e8che irrigu\u00e9e. L&rsquo;ingr\u00e9dient actif principal est l&rsquo;acide hyaluronique, qui maintient un niveau d&rsquo;hydratation ad\u00e9quat de la peau. Cela le rend fort et reste en parfait \u00e9tat. Les cosm\u00e9tiques \u00e0 base d&rsquo;acide hyaluronique hydratent en profondeur, retardent le processus de vieillissement, aident \u00e0 retrouver l&rsquo;\u00e9lasticit\u00e9.<\/p>\n<p>&nbsp;<\/p>\n<p><strong>caract\u00e9ristiques:<\/strong><\/p>\n<p>S\u00e9rum hydratant visage, cou et d\u00e9collet\u00e9 de la s\u00e9rie DERMEDIC HYDRAIN 3. HIALURO est un produit con\u00e7u pour le soin des peaux s\u00e8ches et tr\u00e8s s\u00e8ches dans des conditions de forte s\u00e9cheresse ou alternativement avec la cr\u00e8me Hydrain3 pour renforcer les soins de base. Il n&rsquo;irrite pas &#8211; un produit hypoallerg\u00e9nique.<\/p>\n<p>&nbsp;<\/p>\n<p><strong>Type de peau:<\/strong><\/p>\n<p>Recommand\u00e9 pour le soin des peaux s\u00e8ches et tr\u00e8s s\u00e8ches dans des conditions de forte s\u00e9cheresse ou avec la cr\u00e8me Hydrain3 pour renforcer les soins de base.<\/p>\n<p>&nbsp;<\/p>\n<p><strong>Ingr\u00e9dients actifs:<\/strong><\/p>\n<p>Eau thermale, Acide Hyaluronique 15%, Huile d\u2019amande, Vitamine E, Glyc\u00e9rine, Phytosqualane &#8211; Squalane<\/p>\n<p>&nbsp;<\/p>\n<p><strong>l&rsquo;action:<\/strong><\/p>\n<p>&nbsp;<\/p>\n<p>La plus forte concentration d&rsquo;acide hyaluronique acceptable en cosm\u00e9tique &#8211; 15%<\/p>\n<p>Il lisse instantan\u00e9ment la peau<\/p>\n<p>Raffermit et prot\u00e8ge contre le vieillissement pr\u00e9matur\u00e9<\/p>\n<p>Il ne pas obstruer les pores<\/p>\n<p>Une consistance d\u00e9licate parfaite pour le maquillage<\/p>\n<p>Pour le jour et la nuit<\/p>\n<p>Il n&rsquo;irrite pas &#8211; un produit hypoallerg\u00e9nique.<\/p>\n<p>&nbsp;<\/p>\n<p>&nbsp;<\/p>\n<p><strong>Utilisation:<\/strong><\/p>\n<p>Appliquez une couche uniforme sur le visage, le cou et le d\u00e9collet\u00e9, et laissez absorber.<\/p>\n<p>&nbsp;<\/p>\n<p><strong>Forme:<\/strong>\u00a0s\u00e9rum.<\/p>\n<p>&nbsp;<\/p>\n<p><strong>Capacit\u00e9:<\/strong>\u00a030 ml.<\/p>\n","protected":false},"excerpt":{"rendered":"<p>DERMEDIC HYDRAIN 3 HIALURO S\u00e9rum qui hydrate le visage, le cou et le d\u00e9collet\u00e9 30 ml<\/p>\n","protected":false},"featured_media":22822,"comment_status":"open","ping_status":"closed","template":"","meta":[],"product_cat":[20],"product_tag":[],"class_list":{"0":"post-16771","1":"product","2":"type-product","3":"status-publish","4":"has-post-thumbnail","6":"product_cat-accessories","8":"first","9":"instock","10":"shipping-taxable","11":"product-type-simple"},"jetpack_sharing_enabled":true,"_links":{"self":[{"href":"https:\/\/para-pharmacity.tn\/index.php?rest_route=\/wp\/v2\/product\/16771","targetHints":{"allow":["GET"]}}],"collection":[{"href":"https:\/\/para-pharmacity.tn\/index.php?rest_route=\/wp\/v2\/product"}],"about":[{"href":"https:\/\/para-pharmacity.tn\/index.php?rest_route=\/wp\/v2\/types\/product"}],"replies":[{"embeddable":true,"href":"https:\/\/para-pharmacity.tn\/index.php?rest_route=%2Fwp%2Fv2%2Fcomments&post=16771"}],"version-history":[{"count":1,"href":"https:\/\/para-pharmacity.tn\/index.php?rest_route=\/wp\/v2\/product\/16771\/revisions"}],"predecessor-version":[{"id":22823,"href":"https:\/\/para-pharmacity.tn\/index.php?rest_route=\/wp\/v2\/product\/16771\/revisions\/22823"}],"wp:featuredmedia":[{"embeddable":true,"href":"https:\/\/para-pharmacity.tn\/index.php?rest_route=\/wp\/v2\/media\/22822"}],"wp:attachment":[{"href":"https:\/\/para-pharmacity.tn\/index.php?rest_route=%2Fwp%2Fv2%2Fmedia&parent=16771"}],"wp:term":[{"taxonomy":"product_cat","embeddable":true,"href":"https:\/\/para-pharmacity.tn\/index.php?rest_route=%2Fwp%2Fv2%2Fproduct_cat&post=16771"},{"taxonomy":"product_tag","embeddable":true,"href":"https:\/\/para-pharmacity.tn\/index.php?rest_route=%2Fwp%2Fv2%2Fproduct_tag&post=16771"}],"curies":[{"name":"wp","href":"https:\/\/api.w.org\/{rel}","templated":true}]}}