{"id":16769,"date":"2024-07-10T22:59:05","date_gmt":"2024-07-10T22:59:05","guid":{"rendered":"https:\/\/para-pharmacity.tn\/?product=dermedic-hyd-3-roll-on-anti-tr-blan"},"modified":"2024-07-22T14:00:41","modified_gmt":"2024-07-22T14:00:41","slug":"dermedic-hyd-3-roll-on-anti-tr-blan","status":"publish","type":"product","link":"https:\/\/para-pharmacity.tn\/?product=dermedic-hyd-3-roll-on-anti-tr-blan","title":{"rendered":"DERMEDIC HYD 3 ROLL ON ANTI-TR BLAN"},"content":{"rendered":"<p>Il limite la s\u00e9cr\u00e9tion de sueur Limite les effets de la r\u00e9partition de la sueur Il ne laisse aucune marque sur le v\u00eatement Fonctionne 48 heures Avec une odeur neutre hypoallerg\u00e9nique<\/p>\n","protected":false},"excerpt":{"rendered":"<p>Il limite la s\u00e9cr\u00e9tion de sueur Limite les effets de la r\u00e9partition de la sueur Il ne laisse aucune marque sur le v\u00eatement Fonctionne 48 heures Avec une odeur neutre hypoallerg\u00e9nique<\/p>\n","protected":false},"featured_media":22818,"comment_status":"open","ping_status":"closed","template":"","meta":[],"product_cat":[20],"product_tag":[],"class_list":{"0":"post-16769","1":"product","2":"type-product","3":"status-publish","4":"has-post-thumbnail","6":"product_cat-accessories","8":"first","9":"instock","10":"shipping-taxable","11":"product-type-simple"},"jetpack_sharing_enabled":true,"_links":{"self":[{"href":"https:\/\/para-pharmacity.tn\/index.php?rest_route=\/wp\/v2\/product\/16769","targetHints":{"allow":["GET"]}}],"collection":[{"href":"https:\/\/para-pharmacity.tn\/index.php?rest_route=\/wp\/v2\/product"}],"about":[{"href":"https:\/\/para-pharmacity.tn\/index.php?rest_route=\/wp\/v2\/types\/product"}],"replies":[{"embeddable":true,"href":"https:\/\/para-pharmacity.tn\/index.php?rest_route=%2Fwp%2Fv2%2Fcomments&post=16769"}],"version-history":[{"count":2,"href":"https:\/\/para-pharmacity.tn\/index.php?rest_route=\/wp\/v2\/product\/16769\/revisions"}],"predecessor-version":[{"id":22819,"href":"https:\/\/para-pharmacity.tn\/index.php?rest_route=\/wp\/v2\/product\/16769\/revisions\/22819"}],"wp:featuredmedia":[{"embeddable":true,"href":"https:\/\/para-pharmacity.tn\/index.php?rest_route=\/wp\/v2\/media\/22818"}],"wp:attachment":[{"href":"https:\/\/para-pharmacity.tn\/index.php?rest_route=%2Fwp%2Fv2%2Fmedia&parent=16769"}],"wp:term":[{"taxonomy":"product_cat","embeddable":true,"href":"https:\/\/para-pharmacity.tn\/index.php?rest_route=%2Fwp%2Fv2%2Fproduct_cat&post=16769"},{"taxonomy":"product_tag","embeddable":true,"href":"https:\/\/para-pharmacity.tn\/index.php?rest_route=%2Fwp%2Fv2%2Fproduct_tag&post=16769"}],"curies":[{"name":"wp","href":"https:\/\/api.w.org\/{rel}","templated":true}]}}