{"id":16766,"date":"2024-07-10T22:59:04","date_gmt":"2024-07-10T22:59:04","guid":{"rendered":"https:\/\/para-pharmacity.tn\/?product=dermedic-hyd-3-enzyme-peeling"},"modified":"2024-07-22T13:40:48","modified_gmt":"2024-07-22T13:40:48","slug":"dermedic-hyd-3-enzyme-peeling","status":"publish","type":"product","link":"https:\/\/para-pharmacity.tn\/?product=dermedic-hyd-3-enzyme-peeling","title":{"rendered":"DERMEDIC HYD 3 ENZYME PEELING"},"content":{"rendered":"<p><strong>DERMEDIC HYDRAIN 3 ENZYME PEELING 50G<\/strong><\/p>\n<p>Dermedic Hydrain3 peeling est une creme de peeling de nuit qui permet d&rsquo;\u00c9liminer en douceur les cellules mortes de la peau de la couche sup\u00e9rieure de la peau. Pr\u00e9parer parfaitement la peau pour les soins futurs. N&rsquo;irrite pas la peau contrairement au peeling m\u00e9canique. Hypoallerg\u00e9nique.<\/p>\n<ul>\n<li>Eau thermale &#8211; Eau souterraine fortement min\u00e9ralis\u00e9e, o\u00f9 la temp\u00e9rature est nettement sup\u00e9rieure \u00e0 la temp\u00e9rature moyenne dans la zone mini\u00e8re. A des propri\u00e9t\u00e9s apaisantes. Stimule le processus de r\u00e9g\u00e9n\u00e9ration et pr\u00e9vient les irritations.<\/li>\n<\/ul>\n<ul>\n<li>\u00a0Le complexe d\u2019acides alpha-hydroxyl\u00e9s (AHA &#8211; acide glycolique) et de L-arginine (6%), en fonction de la concentration en acide glycolique, peut recevoir un effet hydratant, peeling, stimulation des processus de r\u00e9g\u00e9n\u00e9ration cellulaire profonde, mais \u00e0 des concentrations maximales, exposition au derme. L&rsquo;acide glycolique aide \u00e0 pr\u00e9venir les processus de vieillissement de la peau, \u00e0 r\u00e9duire les rides, \u00e0 restaurer l&rsquo;\u00e9lasticit\u00e9 et l&rsquo;\u00e9paisseur du derme.<\/li>\n<li>Acide hyaluronique &#8211; maintient le niveau d&rsquo;humidit\u00e9 de la peau. Renforce la peau et assure son parfait \u00e9tat. Retarde le processus de vieillissement de la peau, redonne de la fermet\u00e9 \u00e0 la peau.<\/li>\n<li>L&rsquo;ur\u00e9e est un composant du facteur naturel d&rsquo;hydratation (NMF). La concentration en ur\u00e9e dans l&rsquo;\u00e9piderme est de 1-2%. Dans la forme cosm\u00e9tique, l&rsquo;ur\u00e9e augmente l&rsquo;humidit\u00e9 de la peau, adoucit et r\u00e9duit la porosit\u00e9.<\/li>\n<li>Glyc\u00e9rine &#8211; un ingr\u00e9dient d&rsquo;origine v\u00e9g\u00e9tale utilis\u00e9 comme agent hydratant. La glyc\u00e9rine pompe les mol\u00e9cules d&rsquo;eau \u00e0 la surface de la peau, la rendant plus lisse et plus douce.<\/li>\n<li>Allanto\u00efne &#8211; a des propri\u00e9t\u00e9s apaisantes, anti-inflammatoires et r\u00e9g\u00e9n\u00e9ratrices. Stimule la division cellulaire et stimule le rajeunissement et la gu\u00e9rison de l&rsquo;\u00e9piderme irrit\u00e9. R\u00e9duit les rougeurs et les irritations de la peau, hydrate, adoucit et moule l&rsquo;\u00e9piderme, prot\u00e8ge des facteurs environnementaux externes. Poss\u00e8de des propri\u00e9t\u00e9s anti-oxydantes.<\/li>\n<\/ul>\n<hr \/>\n<p><u><strong><span style=\"color: #424242\">Composition\u00a0 :<\/span><\/strong><\/u><\/p>\n<p>Composants actifs &#8211; eau thermale, complexe d&rsquo;alpha-hydroxyacide (AHA) et de L-arginine (6%), acide hyaluronique, ur\u00e9e, glyc\u00e9rol, allanto\u00efne.<\/p>\n<hr \/>\n<p><span style=\"color: #424242\"><b><u>Conseils d&rsquo;utilisation\u00a0:<\/u><\/b><\/span><\/p>\n<p>Il est indiqu\u00e9 d&rsquo;Appliquer\u00a0DERMEDIC HYDRAIN 3 ENZYME PEELING sur la peau du visage, laisser agir pendant 15-20 minutes, nettoyer le r\u00e9sidu avec un coton.<\/p>\n","protected":false},"excerpt":{"rendered":"<p>DERMEDIC HYDRAIN 3 ENZYME PEELING 50G Dermedic Hydrain3 peeling est une creme de peeling de nuit qui permet d&rsquo;\u00c9liminer en<\/p>\n","protected":false},"featured_media":22809,"comment_status":"open","ping_status":"closed","template":"","meta":[],"product_cat":[20],"product_tag":[],"class_list":{"0":"post-16766","1":"product","2":"type-product","3":"status-publish","4":"has-post-thumbnail","6":"product_cat-accessories","8":"first","9":"instock","10":"shipping-taxable","11":"product-type-simple"},"jetpack_sharing_enabled":true,"_links":{"self":[{"href":"https:\/\/para-pharmacity.tn\/index.php?rest_route=\/wp\/v2\/product\/16766","targetHints":{"allow":["GET"]}}],"collection":[{"href":"https:\/\/para-pharmacity.tn\/index.php?rest_route=\/wp\/v2\/product"}],"about":[{"href":"https:\/\/para-pharmacity.tn\/index.php?rest_route=\/wp\/v2\/types\/product"}],"replies":[{"embeddable":true,"href":"https:\/\/para-pharmacity.tn\/index.php?rest_route=%2Fwp%2Fv2%2Fcomments&post=16766"}],"version-history":[{"count":2,"href":"https:\/\/para-pharmacity.tn\/index.php?rest_route=\/wp\/v2\/product\/16766\/revisions"}],"predecessor-version":[{"id":22810,"href":"https:\/\/para-pharmacity.tn\/index.php?rest_route=\/wp\/v2\/product\/16766\/revisions\/22810"}],"wp:featuredmedia":[{"embeddable":true,"href":"https:\/\/para-pharmacity.tn\/index.php?rest_route=\/wp\/v2\/media\/22809"}],"wp:attachment":[{"href":"https:\/\/para-pharmacity.tn\/index.php?rest_route=%2Fwp%2Fv2%2Fmedia&parent=16766"}],"wp:term":[{"taxonomy":"product_cat","embeddable":true,"href":"https:\/\/para-pharmacity.tn\/index.php?rest_route=%2Fwp%2Fv2%2Fproduct_cat&post=16766"},{"taxonomy":"product_tag","embeddable":true,"href":"https:\/\/para-pharmacity.tn\/index.php?rest_route=%2Fwp%2Fv2%2Fproduct_tag&post=16766"}],"curies":[{"name":"wp","href":"https:\/\/api.w.org\/{rel}","templated":true}]}}