{"id":16765,"date":"2024-07-10T22:59:04","date_gmt":"2024-07-10T22:59:04","guid":{"rendered":"https:\/\/para-pharmacity.tn\/?product=dermedic-hyd-3-eau-micellaire-115-m"},"modified":"2024-07-22T13:36:29","modified_gmt":"2024-07-22T13:36:29","slug":"dermedic-hyd-3-eau-micellaire-115-m","status":"publish","type":"product","link":"https:\/\/para-pharmacity.tn\/?product=dermedic-hyd-3-eau-micellaire-115-m","title":{"rendered":"DERMEDIC HYD 3 EAU MICELLAIRE 115 M"},"content":{"rendered":"<p>Dermedic Hydrain le D\u00e9maquillant eau micellaire biphas\u00e9 permet d&rsquo;enl\u00e8ver m\u00eame le maquillage hydrofuge, sans sensation de peau tendue ou s\u00e8che.<\/p>\n<p>DERMEDIC HYDRAIN3 Eau Micellaire BI-PHASE :<\/p>\n<ul>\n<li>Stimule la croissance des cils, les renforce et les prot\u00e8ge<\/li>\n<li>Maintient l&rsquo;\u00e9quilibre physiologique de la peau sensible du contour des yeux<\/li>\n<li>N&rsquo;irrite pas les yeux<\/li>\n<li>Hypoallerg\u00e9nique<\/li>\n<li>Test\u00e9 sur des personnes portant des lentilles de contact<\/li>\n<li>Test\u00e9 cliniquement et ophtalmologiquement<\/li>\n<\/ul>\n<hr \/>\n<p><span style=\"color: #424242\"><b><u>Composition :<\/u><\/b><\/span><\/p>\n<p>Ingr\u00e9dients actifs: eau thermale, complexe Fortilash, Hydroveg VV, glyc\u00e9rine<\/p>\n<p><span style=\"color: #424242\"><b><u>Conseils d&rsquo;utilisation :\u00a0<\/u><\/b><\/span><\/p>\n<ul>\n<li>\u00a0Agiter le flacon jusqu&rsquo;\u00e0 ce que les 2 phases soient bien m\u00e9lang\u00e9es.<\/li>\n<li>Humidifiez le coton avec DERMEDIC HYDRAIN3 Eau Micellaire BI-PHASE et posez-le sur la paupi\u00e8re.<\/li>\n<li>Enlevez d\u00e9licatement le maquillage des yeux avec des mouvements lents vers le bas.<\/li>\n<\/ul>\n","protected":false},"excerpt":{"rendered":"<p>Dermedic Hydrain le D\u00e9maquillant eau micellaire biphas\u00e9 permet d&rsquo;enl\u00e8ver m\u00eame le maquillage hydrofuge, sans sensation de peau tendue ou s\u00e8che.<\/p>\n","protected":false},"featured_media":22804,"comment_status":"open","ping_status":"closed","template":"","meta":[],"product_cat":[20],"product_tag":[],"class_list":{"0":"post-16765","1":"product","2":"type-product","3":"status-publish","4":"has-post-thumbnail","6":"product_cat-accessories","8":"first","9":"instock","10":"shipping-taxable","11":"product-type-simple"},"jetpack_sharing_enabled":true,"_links":{"self":[{"href":"https:\/\/para-pharmacity.tn\/index.php?rest_route=\/wp\/v2\/product\/16765","targetHints":{"allow":["GET"]}}],"collection":[{"href":"https:\/\/para-pharmacity.tn\/index.php?rest_route=\/wp\/v2\/product"}],"about":[{"href":"https:\/\/para-pharmacity.tn\/index.php?rest_route=\/wp\/v2\/types\/product"}],"replies":[{"embeddable":true,"href":"https:\/\/para-pharmacity.tn\/index.php?rest_route=%2Fwp%2Fv2%2Fcomments&post=16765"}],"version-history":[{"count":1,"href":"https:\/\/para-pharmacity.tn\/index.php?rest_route=\/wp\/v2\/product\/16765\/revisions"}],"predecessor-version":[{"id":22805,"href":"https:\/\/para-pharmacity.tn\/index.php?rest_route=\/wp\/v2\/product\/16765\/revisions\/22805"}],"wp:featuredmedia":[{"embeddable":true,"href":"https:\/\/para-pharmacity.tn\/index.php?rest_route=\/wp\/v2\/media\/22804"}],"wp:attachment":[{"href":"https:\/\/para-pharmacity.tn\/index.php?rest_route=%2Fwp%2Fv2%2Fmedia&parent=16765"}],"wp:term":[{"taxonomy":"product_cat","embeddable":true,"href":"https:\/\/para-pharmacity.tn\/index.php?rest_route=%2Fwp%2Fv2%2Fproduct_cat&post=16765"},{"taxonomy":"product_tag","embeddable":true,"href":"https:\/\/para-pharmacity.tn\/index.php?rest_route=%2Fwp%2Fv2%2Fproduct_tag&post=16765"}],"curies":[{"name":"wp","href":"https:\/\/api.w.org\/{rel}","templated":true}]}}