{"id":16764,"date":"2024-07-10T22:59:03","date_gmt":"2024-07-10T22:59:03","guid":{"rendered":"https:\/\/para-pharmacity.tn\/?product=dermedic-hyd-3-eau-mic-500-ml"},"modified":"2024-07-22T13:34:05","modified_gmt":"2024-07-22T13:34:05","slug":"dermedic-hyd-3-eau-mic-500-ml","status":"publish","type":"product","link":"https:\/\/para-pharmacity.tn\/?product=dermedic-hyd-3-eau-mic-500-ml","title":{"rendered":"DERMEDIC HYD 3 EAU MIC 500 ML"},"content":{"rendered":"<p><strong>DESCRIPTION<\/strong><\/p>\n<p>Forme fluide micellaire Conditionnement Flacon 500ml<\/p>\n<p>Fabriqu\u00e9 dans des conditions pharmaceutiques. Le produit a \u00e9t\u00e9 test\u00e9 dermatologiquement. Action D\u00e9di\u00e9 au d\u00e9maquillant yeux et visage pour les peaux s\u00e8ches et d\u00e9shydrat\u00e9es. Nettoie le maquillage et les impuret\u00e9s, laissant une sensation de fra\u00eecheur et de puret\u00e9 &#8211; d&rsquo;esters d&rsquo;micelles acides gras \u00ab attirer \u00bb la pollution sans la n\u00e9cessit\u00e9 d&rsquo;une friction excessive de la peau avec un coton-tige. Ne pas irriter les yeux &#8211; hypoallerg\u00e9nique &#8211; propret\u00e9 qui donne l&rsquo;eau thermale ne cause pas d&rsquo;irritation, m\u00eame chez les personnes tr\u00e8s sensibles. Il ne dess\u00e8che pas la peau comme d&rsquo;autres d\u00e9tergents &#8211; L&rsquo;acide hyaluronique &#8211; complexe d&rsquo;acide hyaluronique Hydroveg VV &#8211; ramollir et \u00e0 maintenir l&rsquo;hydratation de la couche corn\u00e9e de la peau. Il ne pas obstruer les pores. Il ne laisse pas de film sur la peau. Test\u00e9 par des personnes portant des lentilles de contact. Indications Recommand\u00e9es pour le nettoyage des yeux et de la peau sensibles. Aussi, pour les personnes qui ne tol\u00e8rent pas les d\u00e9maquillants traditionnels : Comment humidifier l\u00e9g\u00e8rement le coton avec un liquide micellaire et bouger doucement le visage, le cou et le d\u00e9collet\u00e9.<\/p>\n<p>Appliquez un p\u00e9tale humide sur vos yeux, attendez un instant et lavez doucement le maquillage en effectuant des mouvements verticaux.<\/p>\n<p><strong>Composition\u00a0:<\/strong><\/p>\n<p>Aqua, Glycerin, PEG-40 huile de ricin hydrog\u00e9n\u00e9e, PEG-7 cocoate de glyc\u00e9rol, hyaluronate de sodium, Ur\u00e9e, Diglyc\u00e9rine, sodium PCA, prot\u00e9ine de bl\u00e9 hydrolys\u00e9e, Sorbitol, Lysine, allanto\u00efne, acide lactique, Parfum, Cetrimonium le bromure.<\/p>\n","protected":false},"excerpt":{"rendered":"<p>Il enl\u00e8ve le maquillage et toutes les impuret\u00e9s, vous laissant une sensation de fra\u00eecheur et de propret\u00e9 Il adoucit et maintient l&rsquo;hydratation de la couche corn\u00e9e Il ne bouche pas les pores et laisse le film sur la peau Il n&rsquo;irrite pas les yeux Test\u00e9 ophtalmologiquement hypoallerg\u00e9nique.<\/p>\n","protected":false},"featured_media":22802,"comment_status":"open","ping_status":"closed","template":"","meta":[],"product_cat":[20],"product_tag":[],"class_list":{"0":"post-16764","1":"product","2":"type-product","3":"status-publish","4":"has-post-thumbnail","6":"product_cat-accessories","8":"first","9":"instock","10":"shipping-taxable","11":"product-type-simple"},"jetpack_sharing_enabled":true,"_links":{"self":[{"href":"https:\/\/para-pharmacity.tn\/index.php?rest_route=\/wp\/v2\/product\/16764","targetHints":{"allow":["GET"]}}],"collection":[{"href":"https:\/\/para-pharmacity.tn\/index.php?rest_route=\/wp\/v2\/product"}],"about":[{"href":"https:\/\/para-pharmacity.tn\/index.php?rest_route=\/wp\/v2\/types\/product"}],"replies":[{"embeddable":true,"href":"https:\/\/para-pharmacity.tn\/index.php?rest_route=%2Fwp%2Fv2%2Fcomments&post=16764"}],"version-history":[{"count":2,"href":"https:\/\/para-pharmacity.tn\/index.php?rest_route=\/wp\/v2\/product\/16764\/revisions"}],"predecessor-version":[{"id":22803,"href":"https:\/\/para-pharmacity.tn\/index.php?rest_route=\/wp\/v2\/product\/16764\/revisions\/22803"}],"wp:featuredmedia":[{"embeddable":true,"href":"https:\/\/para-pharmacity.tn\/index.php?rest_route=\/wp\/v2\/media\/22802"}],"wp:attachment":[{"href":"https:\/\/para-pharmacity.tn\/index.php?rest_route=%2Fwp%2Fv2%2Fmedia&parent=16764"}],"wp:term":[{"taxonomy":"product_cat","embeddable":true,"href":"https:\/\/para-pharmacity.tn\/index.php?rest_route=%2Fwp%2Fv2%2Fproduct_cat&post=16764"},{"taxonomy":"product_tag","embeddable":true,"href":"https:\/\/para-pharmacity.tn\/index.php?rest_route=%2Fwp%2Fv2%2Fproduct_tag&post=16764"}],"curies":[{"name":"wp","href":"https:\/\/api.w.org\/{rel}","templated":true}]}}