{"id":16763,"date":"2024-07-10T22:59:03","date_gmt":"2024-07-10T22:59:03","guid":{"rendered":"https:\/\/para-pharmacity.tn\/?product=dermedic-hyd-3-eau-mic-200-ml"},"modified":"2024-07-22T13:31:38","modified_gmt":"2024-07-22T13:31:38","slug":"dermedic-hyd-3-eau-mic-200-ml","status":"publish","type":"product","link":"https:\/\/para-pharmacity.tn\/?product=dermedic-hyd-3-eau-mic-200-ml","title":{"rendered":"DERMEDIC HYD 3 EAU MIC 200 ML"},"content":{"rendered":"<h4>DERMEDIC HYDRAIN 3 EAU MICELLAIRE 200 ML<\/h4>\n<p>Il enl\u00e8ve le maquillage et toutes les impuret\u00e9s, vous laissant une sensation de fra\u00eecheur et de propret\u00e9 Il adoucit et maintient l\u2019hydratation de la couche corn\u00e9e Il ne bouche pas les pores et laisse le film sur la peau Il n\u2019irrite pas les yeux Test\u00e9 ophtalmologiquement hypoallerg\u00e9nique<\/p>\n","protected":false},"excerpt":{"rendered":"<p>DERMEDIC HYDRAIN 3 EAU MICELLAIRE 200 ML Il enl\u00e8ve le maquillage et toutes les impuret\u00e9s, vous laissant une sensation de<\/p>\n","protected":false},"featured_media":22799,"comment_status":"open","ping_status":"closed","template":"","meta":[],"product_cat":[20],"product_tag":[],"class_list":{"0":"post-16763","1":"product","2":"type-product","3":"status-publish","4":"has-post-thumbnail","6":"product_cat-accessories","8":"first","9":"instock","10":"shipping-taxable","11":"product-type-simple"},"jetpack_sharing_enabled":true,"_links":{"self":[{"href":"https:\/\/para-pharmacity.tn\/index.php?rest_route=\/wp\/v2\/product\/16763","targetHints":{"allow":["GET"]}}],"collection":[{"href":"https:\/\/para-pharmacity.tn\/index.php?rest_route=\/wp\/v2\/product"}],"about":[{"href":"https:\/\/para-pharmacity.tn\/index.php?rest_route=\/wp\/v2\/types\/product"}],"replies":[{"embeddable":true,"href":"https:\/\/para-pharmacity.tn\/index.php?rest_route=%2Fwp%2Fv2%2Fcomments&post=16763"}],"version-history":[{"count":2,"href":"https:\/\/para-pharmacity.tn\/index.php?rest_route=\/wp\/v2\/product\/16763\/revisions"}],"predecessor-version":[{"id":22800,"href":"https:\/\/para-pharmacity.tn\/index.php?rest_route=\/wp\/v2\/product\/16763\/revisions\/22800"}],"wp:featuredmedia":[{"embeddable":true,"href":"https:\/\/para-pharmacity.tn\/index.php?rest_route=\/wp\/v2\/media\/22799"}],"wp:attachment":[{"href":"https:\/\/para-pharmacity.tn\/index.php?rest_route=%2Fwp%2Fv2%2Fmedia&parent=16763"}],"wp:term":[{"taxonomy":"product_cat","embeddable":true,"href":"https:\/\/para-pharmacity.tn\/index.php?rest_route=%2Fwp%2Fv2%2Fproduct_cat&post=16763"},{"taxonomy":"product_tag","embeddable":true,"href":"https:\/\/para-pharmacity.tn\/index.php?rest_route=%2Fwp%2Fv2%2Fproduct_tag&post=16763"}],"curies":[{"name":"wp","href":"https:\/\/api.w.org\/{rel}","templated":true}]}}