{"id":16762,"date":"2024-07-10T22:59:03","date_gmt":"2024-07-10T22:59:03","guid":{"rendered":"https:\/\/para-pharmacity.tn\/?product=dermedic-hyd-3-cr-hydr-jour-spf15"},"modified":"2024-07-22T13:27:21","modified_gmt":"2024-07-22T13:27:21","slug":"dermedic-hyd-3-cr-hydr-jour-spf15","status":"publish","type":"product","link":"https:\/\/para-pharmacity.tn\/?product=dermedic-hyd-3-cr-hydr-jour-spf15","title":{"rendered":"DERMEDIC HYD 3 CR HYDR JOUR SPF15"},"content":{"rendered":"<div id=\"content-wrapper\">\n<section id=\"main\">\n<div class=\"tabs style_0\">\n<div class=\"tab-content\">\n<div id=\"description\" class=\"tab-pane fade in active\" role=\"tabpanel\">\n<div class=\"product-description opened\">\n<p>Restaure la capacit\u00e9 naturelle de la peau \u00e0 se r\u00e9hydrater et \u00e0 retenir l&rsquo;eau dans l&rsquo;\u00e9piderme (r\u00e9duit la perte de poids).<\/p>\n<p>La peau devient plus lisse<\/p>\n<p>Prot\u00e8ge des rayons UVA et UVB &#8211; SPF 15<\/p>\n<p>Ne pas obstruer les pores<\/p>\n<p>Id\u00e9al comme base de maquillage<\/p>\n<p>Hypoallerg\u00e9nique<\/p>\n<h2>Conseils d&rsquo;utilisation<\/h2>\n<p>Appliquez sur la peau pr\u00e9alablement nettoy\u00e9e et massez en faisant des mouvements circulaires.<\/p>\n<h2>Composition<\/h2>\n<p>Eau thermale, Acide hyaluronique, Hydroveg VV, Filtres de protection UVA, UVB &#8211; SPF 15, Glyc\u00e9rine, Allanto\u00efne, Ur\u00e9e<\/p>\n<\/div>\n<\/div>\n<\/div>\n<\/div>\n<\/section>\n<\/div>\n","protected":false},"excerpt":{"rendered":"<p>Restaure la capacit\u00e9 naturelle de la peau \u00e0 se r\u00e9hydrater et \u00e0 retenir l&rsquo;eau dans l&rsquo;\u00e9piderme (r\u00e9duit la perte de<\/p>\n","protected":false},"featured_media":22795,"comment_status":"open","ping_status":"closed","template":"","meta":[],"product_cat":[20],"product_tag":[],"class_list":{"0":"post-16762","1":"product","2":"type-product","3":"status-publish","4":"has-post-thumbnail","6":"product_cat-accessories","8":"first","9":"instock","10":"shipping-taxable","11":"product-type-simple"},"jetpack_sharing_enabled":true,"_links":{"self":[{"href":"https:\/\/para-pharmacity.tn\/index.php?rest_route=\/wp\/v2\/product\/16762","targetHints":{"allow":["GET"]}}],"collection":[{"href":"https:\/\/para-pharmacity.tn\/index.php?rest_route=\/wp\/v2\/product"}],"about":[{"href":"https:\/\/para-pharmacity.tn\/index.php?rest_route=\/wp\/v2\/types\/product"}],"replies":[{"embeddable":true,"href":"https:\/\/para-pharmacity.tn\/index.php?rest_route=%2Fwp%2Fv2%2Fcomments&post=16762"}],"version-history":[{"count":2,"href":"https:\/\/para-pharmacity.tn\/index.php?rest_route=\/wp\/v2\/product\/16762\/revisions"}],"predecessor-version":[{"id":22797,"href":"https:\/\/para-pharmacity.tn\/index.php?rest_route=\/wp\/v2\/product\/16762\/revisions\/22797"}],"wp:featuredmedia":[{"embeddable":true,"href":"https:\/\/para-pharmacity.tn\/index.php?rest_route=\/wp\/v2\/media\/22795"}],"wp:attachment":[{"href":"https:\/\/para-pharmacity.tn\/index.php?rest_route=%2Fwp%2Fv2%2Fmedia&parent=16762"}],"wp:term":[{"taxonomy":"product_cat","embeddable":true,"href":"https:\/\/para-pharmacity.tn\/index.php?rest_route=%2Fwp%2Fv2%2Fproduct_cat&post=16762"},{"taxonomy":"product_tag","embeddable":true,"href":"https:\/\/para-pharmacity.tn\/index.php?rest_route=%2Fwp%2Fv2%2Fproduct_tag&post=16762"}],"curies":[{"name":"wp","href":"https:\/\/api.w.org\/{rel}","templated":true}]}}