{"id":16761,"date":"2024-07-10T22:59:03","date_gmt":"2024-07-10T22:59:03","guid":{"rendered":"https:\/\/para-pharmacity.tn\/?product=dermedic-hyd-3-cr-hyd-corps-225ml"},"modified":"2024-07-22T13:21:50","modified_gmt":"2024-07-22T13:21:50","slug":"dermedic-hyd-3-cr-hyd-corps-225ml","status":"publish","type":"product","link":"https:\/\/para-pharmacity.tn\/?product=dermedic-hyd-3-cr-hyd-corps-225ml","title":{"rendered":"DERMEDIC HYD 3 CR HYD CORPS 225ML"},"content":{"rendered":"<p>Hydrate profond\u00e9ment et durablement. Procure un soulagement imm\u00e9diat et r\u00e9duit la sensation de tiraillement. R\u00e9tablit le bon fonctionnement de la barri\u00e8re protectrice de l&rsquo;\u00e9piderme. A l&rsquo;eau thermale. Indications : Pour le soin de la peau de tout le corps, y compris les peaux tr\u00e8s s\u00e8ches, rugueuses et squameuses.<\/p>\n","protected":false},"excerpt":{"rendered":"<p>Hydrate profond\u00e9ment et durablement. Procure un soulagement imm\u00e9diat et r\u00e9duit la sensation de tiraillement. R\u00e9tablit le bon fonctionnement de la<\/p>\n","protected":false},"featured_media":22793,"comment_status":"open","ping_status":"closed","template":"","meta":[],"product_cat":[20],"product_tag":[],"class_list":{"0":"post-16761","1":"product","2":"type-product","3":"status-publish","4":"has-post-thumbnail","6":"product_cat-accessories","8":"first","9":"instock","10":"shipping-taxable","11":"product-type-simple"},"jetpack_sharing_enabled":true,"_links":{"self":[{"href":"https:\/\/para-pharmacity.tn\/index.php?rest_route=\/wp\/v2\/product\/16761","targetHints":{"allow":["GET"]}}],"collection":[{"href":"https:\/\/para-pharmacity.tn\/index.php?rest_route=\/wp\/v2\/product"}],"about":[{"href":"https:\/\/para-pharmacity.tn\/index.php?rest_route=\/wp\/v2\/types\/product"}],"replies":[{"embeddable":true,"href":"https:\/\/para-pharmacity.tn\/index.php?rest_route=%2Fwp%2Fv2%2Fcomments&post=16761"}],"version-history":[{"count":1,"href":"https:\/\/para-pharmacity.tn\/index.php?rest_route=\/wp\/v2\/product\/16761\/revisions"}],"predecessor-version":[{"id":22794,"href":"https:\/\/para-pharmacity.tn\/index.php?rest_route=\/wp\/v2\/product\/16761\/revisions\/22794"}],"wp:featuredmedia":[{"embeddable":true,"href":"https:\/\/para-pharmacity.tn\/index.php?rest_route=\/wp\/v2\/media\/22793"}],"wp:attachment":[{"href":"https:\/\/para-pharmacity.tn\/index.php?rest_route=%2Fwp%2Fv2%2Fmedia&parent=16761"}],"wp:term":[{"taxonomy":"product_cat","embeddable":true,"href":"https:\/\/para-pharmacity.tn\/index.php?rest_route=%2Fwp%2Fv2%2Fproduct_cat&post=16761"},{"taxonomy":"product_tag","embeddable":true,"href":"https:\/\/para-pharmacity.tn\/index.php?rest_route=%2Fwp%2Fv2%2Fproduct_tag&post=16761"}],"curies":[{"name":"wp","href":"https:\/\/api.w.org\/{rel}","templated":true}]}}