{"id":16760,"date":"2024-07-10T22:59:02","date_gmt":"2024-07-10T22:59:02","guid":{"rendered":"https:\/\/para-pharmacity.tn\/?product=dermedic-hyd-3-cr-hyd-anti-age-nuit"},"modified":"2024-07-22T13:18:38","modified_gmt":"2024-07-22T13:18:38","slug":"dermedic-hyd-3-cr-hyd-anti-age-nuit","status":"publish","type":"product","link":"https:\/\/para-pharmacity.tn\/?product=dermedic-hyd-3-cr-hyd-anti-age-nuit","title":{"rendered":"DERMEDIC HYD 3 CR HYD ANTI AGE NUIT"},"content":{"rendered":"<p>Cettte Cr\u00e9me Dermedic Hydrain 3 de nuit Anti-Age permet de r\u00e9duire les rides, am\u00e9liorer la fermet\u00e9 et l&rsquo;\u00e9lasticit\u00e9 de la peau et stimuler la synth\u00e8se d\u2019\u00e9lastine et de collag\u00e8ne de types I et IV, am\u00e9liorant la fermet\u00e9 de la peau<\/p>\n<p>DERMEDIC HYDRAIN 3 Cr\u00e8me de Nuit contient une quantit\u00e9 concentr\u00e9e d&rsquo;ingr\u00e9dients actifs, ayant un effet rajeunissant et nourrissant<\/p>\n<p>Cette Cr\u00e9me Hydratante de Nuit Dermedic aide \u00e0 am\u00e9liorer l\u2019\u00e9tat de la peau et emp\u00eacher la perte d&rsquo;eau de l&rsquo;\u00e9piderme<\/p>\n<p>R\u00e9duit les rides, am\u00e9liore la tension et tonifie<\/p>\n<p>Lipomoist &#8211; un complexe de phytopolym\u00e8res sous la forme d&rsquo;un film mol\u00e9culaire aux propri\u00e9t\u00e9s hydratantes et \u00e9lastifiantes uniques de la peau avec une glycoprot\u00e9ine du fond de l&rsquo;oc\u00e9an ferm\u00e9e \u00e0 l&rsquo;int\u00e9rieur. Il stimule la production de k\u00e9ratinocytes et augmente la fusion des fibroblastes, entra\u00eenant un renforcement de la peau. Il stimule la synth\u00e8se d&rsquo;\u00e9lastine et de collag\u00e8ne de type I et IV, am\u00e9liorant la fermet\u00e9 de la peau. Apr\u00e8s 30 jours d&rsquo;utilisation, la peau se r\u00e9g\u00e9n\u00e8re et les rides sont r\u00e9duites de 18%.<\/p>\n","protected":false},"excerpt":{"rendered":"<p><strong>Substances actives: Eau thermale, Acide hyaluronique, Huile d&rsquo;argan, Lipomoist, Beurre de karit\u00e9, Acides gras insatur\u00e9s: Omega 3, Omega 6, Omega 9, Vitamine E<\/strong><\/p>\n","protected":false},"featured_media":22790,"comment_status":"open","ping_status":"closed","template":"","meta":[],"product_cat":[20],"product_tag":[],"class_list":{"0":"post-16760","1":"product","2":"type-product","3":"status-publish","4":"has-post-thumbnail","6":"product_cat-accessories","8":"first","9":"instock","10":"shipping-taxable","11":"product-type-simple"},"jetpack_sharing_enabled":true,"_links":{"self":[{"href":"https:\/\/para-pharmacity.tn\/index.php?rest_route=\/wp\/v2\/product\/16760","targetHints":{"allow":["GET"]}}],"collection":[{"href":"https:\/\/para-pharmacity.tn\/index.php?rest_route=\/wp\/v2\/product"}],"about":[{"href":"https:\/\/para-pharmacity.tn\/index.php?rest_route=\/wp\/v2\/types\/product"}],"replies":[{"embeddable":true,"href":"https:\/\/para-pharmacity.tn\/index.php?rest_route=%2Fwp%2Fv2%2Fcomments&post=16760"}],"version-history":[{"count":2,"href":"https:\/\/para-pharmacity.tn\/index.php?rest_route=\/wp\/v2\/product\/16760\/revisions"}],"predecessor-version":[{"id":22792,"href":"https:\/\/para-pharmacity.tn\/index.php?rest_route=\/wp\/v2\/product\/16760\/revisions\/22792"}],"wp:featuredmedia":[{"embeddable":true,"href":"https:\/\/para-pharmacity.tn\/index.php?rest_route=\/wp\/v2\/media\/22790"}],"wp:attachment":[{"href":"https:\/\/para-pharmacity.tn\/index.php?rest_route=%2Fwp%2Fv2%2Fmedia&parent=16760"}],"wp:term":[{"taxonomy":"product_cat","embeddable":true,"href":"https:\/\/para-pharmacity.tn\/index.php?rest_route=%2Fwp%2Fv2%2Fproduct_cat&post=16760"},{"taxonomy":"product_tag","embeddable":true,"href":"https:\/\/para-pharmacity.tn\/index.php?rest_route=%2Fwp%2Fv2%2Fproduct_tag&post=16760"}],"curies":[{"name":"wp","href":"https:\/\/api.w.org\/{rel}","templated":true}]}}